{"id":43608,"date":"2022-05-29T10:41:59","date_gmt":"2022-05-29T08:41:59","guid":{"rendered":"https:\/\/bojungle.eu\/shop\/product\/corrimano-grigio\/"},"modified":"2025-05-14T15:44:45","modified_gmt":"2025-05-14T13:44:45","slug":"corrimano-grigio","status":"publish","type":"product","link":"https:\/\/www.bojungle.eu\/it\/prodotto\/corrimano-grigio\/","title":{"rendered":"Corrimano grigio"},"content":{"rendered":"<p>La nostra spondina per letto grigia \u00e8 il connubio perfetto tra sicurezza e raffinatezza per tenere al sicuro il vostro piccolo durante le avventure del sonno! Realizzata con la massima cura e attenzione ai dettagli, questa spondina \u00e8 stata progettata per completare l\u2019arredamento di qualsiasi cameretta con i suoi toni morbidi e neutri del grigio. <\/p>\n<p>La sicurezza incontra lo stile con il nostro design giocoso, caratterizzato da accenti sottili ma affascinanti che aggiungono un tocco di estrosit\u00e0 allo spazio del sonno del vostro bambino. Che si tratti di storie della buonanotte o di giochi fantasiosi, il vostro bambino sar\u00e0 sempre al sicuro. <\/p>\n<p>La praticit\u00e0 \u00e8 fondamentale, ecco perch\u00e9 la nostra sponda per letto grigia \u00e8 facilmente ripiegabile per essere riposta e trasportata senza problemi. Inoltre, i tessuti sono rimovibili e quindi lavabili. <\/p>\n<p>Costruita per durare nel tempo, la nostra spondina vanta un telaio robusto che offre un sostegno affidabile, garantendo la massima tranquillit\u00e0 mentre il vostro piccolo dorme serenamente durante la notte. Con dimensioni di 120 cm di lunghezza x 50 cm di altezza, \u00e8 la misura perfetta per adattarsi perfettamente alla configurazione del letto del vostro bambino. <\/p>\n<p>Tenete il bambino al sicuro con stile con la nostra sponda per il letto grigia, perch\u00e9 una buona notte di sonno inizia con la pace della mente.<\/p>\n<ul>\n<li>Tenete il bambino al sicuro con stile!<\/li>\n<li>Colori tenui e neutri<\/li>\n<li>Design giocoso<\/li>\n<li>Facilmente ripiegabile<\/li>\n<li>Tessuti di lusso rimovibili e lavabili in lavatrice<\/li>\n<li>Telaio robusto<\/li>\n<\/ul>\n<p>&nbsp;<\/p>\n<table border=\"1\">\n<tbody>\n<tr>\n<td>Manuale<\/td>\n<td><a href=\"https:\/\/www.bojungle.eu\/wp-content\/uploads\/2025\/05\/B-Bedrail-Manual.pdf\" target=\"_blank\" rel=\"noopener\">Clicca qui<\/a><\/td>\n<\/tr>\n<\/tbody>\n<\/table>\n","protected":false},"excerpt":{"rendered":"<div class=\"w-full text-token-text-primary\" data-testid=\"conversation-turn-5\">\n<div class=\"px-4 py-2 justify-center text-base md:gap-6 m-auto\">\n<div class=\"flex flex-1 text-base mx-auto gap-3 md:px-5 lg:px-1 xl:px-5 md:max-w-3xl lg:max-w-[40rem] xl:max-w-[48rem] group final-completion\">\n<div class=\"relative flex w-full flex-col agent-turn\">\n<div class=\"flex-col gap-1 md:gap-3\">\n<div class=\"flex flex-grow flex-col max-w-full\">\n<div class=\"min-h-[20px] text-message flex flex-col items-start gap-3 whitespace-pre-wrap break-words [.text-message+&amp;]:mt-5 overflow-x-auto\" data-message-author-role=\"assistant\" data-message-id=\"53f57814-90c3-4128-9578-79dd45938ba9\">\n<div class=\"markdown prose w-full break-words dark:prose-invert light\">\n<p>Il Bedrail Grey \u00e8 un perfetto connubio tra sicurezza e stile per il sonno del vostro piccolo. Con colori tenui e neutri e un design giocoso, \u00e8 allo stesso tempo affascinante e pratico. Facilmente ripiegabile per essere riposto, \u00e8 dotato di tessuti di lusso rimovibili e lavabili in lavatrice ed \u00e8 costruito con un telaio robusto per un sostegno affidabile. Tenete il vostro bambino al sicuro e comodo con stile!   <\/p>\n<\/div>\n<\/div>\n<\/div>\n<div class=\"mt-1 flex justify-start gap-3 empty:hidden\">\n<div class=\"text-gray-400 flex self-end lg:self-center justify-center lg:justify-start mt-0 -ml-1 h-7 visible\">\n<p>&nbsp;<\/p>\n<div class=\"flex items-center gap-1.5 text-xs\"><\/div>\n<div class=\"flex\"><\/div>\n<\/div>\n<\/div>\n<\/div>\n<\/div>\n<\/div>\n<\/div>\n<\/div>\n<div class=\"mx-auto\">\n<div>\n<div class=\"mx-auto mt-2 inline-flex rounded-xl border border-gray-100 dark:border-gray-700\"><\/div>\n<\/div>\n<\/div>\n","protected":false},"featured_media":66841,"comment_status":"closed","ping_status":"closed","template":"","meta":{"_lmt_disableupdate":"","_lmt_disable":""},"product_brand":[],"product_cat":[538],"product_tag":[],"woo-feed-brand":[],"class_list":{"0":"post-43608","1":"product","2":"type-product","3":"status-publish","4":"has-post-thumbnail","6":"product_cat-dormire","8":"first","9":"instock","10":"taxable","11":"shipping-taxable","12":"purchasable","13":"product-type-simple"},"_links":{"self":[{"href":"https:\/\/www.bojungle.eu\/it\/wp-json\/wp\/v2\/product\/43608","targetHints":{"allow":["GET"]}}],"collection":[{"href":"https:\/\/www.bojungle.eu\/it\/wp-json\/wp\/v2\/product"}],"about":[{"href":"https:\/\/www.bojungle.eu\/it\/wp-json\/wp\/v2\/types\/product"}],"replies":[{"embeddable":true,"href":"https:\/\/www.bojungle.eu\/it\/wp-json\/wp\/v2\/comments?post=43608"}],"version-history":[{"count":2,"href":"https:\/\/www.bojungle.eu\/it\/wp-json\/wp\/v2\/product\/43608\/revisions"}],"predecessor-version":[{"id":79715,"href":"https:\/\/www.bojungle.eu\/it\/wp-json\/wp\/v2\/product\/43608\/revisions\/79715"}],"wp:featuredmedia":[{"embeddable":true,"href":"https:\/\/www.bojungle.eu\/it\/wp-json\/wp\/v2\/media\/66841"}],"wp:attachment":[{"href":"https:\/\/www.bojungle.eu\/it\/wp-json\/wp\/v2\/media?parent=43608"}],"wp:term":[{"taxonomy":"product_brand","embeddable":true,"href":"https:\/\/www.bojungle.eu\/it\/wp-json\/wp\/v2\/product_brand?post=43608"},{"taxonomy":"product_cat","embeddable":true,"href":"https:\/\/www.bojungle.eu\/it\/wp-json\/wp\/v2\/product_cat?post=43608"},{"taxonomy":"product_tag","embeddable":true,"href":"https:\/\/www.bojungle.eu\/it\/wp-json\/wp\/v2\/product_tag?post=43608"},{"taxonomy":"woo-feed-brand","embeddable":true,"href":"https:\/\/www.bojungle.eu\/it\/wp-json\/wp\/v2\/woo-feed-brand?post=43608"}],"curies":[{"name":"wp","href":"https:\/\/api.w.org\/{rel}","templated":true}]}}