{"id":43664,"date":"2022-05-29T10:34:57","date_gmt":"2022-05-29T08:34:57","guid":{"rendered":"https:\/\/bojungle.eu\/shop\/product\/forme-di-schiuma-b-bath-36-pezzi\/"},"modified":"2024-04-15T16:49:54","modified_gmt":"2024-04-15T14:49:54","slug":"b-schiuma-forma-36-pz","status":"publish","type":"product","link":"https:\/\/www.bojungle.eu\/it\/prodotto\/b-schiuma-forma-36-pz\/","title":{"rendered":"Forme di schiuma B-Bath (36 pezzi)"},"content":{"rendered":"<p>Preparatevi al divertimento con le forme di schiuma da bagno! Con ben 36 forme e colori diversi, l&#8217;ora del bagno \u00e8 appena diventata pi\u00f9 eccitante. Il bambino pu\u00f2 attaccarle alle piastrelle o alla vasca per avere ancora pi\u00f9 possibilit\u00e0 di gioco. Immaginate di costruire un muro pieno di forme di schiuma: le possibilit\u00e0 sono infinite! E non preoccupatevi, queste forme di schiuma sono super sicure e soddisfano gli standard europei di qualit\u00e0. Quindi, perch\u00e9 accontentarsi di un momento noioso per il bagno quando si pu\u00f2 fare il botto con le nostre forme di schiuma B-Bath? Che l&#8217;avventura abbia inizio!  <\/p>\n","protected":false},"excerpt":{"rendered":"<div class=\"w-full text-token-text-primary\" dir=\"auto\" data-testid=\"conversation-turn-5\">\n<div class=\"px-4 py-2 justify-center text-base md:gap-6 m-auto\">\n<div class=\"flex flex-1 text-base mx-auto gap-3 juice:gap-4 juice:md:gap-6 md:px-5 lg:px-1 xl:px-5 md:max-w-3xl lg:max-w-[40rem] xl:max-w-[48rem] group\">\n<div class=\"relative flex w-full flex-col agent-turn\">\n<div class=\"flex-col gap-1 md:gap-3\">\n<div class=\"flex flex-grow flex-col max-w-full\">\n<div class=\"min-h-[20px] text-message flex flex-col items-start gap-3 whitespace-pre-wrap break-words [.text-message+&amp;]:mt-5 overflow-x-auto\" dir=\"auto\" data-message-author-role=\"assistant\" data-message-id=\"f0d0dcbb-d22c-4ec2-983d-4ad5d7971b3e\">\n<div class=\"markdown prose w-full break-words dark:prose-invert light\">\n<p>Scoprite le nostre forme di schiuma da bagno! Con 36 forme e colori diversi, rendono il momento del bagno super divertente. Il bambino pu\u00f2 attaccarle alle piastrelle o alla vasca per avere ancora pi\u00f9 possibilit\u00e0 di gioco. Inoltre, sono super sicuri e conformi agli standard europei. Lasciate che l&#8217;immaginazione fluisca e godetevi il momento del bagno come mai prima d&#8217;ora!    <\/p>\n<\/div>\n<\/div>\n<\/div>\n<\/div>\n<\/div>\n<\/div>\n<\/div>\n<\/div>\n","protected":false},"featured_media":73693,"comment_status":"closed","ping_status":"closed","template":"","meta":{"_lmt_disableupdate":"","_lmt_disable":""},"product_brand":[],"product_cat":[521,469,520],"product_tag":[],"woo-feed-brand":[],"class_list":{"0":"post-43664","1":"product","2":"type-product","3":"status-publish","4":"has-post-thumbnail","6":"product_cat-giocattoli-da-bagno","7":"product_cat-tempo-di-gioco","8":"product_cat-toelettatura","10":"first","11":"instock","12":"taxable","13":"shipping-taxable","14":"purchasable","15":"product-type-simple"},"_links":{"self":[{"href":"https:\/\/www.bojungle.eu\/it\/wp-json\/wp\/v2\/product\/43664","targetHints":{"allow":["GET"]}}],"collection":[{"href":"https:\/\/www.bojungle.eu\/it\/wp-json\/wp\/v2\/product"}],"about":[{"href":"https:\/\/www.bojungle.eu\/it\/wp-json\/wp\/v2\/types\/product"}],"replies":[{"embeddable":true,"href":"https:\/\/www.bojungle.eu\/it\/wp-json\/wp\/v2\/comments?post=43664"}],"version-history":[{"count":1,"href":"https:\/\/www.bojungle.eu\/it\/wp-json\/wp\/v2\/product\/43664\/revisions"}],"predecessor-version":[{"id":73793,"href":"https:\/\/www.bojungle.eu\/it\/wp-json\/wp\/v2\/product\/43664\/revisions\/73793"}],"wp:featuredmedia":[{"embeddable":true,"href":"https:\/\/www.bojungle.eu\/it\/wp-json\/wp\/v2\/media\/73693"}],"wp:attachment":[{"href":"https:\/\/www.bojungle.eu\/it\/wp-json\/wp\/v2\/media?parent=43664"}],"wp:term":[{"taxonomy":"product_brand","embeddable":true,"href":"https:\/\/www.bojungle.eu\/it\/wp-json\/wp\/v2\/product_brand?post=43664"},{"taxonomy":"product_cat","embeddable":true,"href":"https:\/\/www.bojungle.eu\/it\/wp-json\/wp\/v2\/product_cat?post=43664"},{"taxonomy":"product_tag","embeddable":true,"href":"https:\/\/www.bojungle.eu\/it\/wp-json\/wp\/v2\/product_tag?post=43664"},{"taxonomy":"woo-feed-brand","embeddable":true,"href":"https:\/\/www.bojungle.eu\/it\/wp-json\/wp\/v2\/woo-feed-brand?post=43664"}],"curies":[{"name":"wp","href":"https:\/\/api.w.org\/{rel}","templated":true}]}}