{"id":43812,"date":"2022-05-29T10:22:18","date_gmt":"2022-05-29T08:22:18","guid":{"rendered":"https:\/\/bojungle.eu\/shop\/product\/puzzle-b-animal-3-pezzi-panda-elefante-leone\/"},"modified":"2024-02-12T10:24:51","modified_gmt":"2024-02-12T09:24:51","slug":"b-animale-puzzle-3-pz-panda-olifant-leeuw","status":"publish","type":"product","link":"https:\/\/www.bojungle.eu\/it\/prodotto\/b-animale-puzzle-3-pz-panda-olifant-leeuw\/","title":{"rendered":"Puzzle B-Animal (3 pezzi) Panda &#8211; Elefante &#8211; Leone"},"content":{"rendered":"<p>Le forme creative e multicolori di questi giocattoli da bagno stimoleranno l&#8217;immaginazione del bambino e renderanno pi\u00f9 piacevole il momento del bagno.<\/p>\n<ul>\n<li>Divertenti puzzle di animali per i pi\u00f9 piccoli<\/li>\n<li>Pu\u00f2 essere attaccato alle piastrelle o alla vasca da bagno<\/li>\n<li>Ogni animale ha 4 grandi parti da assemblare<\/li>\n<li>3 animali in ogni confezione<\/li>\n<li>Realizzato in schiuma<\/li>\n<li>Conforme ai pi\u00f9 severi standard europei per la sicurezza e la qualit\u00e0<\/li>\n<li>Et\u00e0: 36m+<\/li>\n<\/ul>\n","protected":false},"excerpt":{"rendered":"<p>Scoprite i nostri fantastici giocattoli da bagno in schiuma con puzzle di animali! Queste forme affascinanti accenderanno l&#8217;immaginazione del bambino e trasformeranno il momento del bagno in un&#8217;avventura emozionante. Progettati con divertenti puzzle di animali, questi giocattoli sono perfetti per i pi\u00f9 piccoli che amano esplorare e imparare giocando. Realizzati pensando alla sicurezza e al divertimento, ogni pezzo del puzzle \u00e8 realizzato in morbido materiale espanso, per garantire un&#8217;esperienza di gioco delicata e confortevole. Questi puzzle non sono solo divertenti ma anche educativi, in quanto incoraggiano lo sviluppo cognitivo e la motricit\u00e0 fine mentre i bambini assemblano i pezzi. Si possono anche attaccare alle pareti del bagno. Ogni animale \u00e8 dotato di quattro grandi parti da assemblare, che lo rendono facile da manipolare e assemblare per le piccole mani. Inoltre, con tre diversi animali inclusi in ogni confezione, c&#8217;\u00e8 molta variet\u00e0 per tenere impegnato il bambino. I nostri giocattoli da bagno in schiuma animale sono conformi ai pi\u00f9 severi standard europei in materia di sicurezza e qualit\u00e0, per garantire la massima tranquillit\u00e0 ai genitori. Adatti per bambini a partire dai 36 mesi di et\u00e0, questi giochi da bagno renderanno il momento del bagnetto un&#8217;esperienza divertente e arricchente per il vostro piccolo.  <\/p>\n","protected":false},"featured_media":65513,"comment_status":"closed","ping_status":"closed","template":"","meta":{"_lmt_disableupdate":"","_lmt_disable":""},"product_brand":[],"product_cat":[521,469,520],"product_tag":[],"woo-feed-brand":[],"class_list":{"0":"post-43812","1":"product","2":"type-product","3":"status-publish","4":"has-post-thumbnail","6":"product_cat-giocattoli-da-bagno","7":"product_cat-tempo-di-gioco","8":"product_cat-toelettatura","10":"first","11":"instock","12":"taxable","13":"shipping-taxable","14":"purchasable","15":"product-type-simple"},"_links":{"self":[{"href":"https:\/\/www.bojungle.eu\/it\/wp-json\/wp\/v2\/product\/43812","targetHints":{"allow":["GET"]}}],"collection":[{"href":"https:\/\/www.bojungle.eu\/it\/wp-json\/wp\/v2\/product"}],"about":[{"href":"https:\/\/www.bojungle.eu\/it\/wp-json\/wp\/v2\/types\/product"}],"replies":[{"embeddable":true,"href":"https:\/\/www.bojungle.eu\/it\/wp-json\/wp\/v2\/comments?post=43812"}],"version-history":[{"count":1,"href":"https:\/\/www.bojungle.eu\/it\/wp-json\/wp\/v2\/product\/43812\/revisions"}],"predecessor-version":[{"id":65605,"href":"https:\/\/www.bojungle.eu\/it\/wp-json\/wp\/v2\/product\/43812\/revisions\/65605"}],"wp:featuredmedia":[{"embeddable":true,"href":"https:\/\/www.bojungle.eu\/it\/wp-json\/wp\/v2\/media\/65513"}],"wp:attachment":[{"href":"https:\/\/www.bojungle.eu\/it\/wp-json\/wp\/v2\/media?parent=43812"}],"wp:term":[{"taxonomy":"product_brand","embeddable":true,"href":"https:\/\/www.bojungle.eu\/it\/wp-json\/wp\/v2\/product_brand?post=43812"},{"taxonomy":"product_cat","embeddable":true,"href":"https:\/\/www.bojungle.eu\/it\/wp-json\/wp\/v2\/product_cat?post=43812"},{"taxonomy":"product_tag","embeddable":true,"href":"https:\/\/www.bojungle.eu\/it\/wp-json\/wp\/v2\/product_tag?post=43812"},{"taxonomy":"woo-feed-brand","embeddable":true,"href":"https:\/\/www.bojungle.eu\/it\/wp-json\/wp\/v2\/woo-feed-brand?post=43812"}],"curies":[{"name":"wp","href":"https:\/\/api.w.org\/{rel}","templated":true}]}}