{"id":44641,"date":"2023-05-03T12:40:37","date_gmt":"2023-05-03T10:40:37","guid":{"rendered":"https:\/\/bojungle.eu\/shop\/product\/b-bilancia-digitale-per-neonati\/"},"modified":"2025-05-27T16:37:15","modified_gmt":"2025-05-27T14:37:15","slug":"b-digital-baby-scale","status":"publish","type":"product","link":"https:\/\/www.bojungle.eu\/it\/prodotto\/b-digital-baby-scale\/","title":{"rendered":"B-Bilancia digitale per neonati"},"content":{"rendered":"<p>Ecco la nostra bilancia digitale per neonati, lo strumento perfetto per i genitori che desiderano monitorare la crescita del proprio bambino con precisione e facilit\u00e0. Progettata specificamente per pesare neonati e prematuri, questa bilancia elettronica \u00e8 uno strumento essenziale per seguire lo sviluppo del vostro piccolo. <\/p>\n<p>Con una capacit\u00e0 di peso massima di 20 kg e un&#8217;accuratezza di d=0,005 kg, potete contare su letture affidabili e precise. Niente pi\u00f9 congetture o stime: avrete dati precisi a portata di mano. <\/p>\n<p>Ci\u00f2 che distingue la nostra bilancia digitale per neonati \u00e8 la sua comoda connettivit\u00e0. \u00c8 sufficiente scaricare la nostra app di facile utilizzo e connettersi via Bluetooth per seguire i progressi del vostro bambino. Che si tratti di monitorare l&#8217;aumento di peso o di assicurarsi che il piccolo raggiunga le tappe fondamentali, l&#8217;app consente di tenere sotto controllo il suo sviluppo.  <\/p>\n<p>Sappiamo che pesare un bambino, soprattutto se non riesce a stare fermo, pu\u00f2 essere una sfida. Ecco perch\u00e9 la nostra bilancia \u00e8 dotata di una funzione di blocco\/tenuta automatica. Ci\u00f2 significa che anche se il bambino si dimena o si muove, la bilancia blocca automaticamente il peso, rendendo il processo pi\u00f9 agevole e senza problemi.  <\/p>\n<p>Alimentata da 3 batterie AAA da 1,5 V (non incluse), la nostra bilancia digitale per neonati \u00e8 progettata per la massima praticit\u00e0. Che siate a casa o in viaggio, potete tenere facilmente traccia del peso del vostro bambino. <\/p>\n<p>Investite nella tranquillit\u00e0 che deriva dal sapere che la crescita del vostro bambino viene monitorata con precisione. Con la nostra bilancia digitale per neonati, avrete gli strumenti necessari per assicurarvi che il vostro piccolo stia crescendo bene in ogni momento. <\/p>\n<table border=\"1\">\n<tbody>\n<tr>\n<td>Manuale<\/td>\n<td><a href=\"https:\/\/www.bojungle.eu\/wp-content\/uploads\/2025\/05\/B400800-Handleiding.pdf\" target=\"_blank\" rel=\"noopener\">Clicca qui<\/a><\/td>\n<\/tr>\n<\/tbody>\n<\/table>\n","protected":false},"excerpt":{"rendered":"<div class=\"flex-1 overflow-hidden\">\n<div class=\"react-scroll-to-bottom--css-rdley-79elbk h-full\">\n<div class=\"react-scroll-to-bottom--css-rdley-1n7m0yu\">\n<div>\n<div class=\"flex flex-col text-sm pb-9\">\n<div class=\"w-full text-token-text-primary\" dir=\"auto\" data-testid=\"conversation-turn-7\" data-scroll-anchor=\"true\">\n<div class=\"px-4 py-2 justify-center text-base md:gap-6 m-auto\">\n<div class=\"flex flex-1 text-base mx-auto gap-3 juice:gap-4 juice:md:gap-6 md:px-5 lg:px-1 xl:px-5 md:max-w-3xl lg:max-w-[40rem] xl:max-w-[48rem]\">\n<div class=\"relative flex w-full min-w-0 flex-col agent-turn\">\n<div class=\"flex-col gap-1 md:gap-3\">\n<div class=\"flex flex-grow flex-col max-w-full\">\n<div class=\"min-h-[20px] text-message flex flex-col items-start gap-3 whitespace-pre-wrap break-words [.text-message+&amp;]:mt-5 overflow-x-auto\" dir=\"auto\" data-message-author-role=\"assistant\" data-message-id=\"01dae6c7-1aee-415b-b1ec-4492d1b64f46\">\n<div class=\"markdown prose w-full break-words dark:prose-invert light\">\n<p>Ti presentiamo la nostra bilancia pesaneonati digitale: il modo perfetto per controllare il peso del tuo bambino! \u00c8 ottimo per neonati e bambini piccoli, soprattutto se nati presto. Collegalo al tuo telefono tramite Bluetooth e monitora facilmente il peso del tuo bambino con la nostra app. Pu\u00f2 sostenere fino a 20 kg ed \u00e8 estremamente preciso. Anche se il tuo bambino si muove, blocca automaticamente il peso. Basta inserire tre batterie AAA (non incluse) e il gioco \u00e8 fatto! Tieni d&#8217;occhio la crescita del tuo piccolo con la nostra bilancia digitale per neonati.      <\/p>\n<\/div>\n<\/div>\n<\/div>\n<\/div>\n<div class=\"absolute\">\n<div class=\"flex w-full gap-2 items-center justify-center\"><\/div>\n<\/div>\n<\/div>\n<\/div>\n<\/div>\n<\/div>\n<\/div>\n<\/div>\n<\/div>\n<\/div>\n<\/div>\n<div class=\"w-full pt-2 md:pt-0 dark:border-white\/20 md:border-transparent md:dark:border-transparent md:w-[calc(100%-.5rem)] juice:w-full\">\n<form class=\"stretch flex flex-row gap-3 last:mb-2 md:last:mb-6 mx-2 md:mx-4 lg:mx-auto lg:max-w-2xl xl:max-w-3xl\">\n<div class=\"relative flex h-full max-w-full flex-1 flex-col\">\n<div class=\"absolute bottom-full left-0 right-0\"><\/div>\n<div class=\"flex w-full items-center\"><\/div>\n<\/div>\n<\/form>\n<\/div>\n","protected":false},"featured_media":69373,"comment_status":"closed","ping_status":"closed","template":"","meta":{"_lmt_disableupdate":"","_lmt_disable":""},"product_brand":[],"product_cat":[583,520],"product_tag":[],"woo-feed-brand":[],"class_list":{"0":"post-44641","1":"product","2":"type-product","3":"status-publish","4":"has-post-thumbnail","6":"product_cat-bellezza-e-salute-del-bambino","7":"product_cat-toelettatura","9":"first","10":"instock","11":"taxable","12":"shipping-taxable","13":"purchasable","14":"product-type-simple"},"_links":{"self":[{"href":"https:\/\/www.bojungle.eu\/it\/wp-json\/wp\/v2\/product\/44641","targetHints":{"allow":["GET"]}}],"collection":[{"href":"https:\/\/www.bojungle.eu\/it\/wp-json\/wp\/v2\/product"}],"about":[{"href":"https:\/\/www.bojungle.eu\/it\/wp-json\/wp\/v2\/types\/product"}],"replies":[{"embeddable":true,"href":"https:\/\/www.bojungle.eu\/it\/wp-json\/wp\/v2\/comments?post=44641"}],"version-history":[{"count":2,"href":"https:\/\/www.bojungle.eu\/it\/wp-json\/wp\/v2\/product\/44641\/revisions"}],"predecessor-version":[{"id":79987,"href":"https:\/\/www.bojungle.eu\/it\/wp-json\/wp\/v2\/product\/44641\/revisions\/79987"}],"wp:featuredmedia":[{"embeddable":true,"href":"https:\/\/www.bojungle.eu\/it\/wp-json\/wp\/v2\/media\/69373"}],"wp:attachment":[{"href":"https:\/\/www.bojungle.eu\/it\/wp-json\/wp\/v2\/media?parent=44641"}],"wp:term":[{"taxonomy":"product_brand","embeddable":true,"href":"https:\/\/www.bojungle.eu\/it\/wp-json\/wp\/v2\/product_brand?post=44641"},{"taxonomy":"product_cat","embeddable":true,"href":"https:\/\/www.bojungle.eu\/it\/wp-json\/wp\/v2\/product_cat?post=44641"},{"taxonomy":"product_tag","embeddable":true,"href":"https:\/\/www.bojungle.eu\/it\/wp-json\/wp\/v2\/product_tag?post=44641"},{"taxonomy":"woo-feed-brand","embeddable":true,"href":"https:\/\/www.bojungle.eu\/it\/wp-json\/wp\/v2\/woo-feed-brand?post=44641"}],"curies":[{"name":"wp","href":"https:\/\/api.w.org\/{rel}","templated":true}]}}