{"id":46465,"date":"2022-05-29T10:19:47","date_gmt":"2022-05-29T10:19:47","guid":{"rendered":"https:\/\/www.bojungle.eu\/product\/b-play-nest-pop-up-bed-grey-stars\/"},"modified":"2024-03-01T12:41:24","modified_gmt":"2024-03-01T11:41:24","slug":"b-play-nest-pop-up-bed-grey-stars","status":"publish","type":"product","link":"https:\/\/www.bojungle.eu\/it\/prodotto\/b-play-nest-pop-up-bed-grey-stars\/","title":{"rendered":"Letto pop-up Nest B-Play Stelle Grigie"},"content":{"rendered":"<p>Scopri la comodit\u00e0 e la praticit\u00e0 del Letto Pop-up Nest B-Play Grey Stars! Questo letto \u00e8 progettato sia per uso interno che esterno, rendendolo perfetto per la casa e i viaggi. Il lettino \u00e8 dotato di un comodo materasso sfoderabile, cos\u00ec il tuo piccolo potr\u00e0 sempre dormire o giocare comodamente. La parte superiore del letto \u00e8 ribaltabile ed \u00e8 trattata con un rivestimento anti-UV 50+, proteggendo il tuo bambino dal sole durante le avventure all&#8217;aria aperta. Inoltre, sono stati aggiunti degli anelli extra per appendere i giocattoli, rendendo il gioco ancora pi\u00f9 divertente. Grazie al pratico sistema pop-up, il letto \u00e8 facile da montare e smontare. Niente pi\u00f9 problemi con costruzioni complicate! Inoltre, sono inclusi 3 giocattoli rimovibili per intrattenere il tuo piccolo. Con la zanzariera rimovibile non dovrai preoccuparti dei fastidiosi insetti mentre giochi all&#8217;aperto. E quando \u00e8 il momento di riporre il letto, puoi riporlo facilmente nella custodia inclusa. In breve, il letto pop-up Nest B-Play Grey Stars offre la massima comodit\u00e0 e comfort sia per interni che per esterni. Lascia che il tuo piccolo si goda dei sonnellini rilassanti e giochi ovunque tu sia! <\/p>\n<ul>\n<li>Comodo materasso sfoderabile<\/li>\n<li>La parte superiore \u00e8 ripiegabile e ha subito un trattamento anti-UV 50+, con anelli extra per i giocattoli<\/li>\n<li>Facile da montare e smontare: sistema pop-up<\/li>\n<li>3 giocattoli staccabili inclusi<\/li>\n<li>Con zanzariera removibile<\/li>\n<li>Borsa portaoggetti inclusa<\/li>\n<\/ul>\n","protected":false},"excerpt":{"rendered":"<p>Scopri la comodit\u00e0 del Letto Pop-up Nest B-Play Grey Stars! Comodo materasso, protezione UV, giochi e zanzariera inclusi. Facile da configurare e riporre. Ideale per interni ed esterni!   <\/p>\n","protected":false},"featured_media":67372,"comment_status":"closed","ping_status":"closed","template":"","meta":{"_lmt_disableupdate":"","_lmt_disable":""},"product_brand":[],"product_cat":[807],"product_tag":[],"woo-feed-brand":[],"class_list":{"0":"post-46465","1":"product","2":"type-product","3":"status-publish","4":"has-post-thumbnail","6":"product_cat-in-giardino","8":"first","9":"instock","10":"taxable","11":"shipping-taxable","12":"purchasable","13":"product-type-simple"},"_links":{"self":[{"href":"https:\/\/www.bojungle.eu\/it\/wp-json\/wp\/v2\/product\/46465","targetHints":{"allow":["GET"]}}],"collection":[{"href":"https:\/\/www.bojungle.eu\/it\/wp-json\/wp\/v2\/product"}],"about":[{"href":"https:\/\/www.bojungle.eu\/it\/wp-json\/wp\/v2\/types\/product"}],"replies":[{"embeddable":true,"href":"https:\/\/www.bojungle.eu\/it\/wp-json\/wp\/v2\/comments?post=46465"}],"version-history":[{"count":1,"href":"https:\/\/www.bojungle.eu\/it\/wp-json\/wp\/v2\/product\/46465\/revisions"}],"predecessor-version":[{"id":67423,"href":"https:\/\/www.bojungle.eu\/it\/wp-json\/wp\/v2\/product\/46465\/revisions\/67423"}],"wp:featuredmedia":[{"embeddable":true,"href":"https:\/\/www.bojungle.eu\/it\/wp-json\/wp\/v2\/media\/67372"}],"wp:attachment":[{"href":"https:\/\/www.bojungle.eu\/it\/wp-json\/wp\/v2\/media?parent=46465"}],"wp:term":[{"taxonomy":"product_brand","embeddable":true,"href":"https:\/\/www.bojungle.eu\/it\/wp-json\/wp\/v2\/product_brand?post=46465"},{"taxonomy":"product_cat","embeddable":true,"href":"https:\/\/www.bojungle.eu\/it\/wp-json\/wp\/v2\/product_cat?post=46465"},{"taxonomy":"product_tag","embeddable":true,"href":"https:\/\/www.bojungle.eu\/it\/wp-json\/wp\/v2\/product_tag?post=46465"},{"taxonomy":"woo-feed-brand","embeddable":true,"href":"https:\/\/www.bojungle.eu\/it\/wp-json\/wp\/v2\/woo-feed-brand?post=46465"}],"curies":[{"name":"wp","href":"https:\/\/api.w.org\/{rel}","templated":true}]}}