{"id":46802,"date":"2023-08-17T09:17:37","date_gmt":"2023-08-17T07:17:37","guid":{"rendered":"https:\/\/www.bojungle.eu\/?post_type=product&#038;p=46802"},"modified":"2025-06-17T16:34:41","modified_gmt":"2025-06-17T14:34:41","slug":"pure-white-swinging-rocker-2-en-1","status":"publish","type":"product","link":"https:\/\/www.bojungle.eu\/it\/prodotto\/pure-white-swinging-rocker-2-en-1\/","title":{"rendered":"Dondolo bianco puro 2 in 1"},"content":{"rendered":"<p>Vi presentiamo il dondolo 2 in 1 Pure White: la soluzione definitiva per il vostro bambino.<\/p>\n<p>Elevate l&#8217;esperienza di rilassamento del vostro bambino con il nostro dondolo 2 in 1 Pure White, progettato per offrire un comfort, una sicurezza e una comodit\u00e0 senza pari sia a voi che al vostro piccolo.<\/p>\n<p><strong>Doppia funzionalit\u00e0:<\/strong> Questo prodotto innovativo passa senza soluzione di continuit\u00e0 da un&#8217;altalena rilassante a un&#8217;accogliente sdraietta, offrendo la versatilit\u00e0 necessaria per soddisfare le esigenze del bambino in qualsiasi momento. Che sia l&#8217;ora del pisolino o quella del gioco, questa soluzione 2 in 1 \u00e8 la soluzione ideale.<\/p>\n<p><strong>La sicurezza prima di tutto:<\/strong> Con un sistema di cinture a 5 punti integrato, stai certo che il tuo bambino \u00e8 allacciato saldamente per un&#8217;esperienza senza preoccupazioni. La tua tranquillit\u00e0 \u00e8 la nostra massima priorit\u00e0. <\/p>\n<p><strong>Gioco interattivo:<\/strong> L \u201carco di gioco regolabile sopra offre un intrattenimento coinvolgente per il tuo piccolo, stimolando i suoi sensi e incoraggiando l\u201d esplorazione. Guarda come il tuo bambino si diverte a raggiungere, afferrare e scoprire nuovi panorami e suoni. <\/p>\n<p><strong>Delizia musicale:<\/strong> Hai bisogno di un piccolo aiuto in pi\u00f9 per cullare il tuo bambino fino a farlo addormentare? Basta premere un pulsante per attivare melodie rilassanti, creando un ambiente rilassante che aiuta il rilassamento e favorisce un sonno ristoratore per il tuo piccolo fagottino di gioia. <\/p>\n<p><strong>Caratteristiche convenienti:<\/strong><\/p>\n<ul>\n<li>Sdraietta rimovibile per uso indipendente.<\/li>\n<li>Per una maggiore flessibilit\u00e0, \u00e8 possibile scegliere tra funzioni oscillanti e fisse.<\/li>\n<li>Rotazione del sedile a 360\u00b0 per interagire facilmente con il bambino da qualsiasi angolazione.<\/li>\n<li>Schienale regolabile a tre altezze per un comfort ottimale.<\/li>\n<li>Controllate l&#8217;altalena senza fatica tramite il pannello o il telecomando in dotazione.<\/li>\n<li>Adattatore incluso per una maggiore praticit\u00e0, oppure utilizzare 4 batterie C per la portabilit\u00e0.<\/li>\n<li>Scegliete tra 7 diverse opzioni di movimento e 5 velocit\u00e0 di oscillazione per personalizzare l&#8217;esperienza in base alle preferenze del vostro bambino.<\/li>\n<\/ul>\n<p>Provate il dondolo 2 in 1 Pure White e scoprite il mix perfetto di comfort, praticit\u00e0 e sicurezza per voi e il vostro piccolo. Dite addio ai momenti di nervosismo e date il benvenuto a una serena beatitudine a ogni utilizzo.<\/p>\n<table border=\"1\">\n<tbody>\n<tr>\n<td>Manuale<\/td>\n<td><a href=\"https:\/\/www.bojungle.eu\/wp-content\/uploads\/2025\/06\/B-Swinging-Rocker-Manual.pdf\" target=\"_blank\" rel=\"noopener\">Clicca qui<\/a><\/td>\n<\/tr>\n<\/tbody>\n<\/table>\n","protected":false},"excerpt":{"rendered":"<p>Ti presentiamo il dondolo oscillante bianco puro 2-in-1: il compagno di comfort definitivo per il tuo bambino! Passa senza problemi da un&#8217;altalena rilassante a un&#8217;accogliente sdraietta con facilit\u00e0. Dotato di un&#8217;imbracatura a 5 punti per la sicurezza, arco di gioco regolabile per un divertimento interattivo e musica rilassante con il semplice tocco di un pulsante. Con una rotazione del sedile a 360\u00b0, 7 opzioni di movimento e 5 velocit\u00e0 di oscillazione, \u00e8 la soluzione perfetta sia per i genitori impegnati che per i bambini soddisfatti.   <\/p>\n","protected":false},"featured_media":67071,"comment_status":"closed","ping_status":"closed","template":"","meta":{"_lmt_disableupdate":"","_lmt_disable":""},"product_brand":[],"product_cat":[535],"product_tag":[1121,1118,1119,1124],"woo-feed-brand":[],"class_list":{"0":"post-46802","1":"product","2":"type-product","3":"status-publish","4":"has-post-thumbnail","6":"product_cat-altalene-e-dondoli","7":"product_tag-altalena","8":"product_tag-automatico","9":"product_tag-bianco-puro","10":"product_tag-rilassante","12":"first","13":"instock","14":"featured","15":"taxable","16":"shipping-taxable","17":"purchasable","18":"product-type-simple"},"_links":{"self":[{"href":"https:\/\/www.bojungle.eu\/it\/wp-json\/wp\/v2\/product\/46802","targetHints":{"allow":["GET"]}}],"collection":[{"href":"https:\/\/www.bojungle.eu\/it\/wp-json\/wp\/v2\/product"}],"about":[{"href":"https:\/\/www.bojungle.eu\/it\/wp-json\/wp\/v2\/types\/product"}],"replies":[{"embeddable":true,"href":"https:\/\/www.bojungle.eu\/it\/wp-json\/wp\/v2\/comments?post=46802"}],"version-history":[{"count":2,"href":"https:\/\/www.bojungle.eu\/it\/wp-json\/wp\/v2\/product\/46802\/revisions"}],"predecessor-version":[{"id":80327,"href":"https:\/\/www.bojungle.eu\/it\/wp-json\/wp\/v2\/product\/46802\/revisions\/80327"}],"wp:featuredmedia":[{"embeddable":true,"href":"https:\/\/www.bojungle.eu\/it\/wp-json\/wp\/v2\/media\/67071"}],"wp:attachment":[{"href":"https:\/\/www.bojungle.eu\/it\/wp-json\/wp\/v2\/media?parent=46802"}],"wp:term":[{"taxonomy":"product_brand","embeddable":true,"href":"https:\/\/www.bojungle.eu\/it\/wp-json\/wp\/v2\/product_brand?post=46802"},{"taxonomy":"product_cat","embeddable":true,"href":"https:\/\/www.bojungle.eu\/it\/wp-json\/wp\/v2\/product_cat?post=46802"},{"taxonomy":"product_tag","embeddable":true,"href":"https:\/\/www.bojungle.eu\/it\/wp-json\/wp\/v2\/product_tag?post=46802"},{"taxonomy":"woo-feed-brand","embeddable":true,"href":"https:\/\/www.bojungle.eu\/it\/wp-json\/wp\/v2\/woo-feed-brand?post=46802"}],"curies":[{"name":"wp","href":"https:\/\/api.w.org\/{rel}","templated":true}]}}