{"id":47145,"date":"2023-08-22T14:44:15","date_gmt":"2023-08-22T12:44:15","guid":{"rendered":"https:\/\/www.bojungle.eu\/product\/palestra-pieghevole-per-palline-tropical-discovery\/"},"modified":"2024-02-14T09:33:37","modified_gmt":"2024-02-14T08:33:37","slug":"palestra-pieghevole-per-palline-tropical-discovery","status":"publish","type":"product","link":"https:\/\/www.bojungle.eu\/it\/prodotto\/palestra-pieghevole-per-palline-tropical-discovery\/","title":{"rendered":"Palestra pieghevole per palline Tropical Discovery"},"content":{"rendered":"<ul>\n<li><span class=\"OYPEnA text-decoration-none text-strikethrough-none\">Design colorato<\/span><\/li>\n<li><span class=\"OYPEnA text-decoration-none text-strikethrough-none\">Libro con cigolii e squeaker<\/span><\/li>\n<li><span class=\"OYPEnA text-decoration-none text-strikethrough-none\">20 palline colorate<\/span><\/li>\n<li><span class=\"OYPEnA text-decoration-none text-strikethrough-none\">Diversi sonagli<\/span><\/li>\n<li><span class=\"OYPEnA text-decoration-none text-strikethrough-none\">Specchio<\/span><\/li>\n<li><span class=\"OYPEnA text-decoration-none text-strikethrough-none\">Cuscino per la pancia<\/span><\/li>\n<li><span class=\"OYPEnA text-decoration-none text-strikethrough-none\">Trasformabile in vasca delle palline<\/span><\/li>\n<li><span class=\"OYPEnA text-decoration-none text-strikethrough-none\">4 posizioni di gioco (pancia, schiena, gattonare e seduto)<\/span><\/li>\n<li><span class=\"OYPEnA text-decoration-none text-strikethrough-none\">Diverse melodie<\/span><\/li>\n<li><span class=\"OYPEnA text-decoration-none text-strikethrough-none\">Controllo del volume<\/span><\/li>\n<li><span class=\"OYPEnA text-decoration-none text-strikethrough-none\">Arco di gioco luminoso<\/span><\/li>\n<li><span class=\"OYPEnA text-decoration-none text-strikethrough-none\">3x batterie AAA (non incluse)<\/span><\/li>\n<\/ul>\n","protected":false},"excerpt":{"rendered":"<div class=\"w-full text-token-text-primary\" data-testid=\"conversation-turn-3\">\n<div class=\"px-4 py-2 justify-center text-base md:gap-6 m-auto\">\n<div class=\"flex flex-1 text-base mx-auto gap-3 md:px-5 lg:px-1 xl:px-5 md:max-w-3xl lg:max-w-[40rem] xl:max-w-[48rem] group final-completion\">\n<div class=\"relative flex w-full flex-col agent-turn\">\n<div class=\"flex-col gap-1 md:gap-3\">\n<div class=\"flex flex-grow flex-col max-w-full\">\n<div class=\"min-h-[20px] text-message flex flex-col items-start gap-3 whitespace-pre-wrap break-words [.text-message+&amp;]:mt-5 overflow-x-auto\" data-message-author-role=\"assistant\" data-message-id=\"82db606c-0594-41f5-8ade-70aa18437775\">\n<div class=\"markdown prose w-full break-words dark:prose-invert light\">\n<p>Scoprite la palestra Tropical Discovery Foldable Ball Pit, la zona di avventura definitiva per il vostro piccolo esploratore! Questo vivace tappeto da gioco si trasforma in una deliziosa vasca per le palline, offrendo infinite opportunit\u00e0 di divertimento e sviluppo. Dotato di funzioni accattivanti come un libro con cigolio, sonagli, uno specchio e un comodo cuscino per la pancia, incoraggia l&#8217;esplorazione e la stimolazione sensoriale in quattro versatili posizioni di gioco. Deliziose melodie e luci intermittenti catturano l&#8217;immaginazione del bambino, mentre l&#8217;arco di gioco luminoso aggiunge un ulteriore tocco di magia. Con il suo design colorato, la comoda ripiegabilit\u00e0 e il controllo del volume per la tranquillit\u00e0 dei genitori, questa palestrina \u00e8 un must per esperienze di gioco gioiose.    <\/p>\n<\/div>\n<\/div>\n<\/div>\n<div class=\"mt-1 flex justify-start gap-3 empty:hidden\">\n<div class=\"text-gray-400 flex self-end lg:self-center justify-center lg:justify-start mt-0 -ml-1 visible\">\n<p>&nbsp;<\/p>\n<div class=\"flex\"><\/div>\n<\/div>\n<\/div>\n<\/div>\n<\/div>\n<\/div>\n<\/div>\n<\/div>\n<div class=\"mx-auto\">\n<div data-projection-id=\"43\">\n<div class=\"mx-auto mt-2 inline-flex rounded-xl border border-gray-100 dark:border-gray-700\"><\/div>\n<\/div>\n<\/div>\n","protected":false},"featured_media":66008,"comment_status":"closed","ping_status":"closed","template":"","meta":{"_lmt_disableupdate":"","_lmt_disable":""},"product_brand":[],"product_cat":[469],"product_tag":[1222],"woo-feed-brand":[],"class_list":{"0":"post-47145","1":"product","2":"type-product","3":"status-publish","4":"has-post-thumbnail","6":"product_cat-tempo-di-gioco","7":"product_tag-tappeto-da-gioco","9":"first","10":"outofstock","11":"featured","12":"taxable","13":"shipping-taxable","14":"purchasable","15":"product-type-simple"},"_links":{"self":[{"href":"https:\/\/www.bojungle.eu\/it\/wp-json\/wp\/v2\/product\/47145","targetHints":{"allow":["GET"]}}],"collection":[{"href":"https:\/\/www.bojungle.eu\/it\/wp-json\/wp\/v2\/product"}],"about":[{"href":"https:\/\/www.bojungle.eu\/it\/wp-json\/wp\/v2\/types\/product"}],"replies":[{"embeddable":true,"href":"https:\/\/www.bojungle.eu\/it\/wp-json\/wp\/v2\/comments?post=47145"}],"version-history":[{"count":1,"href":"https:\/\/www.bojungle.eu\/it\/wp-json\/wp\/v2\/product\/47145\/revisions"}],"predecessor-version":[{"id":66067,"href":"https:\/\/www.bojungle.eu\/it\/wp-json\/wp\/v2\/product\/47145\/revisions\/66067"}],"wp:featuredmedia":[{"embeddable":true,"href":"https:\/\/www.bojungle.eu\/it\/wp-json\/wp\/v2\/media\/66008"}],"wp:attachment":[{"href":"https:\/\/www.bojungle.eu\/it\/wp-json\/wp\/v2\/media?parent=47145"}],"wp:term":[{"taxonomy":"product_brand","embeddable":true,"href":"https:\/\/www.bojungle.eu\/it\/wp-json\/wp\/v2\/product_brand?post=47145"},{"taxonomy":"product_cat","embeddable":true,"href":"https:\/\/www.bojungle.eu\/it\/wp-json\/wp\/v2\/product_cat?post=47145"},{"taxonomy":"product_tag","embeddable":true,"href":"https:\/\/www.bojungle.eu\/it\/wp-json\/wp\/v2\/product_tag?post=47145"},{"taxonomy":"woo-feed-brand","embeddable":true,"href":"https:\/\/www.bojungle.eu\/it\/wp-json\/wp\/v2\/woo-feed-brand?post=47145"}],"curies":[{"name":"wp","href":"https:\/\/api.w.org\/{rel}","templated":true}]}}