{"id":47496,"date":"2023-08-28T14:37:49","date_gmt":"2023-08-28T12:37:49","guid":{"rendered":"https:\/\/www.bojungle.eu\/product\/toby-la-barca-a-getto-dacqua-che-spruzza\/"},"modified":"2023-08-28T14:58:53","modified_gmt":"2023-08-28T12:58:53","slug":"toby-la-barca-a-getto-dacqua-che-spruzza","status":"publish","type":"product","link":"https:\/\/www.bojungle.eu\/it\/prodotto\/toby-la-barca-a-getto-dacqua-che-spruzza\/","title":{"rendered":"Toby, la barca a getto d&#8217;acqua che spruzza"},"content":{"rendered":"<ul>\n<li><span class=\"OYPEnA text-decoration-none text-strikethrough-none\">Funzione creativa di spruzzo d&#8217;acqua rotante a 360\u00b0<\/span><\/li>\n<li><span class=\"OYPEnA text-decoration-none text-strikethrough-none\">Naviga automaticamente non appena tocca l&#8217;acqua<\/span><\/li>\n<li><span class=\"OYPEnA text-decoration-none text-strikethrough-none\">Divertimento acquatico a volont\u00e0<\/span><\/li>\n<li><span class=\"OYPEnA text-decoration-none text-strikethrough-none\">Stimola le capacit\u00e0 cognitive<\/span><\/li>\n<li><span class=\"OYPEnA text-decoration-none text-strikethrough-none\">Stimola le capacit\u00e0 motorie<\/span><\/li>\n<li><span class=\"OYPEnA text-decoration-none text-strikethrough-none\">Waterproof design<\/span><\/li>\n<li><span class=\"OYPEnA text-decoration-none text-strikethrough-none\">3x batterie AA (non incluse)<\/span><\/li>\n<li>I colori possono variare<\/li>\n<\/ul>\n<p>&nbsp;<\/p>\n","protected":false},"excerpt":{"rendered":"<p><span class=\"OYPEnA text-decoration-none text-strikethrough-none\">Toby, il moto d&#8217;acqua, \u00e8 pronto a partire per una missione! Mettetelo in acqua e il divertimento inizier\u00e0 immediatamente. Si pu\u00f2 puntare il suo jet verso qualsiasi cosa e lui decolla a tutta velocit\u00e0.  <\/span><\/p>\n","protected":false},"featured_media":74370,"comment_status":"closed","ping_status":"closed","template":"","meta":{"_lmt_disableupdate":"","_lmt_disable":""},"product_brand":[],"product_cat":[521,469],"product_tag":[],"woo-feed-brand":[],"class_list":{"0":"post-47496","1":"product","2":"type-product","3":"status-publish","4":"has-post-thumbnail","6":"product_cat-giocattoli-da-bagno","7":"product_cat-tempo-di-gioco","9":"first","10":"instock","11":"taxable","12":"shipping-taxable","13":"purchasable","14":"product-type-simple"},"_links":{"self":[{"href":"https:\/\/www.bojungle.eu\/it\/wp-json\/wp\/v2\/product\/47496","targetHints":{"allow":["GET"]}}],"collection":[{"href":"https:\/\/www.bojungle.eu\/it\/wp-json\/wp\/v2\/product"}],"about":[{"href":"https:\/\/www.bojungle.eu\/it\/wp-json\/wp\/v2\/types\/product"}],"replies":[{"embeddable":true,"href":"https:\/\/www.bojungle.eu\/it\/wp-json\/wp\/v2\/comments?post=47496"}],"version-history":[{"count":0,"href":"https:\/\/www.bojungle.eu\/it\/wp-json\/wp\/v2\/product\/47496\/revisions"}],"wp:featuredmedia":[{"embeddable":true,"href":"https:\/\/www.bojungle.eu\/it\/wp-json\/wp\/v2\/media\/74370"}],"wp:attachment":[{"href":"https:\/\/www.bojungle.eu\/it\/wp-json\/wp\/v2\/media?parent=47496"}],"wp:term":[{"taxonomy":"product_brand","embeddable":true,"href":"https:\/\/www.bojungle.eu\/it\/wp-json\/wp\/v2\/product_brand?post=47496"},{"taxonomy":"product_cat","embeddable":true,"href":"https:\/\/www.bojungle.eu\/it\/wp-json\/wp\/v2\/product_cat?post=47496"},{"taxonomy":"product_tag","embeddable":true,"href":"https:\/\/www.bojungle.eu\/it\/wp-json\/wp\/v2\/product_tag?post=47496"},{"taxonomy":"woo-feed-brand","embeddable":true,"href":"https:\/\/www.bojungle.eu\/it\/wp-json\/wp\/v2\/woo-feed-brand?post=47496"}],"curies":[{"name":"wp","href":"https:\/\/api.w.org\/{rel}","templated":true}]}}