{"id":47556,"date":"2023-08-29T10:00:54","date_gmt":"2023-08-29T08:00:54","guid":{"rendered":"https:\/\/www.bojungle.eu\/?post_type=product&#038;p=47556"},"modified":"2025-06-05T12:48:44","modified_gmt":"2025-06-05T10:48:44","slug":"b-scaldabiberon-superveloce-digitale-casa-grigio-ombra","status":"publish","type":"product","link":"https:\/\/www.bojungle.eu\/it\/prodotto\/b-scaldabiberon-superveloce-digitale-casa-grigio-ombra\/","title":{"rendered":"Scaldabiberon Superfast Digital Home (Shady Grey)"},"content":{"rendered":"<ul>\n<li>Lo scaldabiberon pi\u00f9 grande e veloce sul mercato<\/li>\n<li>Minimo 1 minuto e 30 per riscaldare una bottiglia da 240 ml<\/li>\n<li>Minimo 2 minuti per riscaldare un vasetto di cibo per bambini<\/li>\n<li>Diametro interno di 8,5 cm<\/li>\n<li>Tempo di riscaldamento configurabile con un intervallo di 10 secondi<\/li>\n<li>Indica il tempo di riscaldamento rimanente<\/li>\n<li>Anello adattatore per bottiglie piccole<\/li>\n<li>Arresto automatico, allarme visivo e sonoro<\/li>\n<li>Misurino per l&#8217;acqua<\/li>\n<li>220V &#8211; 500 Watt<\/li>\n<\/ul>\n<table border=\"1\">\n<tbody>\n<tr>\n<td>Manuale<\/td>\n<td><a href=\"https:\/\/www.bojungle.eu\/wp-content\/uploads\/2025\/06\/B510210-B-Bottle-Warmer-Superfast-home-Shady-Grey.pdf\">Clicca qui<\/a><\/td>\n<\/tr>\n<\/tbody>\n<\/table>\n","protected":false},"excerpt":{"rendered":"<p class=\"cvGsUA direction-ltr align-start para-style-body\"><span class=\"OYPEnA text-decoration-none text-strikethrough-none\">Questo scaldabiberon \u00e8 pratico in casa! \u00c8 il modo pi\u00f9 salutare per riscaldare i biberon di tuo figlio in pochissimo tempo. Grazie all&#8217;erogatore d&#8217;acqua in dotazione, \u00e8 possibile aggiungere facilmente acqua allo scaldabiberon. Quindi, posizionare il biberon nel cestello in dotazione e, se necessario, chiuderlo con l&#8217;anello di regolazione. In questo modo, il vapore caldo rimane intorno al biberon e il tempo di riscaldamento viene accelerato. Scegliere quindi il tempo desiderato, che pu\u00f2 variare da 1 a 12 minuti. Quando il tempo \u00e8 scaduto o l&#8217;acqua si esaurisce, si sente un allarme. Ricordarsi di agitare bene la bottiglia per consentire al calore di diffondersi.     <\/span><\/p>\n<p class=\"cvGsUA direction-ltr align-start para-style-body\"><span class=\"OYPEnA text-decoration-none text-strikethrough-none\">ATTENZIONE: una quantit\u00e0 eccessiva di acqua nel serbatoio e\/o nella bottiglia pu\u00f2 rallentare il processo di riscaldamento.<\/span><\/p>\n","protected":false},"featured_media":64196,"comment_status":"closed","ping_status":"closed","template":"","meta":{"_lmt_disableupdate":"","_lmt_disable":""},"product_brand":[],"product_cat":[428,432],"product_tag":[],"woo-feed-brand":[],"class_list":{"0":"post-47556","1":"product","2":"type-product","3":"status-publish","4":"has-post-thumbnail","6":"product_cat-cibo-e-bevande","7":"product_cat-preparazione-dei-pasti","9":"first","10":"outofstock","11":"taxable","12":"shipping-taxable","13":"purchasable","14":"product-type-simple"},"_links":{"self":[{"href":"https:\/\/www.bojungle.eu\/it\/wp-json\/wp\/v2\/product\/47556","targetHints":{"allow":["GET"]}}],"collection":[{"href":"https:\/\/www.bojungle.eu\/it\/wp-json\/wp\/v2\/product"}],"about":[{"href":"https:\/\/www.bojungle.eu\/it\/wp-json\/wp\/v2\/types\/product"}],"replies":[{"embeddable":true,"href":"https:\/\/www.bojungle.eu\/it\/wp-json\/wp\/v2\/comments?post=47556"}],"version-history":[{"count":2,"href":"https:\/\/www.bojungle.eu\/it\/wp-json\/wp\/v2\/product\/47556\/revisions"}],"predecessor-version":[{"id":80079,"href":"https:\/\/www.bojungle.eu\/it\/wp-json\/wp\/v2\/product\/47556\/revisions\/80079"}],"wp:featuredmedia":[{"embeddable":true,"href":"https:\/\/www.bojungle.eu\/it\/wp-json\/wp\/v2\/media\/64196"}],"wp:attachment":[{"href":"https:\/\/www.bojungle.eu\/it\/wp-json\/wp\/v2\/media?parent=47556"}],"wp:term":[{"taxonomy":"product_brand","embeddable":true,"href":"https:\/\/www.bojungle.eu\/it\/wp-json\/wp\/v2\/product_brand?post=47556"},{"taxonomy":"product_cat","embeddable":true,"href":"https:\/\/www.bojungle.eu\/it\/wp-json\/wp\/v2\/product_cat?post=47556"},{"taxonomy":"product_tag","embeddable":true,"href":"https:\/\/www.bojungle.eu\/it\/wp-json\/wp\/v2\/product_tag?post=47556"},{"taxonomy":"woo-feed-brand","embeddable":true,"href":"https:\/\/www.bojungle.eu\/it\/wp-json\/wp\/v2\/woo-feed-brand?post=47556"}],"curies":[{"name":"wp","href":"https:\/\/api.w.org\/{rel}","templated":true}]}}