{"id":47980,"date":"2023-09-06T15:42:25","date_gmt":"2023-09-06T13:42:25","guid":{"rendered":"https:\/\/www.bojungle.eu\/?post_type=product&#038;p=47980"},"modified":"2025-05-26T15:14:42","modified_gmt":"2025-05-26T13:14:42","slug":"orso-da-bagno-in-terracotta","status":"publish","type":"product","link":"https:\/\/www.bojungle.eu\/it\/prodotto\/orso-da-bagno-in-terracotta\/","title":{"rendered":"Orso da bagno in terracotta"},"content":{"rendered":"<p>Scopri Bath Bear Terracotta: il nuovo compagno di bagnetto preferito del tuo bambino! Con il suo simpatico design a orecchie d&#8217;orso e la sua forma confortevole, il momento del bagnetto diventa molto pi\u00f9 divertente.<\/p>\n<p>Questo bagnetto \u00e8 dotato di un pratico riduttore per il bagno, perfetto per i neonati, che lo tiene al sicuro grazie alle ventose. E quando \u00e8 il momento di scaricare l&#8217;acqua, basta aprire il tappo di scarico per una pulizia facile e veloce. <\/p>\n<p>Abbiamo incluso anche un portasapone rimovibile in silicone ecologico, per tenere a portata di mano tutti gli oggetti indispensabili per il bagnetto, senza alcun problema. Inoltre, stai tranquillo sapendo che Bath Bear Terracotta \u00e8 privo di BPA, mantenendo il tuo piccolo al sicuro durante le sue avventure splish-splash.<\/p>\n<table border=\"1\">\n<tbody>\n<tr>\n<td>Manuale<\/td>\n<td><a href=\"https:\/\/www.bojungle.eu\/wp-content\/uploads\/2025\/05\/Manual-Bath-Bear.pdf\">Clicca qui<\/a><\/td>\n<\/tr>\n<\/tbody>\n<\/table>\n","protected":false},"excerpt":{"rendered":"<div class=\"elementor-element elementor-element-80cf67d elementor-widget elementor-widget-jet-single-excerpt\" data-id=\"80cf67d\" data-element_type=\"widget\" data-widget_type=\"jet-single-excerpt.default\">\n<div class=\"elementor-widget-container\">\n<div class=\"elementor-jet-single-excerpt jet-woo-builder\">\n<div class=\"woocommerce-product-details__short-description\">\n<p>Ti presentiamo Bath Bear Terracotta: il compagno perfetto per il bagnetto del tuo bambino! Con le sue adorabili orecchie da orso e il design ergonomico, il momento del bagnetto \u00e8 appena diventato molto pi\u00f9 carino e confortevole. Completo di riduttore per il bagno dei neonati, tappo di scarico facile e portasapone ecologico, \u00e8 il mix perfetto di divertimento e funzionalit\u00e0. Inoltre, \u00e8 privo di BPA per la vostra tranquillit\u00e0.   Preparati per avventure pulite con Bath Bear Terracotta!<\/p>\n<\/div>\n<\/div>\n<\/div>\n<\/div>\n<div class=\"elementor-element elementor-element-c5d7d93 elementor-widget elementor-widget-spacer\" data-id=\"c5d7d93\" data-element_type=\"widget\" data-widget_type=\"spacer.default\">\n<div class=\"elementor-widget-container\">\n<div class=\"elementor-spacer\"><\/div>\n<\/div>\n<\/div>\n<p>&nbsp;<\/p>\n","protected":false},"featured_media":69222,"comment_status":"closed","ping_status":"closed","template":"","meta":{"_lmt_disableupdate":"","_lmt_disable":""},"product_brand":[],"product_cat":[582,520],"product_tag":[],"woo-feed-brand":[],"class_list":{"0":"post-47980","1":"product","2":"type-product","3":"status-publish","4":"has-post-thumbnail","6":"product_cat-bambino-nella-vasca-da-bagno","7":"product_cat-toelettatura","9":"first","10":"instock","11":"taxable","12":"shipping-taxable","13":"purchasable","14":"product-type-simple"},"_links":{"self":[{"href":"https:\/\/www.bojungle.eu\/it\/wp-json\/wp\/v2\/product\/47980","targetHints":{"allow":["GET"]}}],"collection":[{"href":"https:\/\/www.bojungle.eu\/it\/wp-json\/wp\/v2\/product"}],"about":[{"href":"https:\/\/www.bojungle.eu\/it\/wp-json\/wp\/v2\/types\/product"}],"replies":[{"embeddable":true,"href":"https:\/\/www.bojungle.eu\/it\/wp-json\/wp\/v2\/comments?post=47980"}],"version-history":[{"count":2,"href":"https:\/\/www.bojungle.eu\/it\/wp-json\/wp\/v2\/product\/47980\/revisions"}],"predecessor-version":[{"id":79908,"href":"https:\/\/www.bojungle.eu\/it\/wp-json\/wp\/v2\/product\/47980\/revisions\/79908"}],"wp:featuredmedia":[{"embeddable":true,"href":"https:\/\/www.bojungle.eu\/it\/wp-json\/wp\/v2\/media\/69222"}],"wp:attachment":[{"href":"https:\/\/www.bojungle.eu\/it\/wp-json\/wp\/v2\/media?parent=47980"}],"wp:term":[{"taxonomy":"product_brand","embeddable":true,"href":"https:\/\/www.bojungle.eu\/it\/wp-json\/wp\/v2\/product_brand?post=47980"},{"taxonomy":"product_cat","embeddable":true,"href":"https:\/\/www.bojungle.eu\/it\/wp-json\/wp\/v2\/product_cat?post=47980"},{"taxonomy":"product_tag","embeddable":true,"href":"https:\/\/www.bojungle.eu\/it\/wp-json\/wp\/v2\/product_tag?post=47980"},{"taxonomy":"woo-feed-brand","embeddable":true,"href":"https:\/\/www.bojungle.eu\/it\/wp-json\/wp\/v2\/woo-feed-brand?post=47980"}],"curies":[{"name":"wp","href":"https:\/\/api.w.org\/{rel}","templated":true}]}}