{"id":48453,"date":"2023-09-07T14:05:40","date_gmt":"2023-09-07T12:05:40","guid":{"rendered":"https:\/\/www.bojungle.eu\/product\/stazione-di-riscaldamento-grigio-ombra\/"},"modified":"2025-06-06T13:11:47","modified_gmt":"2025-06-06T11:11:47","slug":"stazione-di-riscaldamento-grigio-ombra","status":"publish","type":"product","link":"https:\/\/www.bojungle.eu\/it\/prodotto\/stazione-di-riscaldamento-grigio-ombra\/","title":{"rendered":"Stazione di riscaldamento Grigio ombra"},"content":{"rendered":"<p>Vi presentiamo la Warming Station Shady Grey, la soluzione definitiva per mantenere senza sforzo l&#8217;acqua alla temperatura perfetta per varie bevande ed esigenze. Questo apparecchio elegante e moderno \u00e8 stato progettato per rendere le vostre routine quotidiane pi\u00f9 facili e comode che mai. <\/p>\n<p>Dotata di un generoso serbatoio dell&#8217;acqua in acciaio inox con una capacit\u00e0 di 1250 ml, la Warming Station Shady Grey consente di riempire pi\u00f9 bottiglie con facilit\u00e0, assicurandovi di avere sempre una scorta costante di acqua calda a portata di mano. Non dovrete pi\u00f9 preoccuparvi di riscaldare continuamente l&#8217;acqua o di aspettare che raggiunga la temperatura desiderata. <\/p>\n<p>Grazie ai controlli di temperatura preimpostati, tra cui opzioni come 37\u00b0C per scaldare il latte, 45\u00b0C per le minestre o 85\u00b0C per il t\u00e8, \u00e8 possibile personalizzare senza problemi la temperatura dell&#8217;acqua in base alle proprie preferenze. In alternativa, potete avere il pieno controllo con le regolazioni manuali della temperatura per soddisfare qualsiasi esigenza specifica. <\/p>\n<p>Non solo \u00e8 possibile impostare la temperatura, ma anche regolare il volume dell&#8217;acqua erogata, che varia da 30 a 330 ml con comodi incrementi di 30 ml. Sia che abbiate bisogno di una piccola quantit\u00e0 per una bevanda veloce o di una quantit\u00e0 maggiore per cucinare, la Warming Station Shady Grey vi soddisfa. <\/p>\n<p>Quando \u00e8 necessario raffreddare rapidamente l&#8217;acqua, \u00e8 sufficiente utilizzare la funzione di raffreddamento per abbassare la temperatura con facilit\u00e0.<\/p>\n<p>Mantenere l&#8217;igiene \u00e8 facile grazie alla funzione di sterilizzazione e bollitura, che raggiunge temperature di 100\u00b0C per garantire una pulizia e una sterilizzazione complete dell&#8217;apparecchio. Mantenete la vostra stazione idrica intatta e sicura per l&#8217;uso quotidiano con il minimo sforzo. <\/p>\n<p>Progettata pensando sia alla funzionalit\u00e0 che allo stile, la stazione di riscaldamento Shady Grey vanta un design moderno che si adatta a qualsiasi cucina o spazio di lavoro. Salutate la convenienza e l&#8217;efficienza con questa versatile e innovativa stazione di riscaldamento dell&#8217;acqua. <\/p>\n<p>&nbsp;<\/p>\n<table border=\"1\">\n<tbody>\n<tr>\n<td>Manuale<\/td>\n<td><a href=\"https:\/\/www.bojungle.eu\/wp-content\/uploads\/2025\/06\/B553000-Warming-Station-2024.pdf\" target=\"_blank\" rel=\"noopener\">Clicca qui<\/a><\/td>\n<\/tr>\n<\/tbody>\n<\/table>\n","protected":false},"excerpt":{"rendered":"<p>Con questa stazione di riscaldamento dell&#8217;acqua, avrete l&#8217;acqua alla giusta temperatura in pochissimo tempo. Grazie all&#8217;ampio serbatoio in acciaio inox, \u00e8 possibile riempire facilmente diverse bottiglie e l&#8217;acqua rimane alla temperatura desiderata. Ci sono temperature preimpostate, come 37\u00b0C per il latte, 45\u00b0C per la zuppa o 85\u00b0C per il t\u00e8. Non solo la temperatura, ma anche la quantit\u00e0 d&#8217;acqua pu\u00f2 essere impostata. Va da 30 ml a 330 ml e aumenta con incrementi di 30 ml. Se si desidera abbassare la temperatura pi\u00f9 rapidamente, \u00e8 possibile utilizzare la funzione di raffreddamento dell&#8217;apparecchio. Anche la sterilizzazione dell&#8217;apparecchio \u00e8 un gioco da ragazzi.      <\/p>\n","protected":false},"featured_media":62473,"comment_status":"closed","ping_status":"closed","template":"","meta":{"_lmt_disableupdate":"","_lmt_disable":""},"product_brand":[],"product_cat":[432,428],"product_tag":[],"woo-feed-brand":[],"class_list":{"0":"post-48453","1":"product","2":"type-product","3":"status-publish","4":"has-post-thumbnail","6":"product_cat-preparazione-dei-pasti","7":"product_cat-cibo-e-bevande","9":"first","10":"outofstock","11":"taxable","12":"shipping-taxable","13":"purchasable","14":"product-type-simple"},"_links":{"self":[{"href":"https:\/\/www.bojungle.eu\/it\/wp-json\/wp\/v2\/product\/48453","targetHints":{"allow":["GET"]}}],"collection":[{"href":"https:\/\/www.bojungle.eu\/it\/wp-json\/wp\/v2\/product"}],"about":[{"href":"https:\/\/www.bojungle.eu\/it\/wp-json\/wp\/v2\/types\/product"}],"replies":[{"embeddable":true,"href":"https:\/\/www.bojungle.eu\/it\/wp-json\/wp\/v2\/comments?post=48453"}],"version-history":[{"count":2,"href":"https:\/\/www.bojungle.eu\/it\/wp-json\/wp\/v2\/product\/48453\/revisions"}],"predecessor-version":[{"id":80143,"href":"https:\/\/www.bojungle.eu\/it\/wp-json\/wp\/v2\/product\/48453\/revisions\/80143"}],"wp:featuredmedia":[{"embeddable":true,"href":"https:\/\/www.bojungle.eu\/it\/wp-json\/wp\/v2\/media\/62473"}],"wp:attachment":[{"href":"https:\/\/www.bojungle.eu\/it\/wp-json\/wp\/v2\/media?parent=48453"}],"wp:term":[{"taxonomy":"product_brand","embeddable":true,"href":"https:\/\/www.bojungle.eu\/it\/wp-json\/wp\/v2\/product_brand?post=48453"},{"taxonomy":"product_cat","embeddable":true,"href":"https:\/\/www.bojungle.eu\/it\/wp-json\/wp\/v2\/product_cat?post=48453"},{"taxonomy":"product_tag","embeddable":true,"href":"https:\/\/www.bojungle.eu\/it\/wp-json\/wp\/v2\/product_tag?post=48453"},{"taxonomy":"woo-feed-brand","embeddable":true,"href":"https:\/\/www.bojungle.eu\/it\/wp-json\/wp\/v2\/woo-feed-brand?post=48453"}],"curies":[{"name":"wp","href":"https:\/\/api.w.org\/{rel}","templated":true}]}}