{"id":49080,"date":"2023-10-11T14:08:01","date_gmt":"2023-10-11T12:08:01","guid":{"rendered":"https:\/\/www.bojungle.eu\/product\/tazza-da-bere-coccolosa-koala-360\/"},"modified":"2024-04-16T15:16:14","modified_gmt":"2024-04-16T13:16:14","slug":"coccolone-koala-bere-tazza-360","status":"publish","type":"product","link":"https:\/\/www.bojungle.eu\/it\/prodotto\/coccolone-koala-bere-tazza-360\/","title":{"rendered":"Tazza da bere Cuddly Koala 360 \u00b0"},"content":{"rendered":"<div class=\"w-full text-token-text-primary\" dir=\"auto\" data-testid=\"conversation-turn-5\">\n<div class=\"px-4 py-2 justify-center text-base md:gap-6 m-auto\">\n<div class=\"flex flex-1 text-base mx-auto gap-3 juice:gap-4 juice:md:gap-6 md:px-5 lg:px-1 xl:px-5 md:max-w-3xl lg:max-w-[40rem] xl:max-w-[48rem]\">\n<div class=\"relative flex w-full flex-col agent-turn\">\n<div class=\"flex-col gap-1 md:gap-3\">\n<div class=\"flex flex-grow flex-col max-w-full\">\n<div class=\"min-h-[20px] text-message flex flex-col items-start gap-3 whitespace-pre-wrap break-words [.text-message+&amp;]:mt-5 overflow-x-auto\" dir=\"auto\" data-message-author-role=\"assistant\" data-message-id=\"a5c48557-a76e-4d79-b8ea-5b87861ef68f\">\n<div class=\"markdown prose w-full break-words dark:prose-invert light\">\n<p>Ti presentiamo la Cuddly Koala Drinking Cup 360\u00b0, il compagno perfetto per le avventure di bevute del tuo piccolo! Progettata pensando sia al divertimento che alla funzionalit\u00e0, questa innovativa tazza da allenamento \u00e8 realizzata per rendere il passaggio al bere indipendente un gioco da ragazzi. Caratterizzata da un design giocoso a 360\u00b0, questa tazza incoraggia il tuo bambino a sorseggiare ed esplorare da qualsiasi angolazione, favorendo le abilit\u00e0 essenziali nel bere e riducendo al minimo il disordine. Il bordo in silicone integrato garantisce che il liquido scorra solo quando il tuo piccolo applica pressione, riducendo le fuoriuscite e consentendo un&#8217;esperienza di consumo pi\u00f9 controllata. Decorata con un adorabile design a forma di koala, completa di affascinanti manici per una facile presa e un comodo tappo per mantenere il contenuto fresco tra un sorso e l&#8217;altro, questa tazza unisce praticit\u00e0 e irresistibile dolcezza. D\u00ec addio a perdite e sversamenti con la nostra tecnologia anti-perdite, garantendoti tranquillit\u00e0 durante ogni sorso. Con una generosa capacit\u00e0 di 240 ml, \u00e8 perfetta per dissetare il tuo bambino durante il gioco o le avventure in movimento. E quando \u00e8 il momento di pulire, basta metterlo in lavastoviglie per una facile manutenzione, lasciandoti pi\u00f9 tempo per goderti momenti preziosi con il tuo piccolo. Rendi il bere divertente e senza problemi con la tazza da bere Cuddly Koala a 360\u00b0, perch\u00e9 ogni sorso dovrebbe essere un&#8217;avventura! <\/p>\n<\/div>\n<\/div>\n<\/div>\n<\/div>\n<\/div>\n<\/div>\n<\/div>\n<\/div>\n","protected":false},"excerpt":{"rendered":"<p>Scopri il Bicchiere Coccoloso Koala 360\u00b0! \u00c8 un modo giocoso per far s\u00ec che il tuo bambino impari a bere in modo indipendente. Grazie al bordo in silicone, le fuoriuscite sono ridotte, rendendo il divertimento senza problemi. Con il suo simpatico design koala, le maniglie per tenerlo facilmente e un tappo per mantenere le bevande fresche, \u00e8 adorabile e pratico. Inoltre, \u00e8 a prova di perdite e lavabile in lavastoviglie per una facile pulizia. Con una capacit\u00e0 di 240 ml, \u00e8 perfetta per la sete del tuo bambino. Saluta il sorseggio senza problemi con la tazza da bere Cuddly Koala a 360\u00b0!      <\/p>\n","protected":false},"featured_media":73818,"comment_status":"closed","ping_status":"closed","template":"","meta":{"_lmt_disableupdate":"","_lmt_disable":""},"product_brand":[],"product_cat":[428,432],"product_tag":[],"woo-feed-brand":[],"class_list":{"0":"post-49080","1":"product","2":"type-product","3":"status-publish","4":"has-post-thumbnail","6":"product_cat-cibo-e-bevande","7":"product_cat-preparazione-dei-pasti","9":"first","10":"instock","11":"taxable","12":"shipping-taxable","13":"purchasable","14":"product-type-simple"},"_links":{"self":[{"href":"https:\/\/www.bojungle.eu\/it\/wp-json\/wp\/v2\/product\/49080","targetHints":{"allow":["GET"]}}],"collection":[{"href":"https:\/\/www.bojungle.eu\/it\/wp-json\/wp\/v2\/product"}],"about":[{"href":"https:\/\/www.bojungle.eu\/it\/wp-json\/wp\/v2\/types\/product"}],"replies":[{"embeddable":true,"href":"https:\/\/www.bojungle.eu\/it\/wp-json\/wp\/v2\/comments?post=49080"}],"version-history":[{"count":1,"href":"https:\/\/www.bojungle.eu\/it\/wp-json\/wp\/v2\/product\/49080\/revisions"}],"predecessor-version":[{"id":73877,"href":"https:\/\/www.bojungle.eu\/it\/wp-json\/wp\/v2\/product\/49080\/revisions\/73877"}],"wp:featuredmedia":[{"embeddable":true,"href":"https:\/\/www.bojungle.eu\/it\/wp-json\/wp\/v2\/media\/73818"}],"wp:attachment":[{"href":"https:\/\/www.bojungle.eu\/it\/wp-json\/wp\/v2\/media?parent=49080"}],"wp:term":[{"taxonomy":"product_brand","embeddable":true,"href":"https:\/\/www.bojungle.eu\/it\/wp-json\/wp\/v2\/product_brand?post=49080"},{"taxonomy":"product_cat","embeddable":true,"href":"https:\/\/www.bojungle.eu\/it\/wp-json\/wp\/v2\/product_cat?post=49080"},{"taxonomy":"product_tag","embeddable":true,"href":"https:\/\/www.bojungle.eu\/it\/wp-json\/wp\/v2\/product_tag?post=49080"},{"taxonomy":"woo-feed-brand","embeddable":true,"href":"https:\/\/www.bojungle.eu\/it\/wp-json\/wp\/v2\/woo-feed-brand?post=49080"}],"curies":[{"name":"wp","href":"https:\/\/api.w.org\/{rel}","templated":true}]}}