{"id":49091,"date":"2023-10-11T14:16:23","date_gmt":"2023-10-11T12:16:23","guid":{"rendered":"https:\/\/www.bojungle.eu\/?post_type=product&#038;p=49091"},"modified":"2024-04-23T14:10:29","modified_gmt":"2024-04-23T12:10:29","slug":"reale-foxy-drinking-cup-360","status":"publish","type":"product","link":"https:\/\/www.bojungle.eu\/it\/prodotto\/reale-foxy-drinking-cup-360\/","title":{"rendered":"Royal Foxy Tazza da bere 360\u00b0"},"content":{"rendered":"<p>Ti presentiamo la Royal Foxy Drinking Cup 360\u00b0, il compagno perfetto per le avventure di bevute del tuo piccolo! Progettata pensando sia al divertimento che alla funzionalit\u00e0, questa innovativa tazza da allenamento \u00e8 realizzata per rendere il passaggio al bere indipendente un gioco da ragazzi. Caratterizzata da un design giocoso a 360\u00b0, questa tazza incoraggia il tuo bambino a sorseggiare ed esplorare da qualsiasi angolazione, favorendo le abilit\u00e0 essenziali nel bere e riducendo al minimo il disordine. Il bordo in silicone integrato garantisce che il liquido scorra solo quando il tuo piccolo applica pressione, riducendo le fuoriuscite e consentendo un&#8217;esperienza di consumo pi\u00f9 controllata. Decorata con un adorabile design a forma di volpe, completa di graziosi manici per una facile presa e un comodo tappo per mantenere il contenuto fresco tra un sorso e l&#8217;altro, questa tazza unisce praticit\u00e0 e irresistibile dolcezza. D\u00ec addio a perdite e sversamenti con la nostra tecnologia anti-perdite, garantendoti tranquillit\u00e0 durante ogni sorso. Con una generosa capacit\u00e0 di 240 ml, \u00e8 perfetto per placare la sete del tuo bambino durante il gioco o le avventure in movimento. E quando \u00e8 il momento di pulire, basta metterlo in lavastoviglie per una facile manutenzione, lasciandoti pi\u00f9 tempo per goderti momenti preziosi con il tuo piccolo. Rendi il bere divertente e senza problemi con la Royal Foxy Drinking Cup 360\u00b0, perch\u00e9 ogni sorso dovrebbe essere un&#8217;avventura! <\/p>\n","protected":false},"excerpt":{"rendered":"<div class=\"elementor-element elementor-element-80cf67d elementor-widget elementor-widget-jet-single-excerpt\" data-id=\"80cf67d\" data-element_type=\"widget\" data-widget_type=\"jet-single-excerpt.default\">\n<div class=\"elementor-widget-container\">\n<div class=\"elementor-jet-single-excerpt jet-woo-builder\">\n<div class=\"woocommerce-product-details__short-description\">\n<div class=\"elementor-element elementor-element-80cf67d elementor-widget elementor-widget-jet-single-excerpt\" data-id=\"80cf67d\" data-element_type=\"widget\" data-widget_type=\"jet-single-excerpt.default\">\n<div class=\"elementor-widget-container\">\n<div class=\"elementor-jet-single-excerpt jet-woo-builder\">\n<div class=\"woocommerce-product-details__short-description\">\n<p>Scopri la Royal Foxy Drinking Cup 360\u00b0! \u00c8 un modo giocoso per far s\u00ec che il tuo piccolo impari a bere in modo indipendente. Grazie al bordo in silicone, le fuoriuscite sono ridotte, rendendo il divertimento senza problemi. Con il suo simpatico design a forma di volpe, le maniglie per tenerlo facilmente e un tappo per mantenere le bevande fresche, \u00e8 adorabile e pratico. Inoltre, \u00e8 a prova di perdite e lavabile in lavastoviglie per una facile pulizia. Con una capacit\u00e0 di 240 ml, \u00e8 perfetta per la sete del tuo bambino. Saluta il sorseggio senza problemi con la Royal Foxy Drinking Cup 360\u00b0!      <\/p>\n<\/div>\n<\/div>\n<\/div>\n<\/div>\n<div class=\"elementor-element elementor-element-c5d7d93 elementor-widget elementor-widget-spacer\" data-id=\"c5d7d93\" data-element_type=\"widget\" data-widget_type=\"spacer.default\">\n<div class=\"elementor-widget-container\">\n<div class=\"elementor-spacer\"><\/div>\n<\/div>\n<\/div>\n<\/div>\n<\/div>\n<\/div>\n<\/div>\n<div class=\"elementor-element elementor-element-c5d7d93 elementor-widget elementor-widget-spacer\" data-id=\"c5d7d93\" data-element_type=\"widget\" data-widget_type=\"spacer.default\">\n<div class=\"elementor-widget-container\">\n<div class=\"elementor-spacer\"><\/div>\n<\/div>\n<\/div>\n","protected":false},"featured_media":73888,"comment_status":"closed","ping_status":"closed","template":"","meta":{"_lmt_disableupdate":"","_lmt_disable":""},"product_brand":[],"product_cat":[432,428],"product_tag":[],"woo-feed-brand":[],"class_list":{"0":"post-49091","1":"product","2":"type-product","3":"status-publish","4":"has-post-thumbnail","6":"product_cat-preparazione-dei-pasti","7":"product_cat-cibo-e-bevande","9":"first","10":"instock","11":"taxable","12":"shipping-taxable","13":"purchasable","14":"product-type-simple"},"_links":{"self":[{"href":"https:\/\/www.bojungle.eu\/it\/wp-json\/wp\/v2\/product\/49091","targetHints":{"allow":["GET"]}}],"collection":[{"href":"https:\/\/www.bojungle.eu\/it\/wp-json\/wp\/v2\/product"}],"about":[{"href":"https:\/\/www.bojungle.eu\/it\/wp-json\/wp\/v2\/types\/product"}],"replies":[{"embeddable":true,"href":"https:\/\/www.bojungle.eu\/it\/wp-json\/wp\/v2\/comments?post=49091"}],"version-history":[{"count":2,"href":"https:\/\/www.bojungle.eu\/it\/wp-json\/wp\/v2\/product\/49091\/revisions"}],"predecessor-version":[{"id":74584,"href":"https:\/\/www.bojungle.eu\/it\/wp-json\/wp\/v2\/product\/49091\/revisions\/74584"}],"wp:featuredmedia":[{"embeddable":true,"href":"https:\/\/www.bojungle.eu\/it\/wp-json\/wp\/v2\/media\/73888"}],"wp:attachment":[{"href":"https:\/\/www.bojungle.eu\/it\/wp-json\/wp\/v2\/media?parent=49091"}],"wp:term":[{"taxonomy":"product_brand","embeddable":true,"href":"https:\/\/www.bojungle.eu\/it\/wp-json\/wp\/v2\/product_brand?post=49091"},{"taxonomy":"product_cat","embeddable":true,"href":"https:\/\/www.bojungle.eu\/it\/wp-json\/wp\/v2\/product_cat?post=49091"},{"taxonomy":"product_tag","embeddable":true,"href":"https:\/\/www.bojungle.eu\/it\/wp-json\/wp\/v2\/product_tag?post=49091"},{"taxonomy":"woo-feed-brand","embeddable":true,"href":"https:\/\/www.bojungle.eu\/it\/wp-json\/wp\/v2\/woo-feed-brand?post=49091"}],"curies":[{"name":"wp","href":"https:\/\/api.w.org\/{rel}","templated":true}]}}