{"id":76663,"date":"2024-08-27T14:49:13","date_gmt":"2024-08-27T12:49:13","guid":{"rendered":"https:\/\/www.bojungle.eu\/?post_type=product&#038;p=76663"},"modified":"2025-06-05T10:45:25","modified_gmt":"2025-06-05T08:45:25","slug":"fasciatoio-balneo-grigio-ombra","status":"publish","type":"product","link":"https:\/\/www.bojungle.eu\/it\/prodotto\/fasciatoio-balneo-grigio-ombra\/","title":{"rendered":"Fasciatoio Balneo Grigio Ombra"},"content":{"rendered":"<p>Il fasciatoio Balneo \u00e8 un&#8217;ottima aggiunta alla cameretta di ogni bambino. Combina stile e praticit\u00e0, con un design semplice e moderno che si adatta a qualsiasi spazio. Il fasciatoio \u00e8 disponibile in due colori neutri, Bianco Puro e Grigio Ombra, in modo da potersi abbinare facilmente agli altri mobili. \u00c8 inoltre dotato di robuste gambe in legno, che aggiungono un tocco caldo e naturale al suo aspetto pulito.   <\/p>\n<p>Il tavolo \u00e8 stato progettato per semplificare al massimo il cambio del pannolino e la cura del bambino. Include una pratica borsa e un cestino per riporre tutto l&#8217;occorrente, in modo da averlo sempre a portata di mano. Questo aiuta a mantenere la cameretta organizzata e priva di disordine, consentendo ai genitori di concentrarsi sul proprio bambino.  <\/p>\n<p>Per rendere le cose ancora pi\u00f9 comode, sono disponibili separatamente le coperture per il fasciatoio. Queste coperture aiutano a mantenere il fasciatoio pulito e ordinato, rendendolo facile da mantenere. Il fasciatoio Balneo Shady Grey \u00e8 una scelta pratica ed elegante per ogni cameretta, che offre funzionalit\u00e0 e un design semplice e bello.  <\/p>\n<p>&nbsp;<\/p>\n<table border=\"1\">\n<tbody>\n<tr>\n<td>Manuale<\/td>\n<td><a href=\"https:\/\/www.bojungle.eu\/wp-content\/uploads\/2025\/05\/B430200-B430210-Manual-Changing-Table.pdf\">Clicca qui<\/a><\/td>\n<\/tr>\n<\/tbody>\n<\/table>\n","protected":false},"excerpt":{"rendered":"<p><span class=\"OYPEnA font-feature-liga-off font-feature-clig-off font-feature-calt-off text-decoration-none text-strikethrough-none\">Il fasciatoio Balneo \u00e8 l&#8217;aggiunta ideale per la cameretta di qualsiasi bambino. Combinando funzionalit\u00e0 con un design pulito e minimalista, questo splendido fasciatoio \u00e8 disponibile in due colori neutri: Pure White e Shady Grey. Entrambe le varianti presentano robuste gambe in legno, che aggiungono un tocco caldo e naturale all&#8217;aspetto moderno del tavolo. Per maggiore comfort e protezione, le coperture sono disponibili separatamente, mantenendo il fasciatoio pulito e in ordine.   <\/span><\/p>\n","protected":false},"featured_media":76673,"comment_status":"closed","ping_status":"closed","template":"","meta":{"_lmt_disableupdate":"no","_lmt_disable":""},"product_brand":[],"product_cat":[583,520],"product_tag":[],"woo-feed-brand":[],"class_list":{"0":"post-76663","1":"product","2":"type-product","3":"status-publish","4":"has-post-thumbnail","6":"product_cat-bellezza-e-salute-del-bambino","7":"product_cat-toelettatura","9":"first","10":"instock","11":"taxable","12":"shipping-taxable","13":"purchasable","14":"product-type-simple"},"_links":{"self":[{"href":"https:\/\/www.bojungle.eu\/it\/wp-json\/wp\/v2\/product\/76663","targetHints":{"allow":["GET"]}}],"collection":[{"href":"https:\/\/www.bojungle.eu\/it\/wp-json\/wp\/v2\/product"}],"about":[{"href":"https:\/\/www.bojungle.eu\/it\/wp-json\/wp\/v2\/types\/product"}],"replies":[{"embeddable":true,"href":"https:\/\/www.bojungle.eu\/it\/wp-json\/wp\/v2\/comments?post=76663"}],"version-history":[{"count":3,"href":"https:\/\/www.bojungle.eu\/it\/wp-json\/wp\/v2\/product\/76663\/revisions"}],"predecessor-version":[{"id":80039,"href":"https:\/\/www.bojungle.eu\/it\/wp-json\/wp\/v2\/product\/76663\/revisions\/80039"}],"wp:featuredmedia":[{"embeddable":true,"href":"https:\/\/www.bojungle.eu\/it\/wp-json\/wp\/v2\/media\/76673"}],"wp:attachment":[{"href":"https:\/\/www.bojungle.eu\/it\/wp-json\/wp\/v2\/media?parent=76663"}],"wp:term":[{"taxonomy":"product_brand","embeddable":true,"href":"https:\/\/www.bojungle.eu\/it\/wp-json\/wp\/v2\/product_brand?post=76663"},{"taxonomy":"product_cat","embeddable":true,"href":"https:\/\/www.bojungle.eu\/it\/wp-json\/wp\/v2\/product_cat?post=76663"},{"taxonomy":"product_tag","embeddable":true,"href":"https:\/\/www.bojungle.eu\/it\/wp-json\/wp\/v2\/product_tag?post=76663"},{"taxonomy":"woo-feed-brand","embeddable":true,"href":"https:\/\/www.bojungle.eu\/it\/wp-json\/wp\/v2\/woo-feed-brand?post=76663"}],"curies":[{"name":"wp","href":"https:\/\/api.w.org\/{rel}","templated":true}]}}