{"id":77161,"date":"2024-09-10T09:21:12","date_gmt":"2024-09-10T07:21:12","guid":{"rendered":"https:\/\/www.bojungle.eu\/?post_type=product&#038;p=77161"},"modified":"2024-09-10T09:21:17","modified_gmt":"2024-09-10T07:21:17","slug":"locomotives-adventure","status":"publish","type":"product","link":"https:\/\/www.bojungle.eu\/it\/prodotto\/locomotives-adventure\/","title":{"rendered":"Locomotive&#8217;s Adventure"},"content":{"rendered":"<p>Ecco Locomotive&#8217;s Adventure, il set di treni giocattolo definitivo che porta entusiasmo e immaginazione a ogni momento di gioco! Con una semplice spinta, guarda gli ingranaggi girare all&#8217;unisono, creando un&#8217;esperienza coinvolgente e immersiva che i bambini adoreranno. Progettato con impostazioni di volume regolabili, Locomotive&#8217;s Adventure ti consente di scegliere tra livelli alti e bassi, rendendolo perfetto per qualsiasi ambiente di gioco. Questo versatile set di treni giocattolo presenta tre diverse modalit\u00e0, ciascuna delle quali offre una combinazione unica di suoni per mantenere l&#8217;avventura fresca ed emozionante:    <\/p>\n<ul>\n<li>Modalit\u00e0 1: Scopri tre deliziosi suoni di animali abbinati a quattro allegre note musicali.<\/li>\n<li>Modalit\u00e0 2: goditi tre divertenti effetti sonori combinati con quattro vivaci melodie.<\/li>\n<li>Modalit\u00e0 3: sperimenta un mix di tre divertenti brani musicali e quattro accattivanti effetti sonori.<\/li>\n<\/ul>\n<p> Non c&#8217;\u00e8 bisogno di preoccuparsi di acquistare le batterie: Locomotive&#8217;s Adventure \u00e8 dotato di tre batterie &#8220;AA&#8221; da 1,5 V incluse, cos\u00ec il divertimento pu\u00f2 iniziare subito! Preparati per ore di avventure creative ed emozionanti con Locomotive&#8217;s Adventure, l&#8217;aggiunta perfetta a qualsiasi sala giochi! <\/p>\n","protected":false},"excerpt":{"rendered":"<p>Ecco Locomotive&#8217;s Adventure: l&#8217;emozionante set di treni giocattolo per un divertimento senza fine! Basta spingere il treno e guardare gli ingranaggi girare insieme, creando un&#8217;esperienza immersiva. Con impostazioni del volume regolabili per alto e basso, \u00e8 perfetto per qualsiasi scenario di gioco. Esplora tre diverse modalit\u00e0, ciascuna con una combinazione unica di suoni di animali, note musicali ed effetti sonori. E non preoccuparti delle batterie: viene fornito con tre batterie &#8220;AA&#8221; da 1,5 V. Preparati a vivere emozionanti avventure con Locomotive&#8217;s Adventure!     <\/p>\n","protected":false},"featured_media":77122,"comment_status":"closed","ping_status":"closed","template":"","meta":{"_lmt_disableupdate":"","_lmt_disable":""},"product_brand":[],"product_cat":[486,609,469],"product_tag":[],"woo-feed-brand":[],"class_list":{"0":"post-77161","1":"product","2":"type-product","3":"status-publish","4":"has-post-thumbnail","6":"product_cat-giocattoli-colorati","7":"product_cat-giocattoli-di-attivita","8":"product_cat-tempo-di-gioco","10":"first","11":"instock","12":"taxable","13":"shipping-taxable","14":"purchasable","15":"product-type-simple"},"_links":{"self":[{"href":"https:\/\/www.bojungle.eu\/it\/wp-json\/wp\/v2\/product\/77161","targetHints":{"allow":["GET"]}}],"collection":[{"href":"https:\/\/www.bojungle.eu\/it\/wp-json\/wp\/v2\/product"}],"about":[{"href":"https:\/\/www.bojungle.eu\/it\/wp-json\/wp\/v2\/types\/product"}],"replies":[{"embeddable":true,"href":"https:\/\/www.bojungle.eu\/it\/wp-json\/wp\/v2\/comments?post=77161"}],"version-history":[{"count":1,"href":"https:\/\/www.bojungle.eu\/it\/wp-json\/wp\/v2\/product\/77161\/revisions"}],"predecessor-version":[{"id":77466,"href":"https:\/\/www.bojungle.eu\/it\/wp-json\/wp\/v2\/product\/77161\/revisions\/77466"}],"wp:featuredmedia":[{"embeddable":true,"href":"https:\/\/www.bojungle.eu\/it\/wp-json\/wp\/v2\/media\/77122"}],"wp:attachment":[{"href":"https:\/\/www.bojungle.eu\/it\/wp-json\/wp\/v2\/media?parent=77161"}],"wp:term":[{"taxonomy":"product_brand","embeddable":true,"href":"https:\/\/www.bojungle.eu\/it\/wp-json\/wp\/v2\/product_brand?post=77161"},{"taxonomy":"product_cat","embeddable":true,"href":"https:\/\/www.bojungle.eu\/it\/wp-json\/wp\/v2\/product_cat?post=77161"},{"taxonomy":"product_tag","embeddable":true,"href":"https:\/\/www.bojungle.eu\/it\/wp-json\/wp\/v2\/product_tag?post=77161"},{"taxonomy":"woo-feed-brand","embeddable":true,"href":"https:\/\/www.bojungle.eu\/it\/wp-json\/wp\/v2\/woo-feed-brand?post=77161"}],"curies":[{"name":"wp","href":"https:\/\/api.w.org\/{rel}","templated":true}]}}