{"id":77315,"date":"2024-09-04T16:33:14","date_gmt":"2024-09-04T14:33:14","guid":{"rendered":"https:\/\/www.bojungle.eu\/?post_type=product&#038;p=77315"},"modified":"2025-06-16T13:07:43","modified_gmt":"2025-06-16T11:07:43","slug":"sdraietta-grow-with-me-bianco-puro-kopie","status":"publish","type":"product","link":"https:\/\/www.bojungle.eu\/it\/prodotto\/sdraietta-grow-with-me-bianco-puro-kopie\/","title":{"rendered":"Sdraietta Grow With Me Grigio Ombra"},"content":{"rendered":"<div class=\"flex max-w-full flex-col flex-grow\">\n<div class=\"min-h-[20px] text-message flex w-full flex-col items-end gap-2 break-words [.text-message+&amp;]:mt-5 overflow-x-auto whitespace-normal\" dir=\"auto\" data-message-author-role=\"assistant\" data-message-id=\"d7faf530-0734-48f0-96fc-80ad607d2a5f\">\n<div class=\"flex w-full flex-col gap-1 empty:hidden first:pt-[3px]\">\n<div class=\"markdown prose w-full break-words dark:prose-invert light\">\n<p>Ecco la sdraietta Grow With Me Shady Grey, una seduta semplice ed elegante per il vostro bambino. \u00c8 perfetta per far riposare il vostro piccolo o per agganciarla al seggiolone Grow With Me al momento della pappa. La sdraietta \u00e8 dotata di una cinghia di sicurezza per tenere il bambino al sicuro, di un morbido cuscino che pu\u00f2 essere rimosso e si ripiega per essere riposta facilmente. Il rivestimento \u00e8 lavabile in lavatrice, quindi \u00e8 facile da mantenere pulito. Questa sdraietta combina comfort e praticit\u00e0 in un design elegante, rendendola un&#8217;ottima aggiunta alla vostra casa.    <\/p>\n<p><strong>Si prega di notare che il seggiolone non \u00e8 incluso ma si acquista separatamente.<\/strong><\/p>\n<\/div>\n<table border=\"1\">\n<tbody>\n<tr>\n<td>Manuale<\/td>\n<td><a href=\"https:\/\/www.bojungle.eu\/it\/prodotto\/fasciatoio-balneo-bianco-puro\/\" target=\"_blank\" rel=\"noopener\">Clicca qui<\/a><\/td>\n<\/tr>\n<\/tbody>\n<\/table>\n<\/div>\n<\/div>\n<\/div>\n","protected":false},"excerpt":{"rendered":"<p>La nostra sdraietta Grow With Me Shady Grey \u00e8 la combinazione perfetta tra funzionalit\u00e0 e design. Pu\u00f2 essere utilizzata come sdraietta per far sonnecchiare il vostro piccolo o come seggiolino per il seggiolone Grow With Me a tavola. <\/p>\n","protected":false},"featured_media":77397,"comment_status":"closed","ping_status":"closed","template":"","meta":{"_lmt_disableupdate":"","_lmt_disable":""},"product_brand":[],"product_cat":[535],"product_tag":[],"woo-feed-brand":[],"class_list":{"0":"post-77315","1":"product","2":"type-product","3":"status-publish","4":"has-post-thumbnail","6":"product_cat-altalene-e-dondoli","8":"first","9":"instock","10":"taxable","11":"shipping-taxable","12":"purchasable","13":"product-type-simple"},"_links":{"self":[{"href":"https:\/\/www.bojungle.eu\/it\/wp-json\/wp\/v2\/product\/77315","targetHints":{"allow":["GET"]}}],"collection":[{"href":"https:\/\/www.bojungle.eu\/it\/wp-json\/wp\/v2\/product"}],"about":[{"href":"https:\/\/www.bojungle.eu\/it\/wp-json\/wp\/v2\/types\/product"}],"replies":[{"embeddable":true,"href":"https:\/\/www.bojungle.eu\/it\/wp-json\/wp\/v2\/comments?post=77315"}],"version-history":[{"count":2,"href":"https:\/\/www.bojungle.eu\/it\/wp-json\/wp\/v2\/product\/77315\/revisions"}],"predecessor-version":[{"id":80254,"href":"https:\/\/www.bojungle.eu\/it\/wp-json\/wp\/v2\/product\/77315\/revisions\/80254"}],"wp:featuredmedia":[{"embeddable":true,"href":"https:\/\/www.bojungle.eu\/it\/wp-json\/wp\/v2\/media\/77397"}],"wp:attachment":[{"href":"https:\/\/www.bojungle.eu\/it\/wp-json\/wp\/v2\/media?parent=77315"}],"wp:term":[{"taxonomy":"product_brand","embeddable":true,"href":"https:\/\/www.bojungle.eu\/it\/wp-json\/wp\/v2\/product_brand?post=77315"},{"taxonomy":"product_cat","embeddable":true,"href":"https:\/\/www.bojungle.eu\/it\/wp-json\/wp\/v2\/product_cat?post=77315"},{"taxonomy":"product_tag","embeddable":true,"href":"https:\/\/www.bojungle.eu\/it\/wp-json\/wp\/v2\/product_tag?post=77315"},{"taxonomy":"woo-feed-brand","embeddable":true,"href":"https:\/\/www.bojungle.eu\/it\/wp-json\/wp\/v2\/woo-feed-brand?post=77315"}],"curies":[{"name":"wp","href":"https:\/\/api.w.org\/{rel}","templated":true}]}}