{"id":78128,"date":"2024-09-19T16:45:13","date_gmt":"2024-09-19T14:45:13","guid":{"rendered":"https:\/\/www.bojungle.eu\/?post_type=product&#038;p=78128"},"modified":"2024-09-19T16:45:20","modified_gmt":"2024-09-19T14:45:20","slug":"grow-with-me-complete-set-shady-grey","status":"publish","type":"product","link":"https:\/\/www.bojungle.eu\/it\/prodotto\/grow-with-me-complete-set-shady-grey\/","title":{"rendered":"Grow With Me Complete Set Shady Grey"},"content":{"rendered":"<p>Il set completo Grow With Me Shady Grey \u00e8 la soluzione di seduta definitiva per il viaggio del bambino dal neonato all&#8217;et\u00e0 adulta. Questo set elegante e versatile comprende sia il seggiolone Grow With Me che la sdraietta Grow With Me, combinando perfettamente comfort, sicurezza e adattabilit\u00e0 per ogni fase dello sviluppo.  <strong>Caratteristiche:<\/strong><\/p>\n<ul>\n<li><strong>Seggiolone:<\/strong>\n<ul>\n<li>Vassoio rimovibile per una pulizia agevole e un utilizzo multiplo.<\/li>\n<li>Seduta e pedana regolabili per crescere insieme al bambino.<\/li>\n<li>Cintura di sicurezza sicura per una maggiore sicurezza e tranquillit\u00e0.<\/li>\n<li>Design ergonomico per offrire un comfort di seduta ottimale a tutte le et\u00e0.<\/li>\n<\/ul>\n<\/li>\n<li><strong>Rocker:<\/strong>\n<ul>\n<li>Collegate la sdraietta Grow With Me al seggiolone per una perfetta configurazione del neonato.<\/li>\n<li>Cuscino morbido e rimovibile e rivestimento lavabile in lavatrice per una facile manutenzione.<\/li>\n<li>Si ripiega per essere riposto in modo compatto e comodo in viaggio.<\/li>\n<\/ul>\n<\/li>\n<\/ul>\n<p> Che sia l&#8217;ora della pappa o del gioco, il set completo Grow With Me \u00e8 il compagno perfetto per la vostra famiglia, in grado di offrire comfort e flessibilit\u00e0 a lungo termine, il tutto in un design moderno ed elegante di colore grigio scuro.<\/p>\n","protected":false},"excerpt":{"rendered":"<div class=\"flex max-w-full flex-col flex-grow\">\n<div class=\"min-h-[20px] text-message flex w-full flex-col items-end gap-2 whitespace-normal break-words [.text-message+&amp;]:mt-5\" dir=\"auto\" data-message-author-role=\"assistant\" data-message-id=\"86751314-bcc5-4504-a219-4bf3f1df37bb\">\n<div class=\"flex w-full flex-col gap-1 empty:hidden first:pt-[3px]\">\n<div class=\"markdown prose w-full break-words dark:prose-invert light\"> Il set completo Grow With Me in Shady Grey offre la soluzione di seduta perfetta per il bambino dal neonato all&#8217;et\u00e0 adulta. Questo versatile set comprende il seggiolone e la sdraietta Grow With Me, progettati per garantire comfort, sicurezza e adattabilit\u00e0 in ogni fase. Grazie alle funzioni regolabili, al vassoio rimovibile e alla sdraietta compatta e pieghevole, \u00e8 il mix perfetto di stile e praticit\u00e0 per le famiglie moderne.   <\/div>\n<\/div>\n<\/div>\n<\/div>\n","protected":false},"featured_media":77669,"comment_status":"closed","ping_status":"closed","template":"","meta":{"_lmt_disableupdate":"","_lmt_disable":""},"product_brand":[],"product_cat":[652,535,428],"product_tag":[],"woo-feed-brand":[],"class_list":{"0":"post-78128","1":"product","2":"type-product","3":"status-publish","4":"has-post-thumbnail","6":"product_cat-seggioloni-e-seggiolini-per-bambini","7":"product_cat-altalene-e-dondoli","8":"product_cat-cibo-e-bevande","10":"first","11":"instock","12":"featured","13":"taxable","14":"shipping-taxable","15":"purchasable","16":"product-type-simple"},"_links":{"self":[{"href":"https:\/\/www.bojungle.eu\/it\/wp-json\/wp\/v2\/product\/78128","targetHints":{"allow":["GET"]}}],"collection":[{"href":"https:\/\/www.bojungle.eu\/it\/wp-json\/wp\/v2\/product"}],"about":[{"href":"https:\/\/www.bojungle.eu\/it\/wp-json\/wp\/v2\/types\/product"}],"replies":[{"embeddable":true,"href":"https:\/\/www.bojungle.eu\/it\/wp-json\/wp\/v2\/comments?post=78128"}],"version-history":[{"count":1,"href":"https:\/\/www.bojungle.eu\/it\/wp-json\/wp\/v2\/product\/78128\/revisions"}],"predecessor-version":[{"id":78137,"href":"https:\/\/www.bojungle.eu\/it\/wp-json\/wp\/v2\/product\/78128\/revisions\/78137"}],"wp:featuredmedia":[{"embeddable":true,"href":"https:\/\/www.bojungle.eu\/it\/wp-json\/wp\/v2\/media\/77669"}],"wp:attachment":[{"href":"https:\/\/www.bojungle.eu\/it\/wp-json\/wp\/v2\/media?parent=78128"}],"wp:term":[{"taxonomy":"product_brand","embeddable":true,"href":"https:\/\/www.bojungle.eu\/it\/wp-json\/wp\/v2\/product_brand?post=78128"},{"taxonomy":"product_cat","embeddable":true,"href":"https:\/\/www.bojungle.eu\/it\/wp-json\/wp\/v2\/product_cat?post=78128"},{"taxonomy":"product_tag","embeddable":true,"href":"https:\/\/www.bojungle.eu\/it\/wp-json\/wp\/v2\/product_tag?post=78128"},{"taxonomy":"woo-feed-brand","embeddable":true,"href":"https:\/\/www.bojungle.eu\/it\/wp-json\/wp\/v2\/woo-feed-brand?post=78128"}],"curies":[{"name":"wp","href":"https:\/\/api.w.org\/{rel}","templated":true}]}}