{"id":82143,"date":"2025-11-26T14:51:25","date_gmt":"2025-11-26T13:51:25","guid":{"rendered":"https:\/\/www.bojungle.eu\/?post_type=product&#038;p=82143"},"modified":"2026-04-07T13:49:16","modified_gmt":"2026-04-07T11:49:16","slug":"palestra-musicale-e-di-gioco-leggero-borneo","status":"publish","type":"product","link":"https:\/\/www.bojungle.eu\/it\/prodotto\/palestra-musicale-e-di-gioco-leggero-borneo\/","title":{"rendered":"Borneo Musical &amp; Light Play Gym"},"content":{"rendered":"<p>La palestra attivit\u00e0 musicale con luci Borneo \u00e8 progettata per intrattenere, rassicurare e stimolare il tuo bambino durante i momenti di gioco quotidiani.<\/p>\n<p>Con i suoi colori delicati, i giochi divertenti, le luci e le melodie, questa palestra per bambini crea uno spazio attivit\u00e0 accogliente in cui il tuo piccolo pu\u00f2 rilassarsi, scoprire e sviluppare importanti abilit\u00e0 fin dai primi mesi.<br \/>\nI giochi sospesi incoraggiano il bambino ad allungarsi, scalciare e afferrare, contribuendo cos\u00ec a sostenere l\u2019esplorazione sensoriale e lo sviluppo motorio fin dalla pi\u00f9 tenera et\u00e0.<\/p>\n<p>Il comodo tappetino da gioco offre uno spazio accogliente per stare sdraiati, stiracchiarsi e giocare, mentre le funzioni luminose e musicali aggiungono ulteriore stimolo e divertimento.<br \/>\nPer questo, la palestra attivit\u00e0 musicale con luci Borneo \u00e8 una scelta ideale per i primi momenti di gioco e di scoperta del tuo bambino.<\/p>\n<p>La palestra attivit\u00e0 musicale con luci Borneo \u00e8 una palestra per bambini pratica e coinvolgente, ideale per i genitori che cercano comfort, stimolazione e sviluppo attraverso il gioco in un unico design elegante.<\/p>\n<p>\u2022 Palestra morbida e confortevole per bambini<br \/>\n\u2022 Colori delicati per un aspetto rassicurante<br \/>\n\u2022 Con funzioni luminose e melodie<br \/>\n\u2022 Giochi sospesi stimolanti<br \/>\n\u2022 Favorisce la scoperta sensoriale<br \/>\n\u2022 Supporta lo sviluppo motorio precoce<br \/>\n\u2022 Ideale per i momenti di gioco quotidiani<br \/>\n\u2022 Spazio confortevole per i primi momenti di gioco<\/p>\n","protected":false},"excerpt":{"rendered":"<div class=\"relative w-full mt-4 mb-1\">\n<div class=\"\">\n<div class=\"relative\">\n<div class=\"h-full min-h-0 min-w-0\">\n<div class=\"h-full min-h-0 min-w-0\">\n<div class=\"border border-token-border-light border-radius-3xl corner-superellipse\/1.1 rounded-3xl\">\n<div class=\"h-full w-full border-radius-3xl bg-token-bg-elevated-secondary corner-superellipse\/1.1 overflow-clip rounded-3xl lxnfua_clipPathFallback\">\n<div class=\"w-full overflow-x-hidden overflow-y-auto pe-11 pt-3\">\n<div class=\"relative z-0 flex max-w-full\">\n<div id=\"code-block-viewer\" class=\"q9tKkq_viewer cm-editor z-10 light:cm-light dark:cm-light flex h-full w-full flex-col items-stretch \u037c5 \u037cj\" dir=\"ltr\">\n<div class=\"cm-scroller\">\n<div class=\"cm-content q9tKkq_readonly\">Crea uno spazio di gioco morbido e stimolante per il tuo bambino con la palestra attivit\u00e0 musicale con luci Borneo. Questa palestra per bambini combina colori delicati, luci, melodie e allegri giochi sospesi per favorire la scoperta sensoriale, i primi movimenti e momenti di gioco quotidiani in totale comfort. <\/div>\n<\/div>\n<\/div>\n<\/div>\n<\/div>\n<\/div>\n<\/div>\n<\/div>\n<\/div>\n<div class=\"\">\n<div class=\"\"><\/div>\n<\/div>\n<\/div>\n<\/div>\n<\/div>\n","protected":false},"featured_media":82253,"comment_status":"closed","ping_status":"closed","template":"","meta":{"_lmt_disableupdate":"no","_lmt_disable":""},"product_brand":[],"product_cat":[469,609,470,610],"product_tag":[1649,1646,1652,1650,1647,1645,1651,1648],"woo-feed-brand":[],"class_list":{"0":"post-82143","1":"product","2":"type-product","3":"status-publish","4":"has-post-thumbnail","6":"product_cat-tempo-di-gioco","7":"product_cat-giocattoli-di-attivita","8":"product_cat-giocattoli-di-peluche","9":"product_cat-giocattoli-musicali","10":"product_tag-gioco-sensoriale-per-bambini","11":"product_tag-palestra-attivita-per-bambini","12":"product_tag-palestra-gioco-borneo-per-bambini","13":"product_tag-palestra-gioco-con-luci-per-bambini","14":"product_tag-palestra-gioco-musicale-per-bambini","15":"product_tag-palestra-gioco-per-bambini","16":"product_tag-palestra-per-lo-sviluppo-del-bambino","17":"product_tag-tappetino-attivita-per-bambini","19":"first","20":"instock","21":"taxable","22":"shipping-taxable","23":"purchasable","24":"product-type-simple"},"_links":{"self":[{"href":"https:\/\/www.bojungle.eu\/it\/wp-json\/wp\/v2\/product\/82143","targetHints":{"allow":["GET"]}}],"collection":[{"href":"https:\/\/www.bojungle.eu\/it\/wp-json\/wp\/v2\/product"}],"about":[{"href":"https:\/\/www.bojungle.eu\/it\/wp-json\/wp\/v2\/types\/product"}],"replies":[{"embeddable":true,"href":"https:\/\/www.bojungle.eu\/it\/wp-json\/wp\/v2\/comments?post=82143"}],"version-history":[{"count":4,"href":"https:\/\/www.bojungle.eu\/it\/wp-json\/wp\/v2\/product\/82143\/revisions"}],"predecessor-version":[{"id":85528,"href":"https:\/\/www.bojungle.eu\/it\/wp-json\/wp\/v2\/product\/82143\/revisions\/85528"}],"wp:featuredmedia":[{"embeddable":true,"href":"https:\/\/www.bojungle.eu\/it\/wp-json\/wp\/v2\/media\/82253"}],"wp:attachment":[{"href":"https:\/\/www.bojungle.eu\/it\/wp-json\/wp\/v2\/media?parent=82143"}],"wp:term":[{"taxonomy":"product_brand","embeddable":true,"href":"https:\/\/www.bojungle.eu\/it\/wp-json\/wp\/v2\/product_brand?post=82143"},{"taxonomy":"product_cat","embeddable":true,"href":"https:\/\/www.bojungle.eu\/it\/wp-json\/wp\/v2\/product_cat?post=82143"},{"taxonomy":"product_tag","embeddable":true,"href":"https:\/\/www.bojungle.eu\/it\/wp-json\/wp\/v2\/product_tag?post=82143"},{"taxonomy":"woo-feed-brand","embeddable":true,"href":"https:\/\/www.bojungle.eu\/it\/wp-json\/wp\/v2\/woo-feed-brand?post=82143"}],"curies":[{"name":"wp","href":"https:\/\/api.w.org\/{rel}","templated":true}]}}