{"id":83307,"date":"2025-11-26T14:31:24","date_gmt":"2025-11-26T13:31:24","guid":{"rendered":"https:\/\/www.bojungle.eu\/product\/la-salute-del-bambino-set-dune\/"},"modified":"2025-12-10T14:11:38","modified_gmt":"2025-12-10T13:11:38","slug":"la-salute-del-bambino-set-dune","status":"publish","type":"product","link":"https:\/\/www.bojungle.eu\/it\/prodotto\/la-salute-del-bambino-set-dune\/","title":{"rendered":"La salute del bambino Set Dune"},"content":{"rendered":"<p>Stai andando in viaggio o vuoi semplicemente risparmiare spazio a casa? Con questo set classico di cura, hai tutto ci\u00f2 di cui hai bisogno a portata di mano in un formato compatto. Questo set di cura contiene tutti gli elementi essenziali per prendersi cura del tuo bambino. La borsa \u00e8 realizzata con tessuti di alta qualit\u00e0 ed \u00e8 lavabile in lavatrice.   <\/p>\n<ul>\n<li>Lime per unghie<\/li>\n<li>Forbici piccole<\/li>\n<li>Spazzolino da denti a dito<\/li>\n<li>Pettine<\/li>\n<li>Pennello morbido<\/li>\n<li>Termometro digitale flessibile<\/li>\n<li>Lampadina nasale<\/li>\n<li>Tagliaunghie<\/li>\n<\/ul>\n","protected":false},"excerpt":{"rendered":"<p>Stai andando in viaggio o vuoi semplicemente risparmiare spazio a casa? Con questo set classico di cura, hai tutto ci\u00f2 di cui hai bisogno a portata di mano in un formato compatto. Questo set di cura contiene tutti gli elementi essenziali per prendersi cura del tuo bambino. La borsa \u00e8 realizzata con tessuti di alta qualit\u00e0 ed \u00e8 lavabile in lavatrice.   <\/p>\n","protected":false},"featured_media":82111,"comment_status":"closed","ping_status":"closed","template":"","meta":{"_lmt_disableupdate":"","_lmt_disable":""},"product_brand":[],"product_cat":[583,520],"product_tag":[],"woo-feed-brand":[],"class_list":{"0":"post-83307","1":"product","2":"type-product","3":"status-publish","4":"has-post-thumbnail","6":"product_cat-bellezza-e-salute-del-bambino","7":"product_cat-toelettatura","9":"first","10":"instock","11":"featured","12":"taxable","13":"shipping-taxable","14":"purchasable","15":"product-type-simple"},"_links":{"self":[{"href":"https:\/\/www.bojungle.eu\/it\/wp-json\/wp\/v2\/product\/83307","targetHints":{"allow":["GET"]}}],"collection":[{"href":"https:\/\/www.bojungle.eu\/it\/wp-json\/wp\/v2\/product"}],"about":[{"href":"https:\/\/www.bojungle.eu\/it\/wp-json\/wp\/v2\/types\/product"}],"replies":[{"embeddable":true,"href":"https:\/\/www.bojungle.eu\/it\/wp-json\/wp\/v2\/comments?post=83307"}],"version-history":[{"count":0,"href":"https:\/\/www.bojungle.eu\/it\/wp-json\/wp\/v2\/product\/83307\/revisions"}],"wp:featuredmedia":[{"embeddable":true,"href":"https:\/\/www.bojungle.eu\/it\/wp-json\/wp\/v2\/media\/82111"}],"wp:attachment":[{"href":"https:\/\/www.bojungle.eu\/it\/wp-json\/wp\/v2\/media?parent=83307"}],"wp:term":[{"taxonomy":"product_brand","embeddable":true,"href":"https:\/\/www.bojungle.eu\/it\/wp-json\/wp\/v2\/product_brand?post=83307"},{"taxonomy":"product_cat","embeddable":true,"href":"https:\/\/www.bojungle.eu\/it\/wp-json\/wp\/v2\/product_cat?post=83307"},{"taxonomy":"product_tag","embeddable":true,"href":"https:\/\/www.bojungle.eu\/it\/wp-json\/wp\/v2\/product_tag?post=83307"},{"taxonomy":"woo-feed-brand","embeddable":true,"href":"https:\/\/www.bojungle.eu\/it\/wp-json\/wp\/v2\/woo-feed-brand?post=83307"}],"curies":[{"name":"wp","href":"https:\/\/api.w.org\/{rel}","templated":true}]}}