{"id":83464,"date":"2025-10-22T13:13:54","date_gmt":"2025-10-22T11:13:54","guid":{"rendered":"https:\/\/www.bojungle.eu\/product\/organizzatore-termo-tiralatte-dune\/"},"modified":"2025-12-10T14:15:08","modified_gmt":"2025-12-10T13:15:08","slug":"organizzatore-termo-tiralatte-dune","status":"publish","type":"product","link":"https:\/\/www.bojungle.eu\/it\/prodotto\/organizzatore-termo-tiralatte-dune\/","title":{"rendered":"Organizzatore Termo Tiralatte Dune"},"content":{"rendered":"<p>Il nostro Thermo Breast Pump Organiser \u00e8 la soluzione essenziale per le mamme che allattano e sono sempre in movimento. Realizzato con comodit\u00e0 e discrezione in mente, questo organizzatore \u00e8 pensato per integrarsi perfettamente nel tuo stile di vita frenetico, mantenendo i tuoi beni essenziali per l&#8217;allattamento ordinati e facilmente accessibili. <\/p>\n<p>Con un design discreto che si integra senza sforzo con le ultime tendenze e la nostra gamma di prodotti premium, questo organizzatore ti garantisce di poter continuare il tuo percorso di allattamento al seno con sicurezza e stile. Che tu stia andando in ufficio o intraprendendo un&#8217;avventura del weekend, questa elegante borsa ha le tue coperte. <\/p>\n<p>Dotato di un compartimento termoisolante, il nostro organizzatore mantiene la temperatura ottimale per il tuo latte materno o, successivamente, per barattoli di cibo per bambini, garantendo freschezza ovunque tu vada.<\/p>\n<p>Con due scomparti separati, puoi organizzare efficacemente le tue cose essenziali. Il compartimento superiore ospita comodamente il tiralatte, mentre quello inferiore offre ampio spazio per conservare bottiglie e altri beni di prima necessit\u00e0. Con abbastanza spazio per un tiralatte, due biberon, assorbenti per l&#8217;allattamento e altri piccoli oggetti, tutto ci\u00f2 di cui hai bisogno \u00e8 a portata di mano.  <\/p>\n<p>All&#8217;interno, tasche strategicamente posizionate mantengono i tuoi oggetti al sicuro e facilmente accessibili. Niente pi\u00f9 cercare oggetti smarriti; Tutto rimane al suo posto, permettendoti di concentrarti sulla cura del tuo piccolo. <\/p>\n<p>Migliora il tuo percorso di allattamento al seno con il nostro Organiser Termo per Tiralatte. Pratico, elegante e versatile, \u00e8 il compagno perfetto per ogni mamma che allatta in viaggio.<\/p>\n","protected":false},"excerpt":{"rendered":"<ul>\n<li>Il Thermo Breastpump Organiser \u00e8 stato progettato per consentire alle mamme che allattano al seno di portare con s\u00e9 tutto il necessario quando, ad esempio, tornano al lavoro e vogliono continuare ad allattare. Quando il bambino smette di allattare, questa borsa discreta pu\u00f2 sempre essere utilizzata per viaggiare, ecc.<\/li>\n<li>Design discreto basato sulle ultime tendenze e in linea con gli altri prodotti<\/li>\n<li>Borsa termoisolata per conservare il latte materno (o in seguito i vasetti di alimenti per l&#8217;infanzia, ecc.) e mantenerlo fresco<\/li>\n<li>Due scomparti separati: quello superiore per il tiralatte, quello inferiore per i biberon, ecc.<\/li>\n<li>Spazio sufficiente per riporre un tiralatte, due biberon, alcuni cuscinetti per l&#8217;allattamento e altri piccoli oggetti.<\/li>\n<li>Tasche all&#8217;interno per tenere tutto a posto<\/li>\n<\/ul>\n","protected":false},"featured_media":81919,"comment_status":"closed","ping_status":"closed","template":"","meta":{"_lmt_disableupdate":"","_lmt_disable":""},"product_brand":[],"product_cat":[626,625],"product_tag":[],"woo-feed-brand":[],"class_list":{"0":"post-83464","1":"product","2":"type-product","3":"status-publish","4":"has-post-thumbnail","6":"product_cat-accessori-per-esterni","7":"product_cat-allaperto","9":"first","10":"instock","11":"taxable","12":"shipping-taxable","13":"purchasable","14":"product-type-simple"},"_links":{"self":[{"href":"https:\/\/www.bojungle.eu\/it\/wp-json\/wp\/v2\/product\/83464","targetHints":{"allow":["GET"]}}],"collection":[{"href":"https:\/\/www.bojungle.eu\/it\/wp-json\/wp\/v2\/product"}],"about":[{"href":"https:\/\/www.bojungle.eu\/it\/wp-json\/wp\/v2\/types\/product"}],"replies":[{"embeddable":true,"href":"https:\/\/www.bojungle.eu\/it\/wp-json\/wp\/v2\/comments?post=83464"}],"version-history":[{"count":0,"href":"https:\/\/www.bojungle.eu\/it\/wp-json\/wp\/v2\/product\/83464\/revisions"}],"wp:featuredmedia":[{"embeddable":true,"href":"https:\/\/www.bojungle.eu\/it\/wp-json\/wp\/v2\/media\/81919"}],"wp:attachment":[{"href":"https:\/\/www.bojungle.eu\/it\/wp-json\/wp\/v2\/media?parent=83464"}],"wp:term":[{"taxonomy":"product_brand","embeddable":true,"href":"https:\/\/www.bojungle.eu\/it\/wp-json\/wp\/v2\/product_brand?post=83464"},{"taxonomy":"product_cat","embeddable":true,"href":"https:\/\/www.bojungle.eu\/it\/wp-json\/wp\/v2\/product_cat?post=83464"},{"taxonomy":"product_tag","embeddable":true,"href":"https:\/\/www.bojungle.eu\/it\/wp-json\/wp\/v2\/product_tag?post=83464"},{"taxonomy":"woo-feed-brand","embeddable":true,"href":"https:\/\/www.bojungle.eu\/it\/wp-json\/wp\/v2\/woo-feed-brand?post=83464"}],"curies":[{"name":"wp","href":"https:\/\/api.w.org\/{rel}","templated":true}]}}