{"id":64744,"date":"2020-08-19T07:40:26","date_gmt":"2020-08-19T05:40:26","guid":{"rendered":"https:\/\/www.bojungle.eu\/faq\/"},"modified":"2024-01-23T10:52:44","modified_gmt":"2024-01-23T09:52:44","slug":"faq","status":"publish","type":"page","link":"https:\/\/www.bojungle.eu\/nl\/faq\/","title":{"rendered":"Faq"},"content":{"rendered":"\t\t<div data-elementor-type=\"wp-page\" data-elementor-id=\"64744\" class=\"elementor elementor-64744 elementor-14474\" data-elementor-post-type=\"page\">\n\t\t\t\t<div class=\"elementor-element elementor-element-223e7ce e-flex e-con-boxed rael-particle-no e-con e-parent\" data-id=\"223e7ce\" data-element_type=\"container\" data-e-type=\"container\" data-settings=\"{&quot;rae_animations_entrance&quot;:&quot;none&quot;}\">\n\t\t\t\t\t<div class=\"e-con-inner\">\n\t\t<div class=\"elementor-element elementor-element-534d81a e-con-full e-flex rael-particle-no e-con e-child\" data-id=\"534d81a\" data-element_type=\"container\" data-e-type=\"container\" data-settings=\"{&quot;rae_animations_entrance&quot;:&quot;none&quot;}\">\n\t\t\t\t<div class=\"elementor-element elementor-element-a5c7eab title-block-1 elementor-widget elementor-widget-heading\" data-id=\"a5c7eab\" data-element_type=\"widget\" data-e-type=\"widget\" data-widget_type=\"heading.default\">\n\t\t\t\t<div class=\"elementor-widget-container\">\n\t\t\t\t\t<h2 class=\"elementor-heading-title elementor-size-default\">Veel gestelde vragen<\/h2>\t\t\t\t<\/div>\n\t\t\t\t<\/div>\n\t\t\t\t<\/div>\n\t\t\t\t\t<\/div>\n\t\t\t\t<\/div>\n\t\t<div class=\"elementor-element elementor-element-2b1cb52 e-flex e-con-boxed rael-particle-no e-con e-parent\" data-id=\"2b1cb52\" data-element_type=\"container\" data-e-type=\"container\" data-settings=\"{&quot;rae_animations_entrance&quot;:&quot;none&quot;}\">\n\t\t\t\t\t<div class=\"e-con-inner\">\n\t\t<div class=\"elementor-element elementor-element-f2c3de9 e-flex e-con-boxed rael-particle-no e-con e-child\" data-id=\"f2c3de9\" data-element_type=\"container\" data-e-type=\"container\" data-settings=\"{&quot;rae_animations_entrance&quot;:&quot;none&quot;}\">\n\t\t\t\t\t<div class=\"e-con-inner\">\n\t\t\t\t<div class=\"elementor-element elementor-element-b20a25a elementor-widget elementor-widget-toggle\" data-id=\"b20a25a\" data-element_type=\"widget\" data-e-type=\"widget\" data-widget_type=\"toggle.default\">\n\t\t\t\t<div class=\"elementor-widget-container\">\n\t\t\t\t\t\t\t<div class=\"elementor-toggle\">\n\t\t\t\t\t\t\t<div class=\"elementor-toggle-item\">\n\t\t\t\t\t<div id=\"elementor-tab-title-1861\" class=\"elementor-tab-title\" data-tab=\"1\" role=\"button\" aria-controls=\"elementor-tab-content-1861\" aria-expanded=\"false\">\n\t\t\t\t\t\t\t\t\t\t\t\t<span class=\"elementor-toggle-icon elementor-toggle-icon-left\" aria-hidden=\"true\">\n\t\t\t\t\t\t\t\t\t\t\t\t\t\t\t<span class=\"elementor-toggle-icon-closed\"><i class=\"fas fa-caret-right\"><\/i><\/span>\n\t\t\t\t\t\t\t\t<span class=\"elementor-toggle-icon-opened\"><i class=\"elementor-toggle-icon-opened fas fa-caret-up\"><\/i><\/span>\n\t\t\t\t\t\t\t\t\t\t\t\t\t<\/span>\n\t\t\t\t\t\t\t\t\t\t\t\t<a class=\"elementor-toggle-title\" tabindex=\"0\">Waar staat Bo Jungle voor?<\/a>\n\t\t\t\t\t<\/div>\n\n\t\t\t\t\t<div id=\"elementor-tab-content-1861\" class=\"elementor-tab-content elementor-clearfix\" data-tab=\"1\" role=\"region\" aria-labelledby=\"elementor-tab-title-1861\"><p style=\"border: 0px solid #d9d9e3; --tw-border-spacing-x: 0; --tw-border-spacing-y: 0; --tw-translate-x: 0; --tw-translate-y: 0; --tw-rotate: 0; --tw-skew-x: 0; --tw-skew-y: 0; --tw-scale-x: 1; --tw-scale-y: 1; --tw-scroll-snap-strictness: proximity; --tw-ring-offset-width: 0px; --tw-ring-offset-color: #fff; --tw-ring-color: rgba(69,89,164,.5); --tw-ring-offset-shadow: 0 0 transparent; --tw-ring-shadow: 0 0 transparent; --tw-shadow: 0 0 transparent; --tw-shadow-colored: 0 0 transparent; margin: 1.25em 0px; color: #374151; font-family: S\u00f6hne, ui-sans-serif, system-ui, -apple-system, 'Segoe UI', Roboto, Ubuntu, Cantarell, 'Noto Sans', sans-serif, 'Helvetica Neue', Arial, 'Apple Color Emoji', 'Segoe UI Emoji', 'Segoe UI Symbol', 'Noto Color Emoji'; letter-spacing: normal; white-space-collapse: preserve;\">Bo Jungle is meer dan alleen een merk; het is een toewijding om ouders en verzorgers te ondersteunen tijdens de lonende reis van het opvoeden van hun kleintjes. Onze missie, afkomstig uit Belgi\u00eb, is om uitgebreide hulp te bieden bij verschillende aspecten van het ouderschap, waaronder eten, uitstapjes, verzorging, speeltijd, slaap, veiligheid en meer. <\/p>\n<p style=\"border: 0px solid #d9d9e3; --tw-border-spacing-x: 0; --tw-border-spacing-y: 0; --tw-translate-x: 0; --tw-translate-y: 0; --tw-rotate: 0; --tw-skew-x: 0; --tw-skew-y: 0; --tw-scale-x: 1; --tw-scale-y: 1; --tw-scroll-snap-strictness: proximity; --tw-ring-offset-width: 0px; --tw-ring-offset-color: #fff; --tw-ring-color: rgba(69,89,164,.5); --tw-ring-offset-shadow: 0 0 transparent; --tw-ring-shadow: 0 0 transparent; --tw-shadow: 0 0 transparent; --tw-shadow-colored: 0 0 transparent; margin: 1.25em 0px 0px; color: #374151; font-family: S\u00f6hne, ui-sans-serif, system-ui, -apple-system, 'Segoe UI', Roboto, Ubuntu, Cantarell, 'Noto Sans', sans-serif, 'Helvetica Neue', Arial, 'Apple Color Emoji', 'Segoe UI Emoji', 'Segoe UI Symbol', 'Noto Color Emoji'; letter-spacing: normal; white-space-collapse: preserve;\">Ons uitgebreide assortiment betaalbare producten is zorgvuldig ontworpen om het dagelijks leven van zowel ouders als kinderen te verbeteren. Met een focus op mooi design, innovatie en, belangrijker nog, hoogwaardig vakmanschap, streeft Bo Jungle ernaar om de ouderschapservaring leuker en bevredigender te maken. Wij geloven in het cre\u00ebren van producten die niet alleen voldoen aan de praktische behoeften van ouders, maar ook een vleugje vreugde en comfort toevoegen aan het leven van de kleintjes die we koesteren.  <\/p><\/p>\n<\/div>\n\t\t\t\t<\/div>\n\t\t\t\t\t\t\t<div class=\"elementor-toggle-item\">\n\t\t\t\t\t<div id=\"elementor-tab-title-1862\" class=\"elementor-tab-title\" data-tab=\"2\" role=\"button\" aria-controls=\"elementor-tab-content-1862\" aria-expanded=\"false\">\n\t\t\t\t\t\t\t\t\t\t\t\t<span class=\"elementor-toggle-icon elementor-toggle-icon-left\" aria-hidden=\"true\">\n\t\t\t\t\t\t\t\t\t\t\t\t\t\t\t<span class=\"elementor-toggle-icon-closed\"><i class=\"fas fa-caret-right\"><\/i><\/span>\n\t\t\t\t\t\t\t\t<span class=\"elementor-toggle-icon-opened\"><i class=\"elementor-toggle-icon-opened fas fa-caret-up\"><\/i><\/span>\n\t\t\t\t\t\t\t\t\t\t\t\t\t<\/span>\n\t\t\t\t\t\t\t\t\t\t\t\t<a class=\"elementor-toggle-title\" tabindex=\"0\">Wat moet ik doen als ik een klacht heb over een Bo Jungle product?<\/a>\n\t\t\t\t\t<\/div>\n\n\t\t\t\t\t<div id=\"elementor-tab-content-1862\" class=\"elementor-tab-content elementor-clearfix\" data-tab=\"2\" role=\"region\" aria-labelledby=\"elementor-tab-title-1862\"><p>Als uw product defect is, neem dan contact op met de winkel van aankoop met uw aankoopbewijs. Zij kunnen u verder helpen. <br \/>Als het om iets anders gaat, kunt u ons altijd een bericht sturen via de<a href=\"https:\/\/www.bojungle.eu\/nl\/neem-contact-op-met\/\">&#8220;contact<\/a>&#8221; pagina.<\/p><\/p>\n<\/div>\n\t\t\t\t<\/div>\n\t\t\t\t\t\t\t<div class=\"elementor-toggle-item\">\n\t\t\t\t\t<div id=\"elementor-tab-title-1863\" class=\"elementor-tab-title\" data-tab=\"3\" role=\"button\" aria-controls=\"elementor-tab-content-1863\" aria-expanded=\"false\">\n\t\t\t\t\t\t\t\t\t\t\t\t<span class=\"elementor-toggle-icon elementor-toggle-icon-left\" aria-hidden=\"true\">\n\t\t\t\t\t\t\t\t\t\t\t\t\t\t\t<span class=\"elementor-toggle-icon-closed\"><i class=\"fas fa-caret-right\"><\/i><\/span>\n\t\t\t\t\t\t\t\t<span class=\"elementor-toggle-icon-opened\"><i class=\"elementor-toggle-icon-opened fas fa-caret-up\"><\/i><\/span>\n\t\t\t\t\t\t\t\t\t\t\t\t\t<\/span>\n\t\t\t\t\t\t\t\t\t\t\t\t<a class=\"elementor-toggle-title\" tabindex=\"0\">Welke verzendservice gebruikt Bo Jungle?<\/a>\n\t\t\t\t\t<\/div>\n\n\t\t\t\t\t<div id=\"elementor-tab-content-1863\" class=\"elementor-tab-content elementor-clearfix\" data-tab=\"3\" role=\"region\" aria-labelledby=\"elementor-tab-title-1863\"><p>\n            <span style=\"color: #374151; font-family: S\u00f6hne, ui-sans-serif, system-ui, -apple-system, 'Segoe UI', Roboto, Ubuntu, Cantarell, 'Noto Sans', sans-serif, 'Helvetica Neue', Arial, 'Apple Color Emoji', 'Segoe UI Emoji', 'Segoe UI Symbol', 'Noto Color Emoji'; letter-spacing: normal; white-space-collapse: preserve;\">Bo Jungle maakt gebruik van de verzendservice van DPD.<\/span>\n          <\/p>\n<\/div>\n\t\t\t\t<\/div>\n\t\t\t\t\t\t\t<div class=\"elementor-toggle-item\">\n\t\t\t\t\t<div id=\"elementor-tab-title-1864\" class=\"elementor-tab-title\" data-tab=\"4\" role=\"button\" aria-controls=\"elementor-tab-content-1864\" aria-expanded=\"false\">\n\t\t\t\t\t\t\t\t\t\t\t\t<span class=\"elementor-toggle-icon elementor-toggle-icon-left\" aria-hidden=\"true\">\n\t\t\t\t\t\t\t\t\t\t\t\t\t\t\t<span class=\"elementor-toggle-icon-closed\"><i class=\"fas fa-caret-right\"><\/i><\/span>\n\t\t\t\t\t\t\t\t<span class=\"elementor-toggle-icon-opened\"><i class=\"elementor-toggle-icon-opened fas fa-caret-up\"><\/i><\/span>\n\t\t\t\t\t\t\t\t\t\t\t\t\t<\/span>\n\t\t\t\t\t\t\t\t\t\t\t\t<a class=\"elementor-toggle-title\" tabindex=\"0\">Bij welk bedrag komen artikelen in aanmerking voor gratis verzending?<\/a>\n\t\t\t\t\t<\/div>\n\n\t\t\t\t\t<div id=\"elementor-tab-content-1864\" class=\"elementor-tab-content elementor-clearfix\" data-tab=\"4\" role=\"region\" aria-labelledby=\"elementor-tab-title-1864\"><p>\n            <span style=\"color: #374151; font-family: S\u00f6hne, ui-sans-serif, system-ui, -apple-system, 'Segoe UI', Roboto, Ubuntu, Cantarell, 'Noto Sans', sans-serif, 'Helvetica Neue', Arial, 'Apple Color Emoji', 'Segoe UI Emoji', 'Segoe UI Symbol', 'Noto Color Emoji'; letter-spacing: normal; white-space-collapse: preserve;\">Artikelen komen in aanmerking voor gratis verzending bij bestellingen van in totaal \u20ac 40 of meer.<\/span>\n          <\/p>\n<\/div>\n\t\t\t\t<\/div>\n\t\t\t\t\t\t\t<div class=\"elementor-toggle-item\">\n\t\t\t\t\t<div id=\"elementor-tab-title-1865\" class=\"elementor-tab-title\" data-tab=\"5\" role=\"button\" aria-controls=\"elementor-tab-content-1865\" aria-expanded=\"false\">\n\t\t\t\t\t\t\t\t\t\t\t\t<span class=\"elementor-toggle-icon elementor-toggle-icon-left\" aria-hidden=\"true\">\n\t\t\t\t\t\t\t\t\t\t\t\t\t\t\t<span class=\"elementor-toggle-icon-closed\"><i class=\"fas fa-caret-right\"><\/i><\/span>\n\t\t\t\t\t\t\t\t<span class=\"elementor-toggle-icon-opened\"><i class=\"elementor-toggle-icon-opened fas fa-caret-up\"><\/i><\/span>\n\t\t\t\t\t\t\t\t\t\t\t\t\t<\/span>\n\t\t\t\t\t\t\t\t\t\t\t\t<a class=\"elementor-toggle-title\" tabindex=\"0\">Wat geeft de functie 'store locator' aan?<\/a>\n\t\t\t\t\t<\/div>\n\n\t\t\t\t\t<div id=\"elementor-tab-content-1865\" class=\"elementor-tab-content elementor-clearfix\" data-tab=\"5\" role=\"region\" aria-labelledby=\"elementor-tab-title-1865\"><p>Met de winkelzoeker kun je fysieke winkels vinden die Bo Jungle-producten verkopen. Houd er echter rekening mee dat dit niet garandeert dat alle producten verkrijgbaar zijn in elke vermelde winkel. <\/p>\n<\/div>\n\t\t\t\t<\/div>\n\t\t\t\t\t\t\t<div class=\"elementor-toggle-item\">\n\t\t\t\t\t<div id=\"elementor-tab-title-1866\" class=\"elementor-tab-title\" data-tab=\"6\" role=\"button\" aria-controls=\"elementor-tab-content-1866\" aria-expanded=\"false\">\n\t\t\t\t\t\t\t\t\t\t\t\t<span class=\"elementor-toggle-icon elementor-toggle-icon-left\" aria-hidden=\"true\">\n\t\t\t\t\t\t\t\t\t\t\t\t\t\t\t<span class=\"elementor-toggle-icon-closed\"><i class=\"fas fa-caret-right\"><\/i><\/span>\n\t\t\t\t\t\t\t\t<span class=\"elementor-toggle-icon-opened\"><i class=\"elementor-toggle-icon-opened fas fa-caret-up\"><\/i><\/span>\n\t\t\t\t\t\t\t\t\t\t\t\t\t<\/span>\n\t\t\t\t\t\t\t\t\t\t\t\t<a class=\"elementor-toggle-title\" tabindex=\"0\">Heeft Bo Jungle een eigen fysieke winkel?<\/a>\n\t\t\t\t\t<\/div>\n\n\t\t\t\t\t<div id=\"elementor-tab-content-1866\" class=\"elementor-tab-content elementor-clearfix\" data-tab=\"6\" role=\"region\" aria-labelledby=\"elementor-tab-title-1866\"><p>Nee, Bo Jungle werkt uitsluitend via online verkoop en heeft geen fysieke winkels. Wel kun je de producten van Bo Jungle in verschillende fysieke winkels vinden. Gebruik onze winkelzoeker om te ontdekken welke winkels Bo Jungle artikelen verkopen. Houd er rekening mee dat niet alle producten in elke vermelde winkel verkrijgbaar zijn.   <\/p>\n<\/div>\n\t\t\t\t<\/div>\n\t\t\t\t\t\t\t<div class=\"elementor-toggle-item\">\n\t\t\t\t\t<div id=\"elementor-tab-title-1867\" class=\"elementor-tab-title\" data-tab=\"7\" role=\"button\" aria-controls=\"elementor-tab-content-1867\" aria-expanded=\"false\">\n\t\t\t\t\t\t\t\t\t\t\t\t<span class=\"elementor-toggle-icon elementor-toggle-icon-left\" aria-hidden=\"true\">\n\t\t\t\t\t\t\t\t\t\t\t\t\t\t\t<span class=\"elementor-toggle-icon-closed\"><i class=\"fas fa-caret-right\"><\/i><\/span>\n\t\t\t\t\t\t\t\t<span class=\"elementor-toggle-icon-opened\"><i class=\"elementor-toggle-icon-opened fas fa-caret-up\"><\/i><\/span>\n\t\t\t\t\t\t\t\t\t\t\t\t\t<\/span>\n\t\t\t\t\t\t\t\t\t\t\t\t<a class=\"elementor-toggle-title\" tabindex=\"0\">Ik ben op zoek naar een reserveonderdeel, hoe kan ik dit vinden?<\/a>\n\t\t\t\t\t<\/div>\n\n\t\t\t\t\t<div id=\"elementor-tab-content-1867\" class=\"elementor-tab-content elementor-clearfix\" data-tab=\"7\" role=\"region\" aria-labelledby=\"elementor-tab-title-1867\"><p>Voor vragen over reserveonderdelen kunt u <a target=\"_new\">office@bojungle.eu<\/a> een e-mail sturen om te controleren of er hulp kan worden geboden. Houd er rekening mee dat reserveonderdelen mogelijk niet altijd beschikbaar zijn.<\/p>\n<\/div>\n\t\t\t\t<\/div>\n\t\t\t\t\t\t\t<div class=\"elementor-toggle-item\">\n\t\t\t\t\t<div id=\"elementor-tab-title-1868\" class=\"elementor-tab-title\" data-tab=\"8\" role=\"button\" aria-controls=\"elementor-tab-content-1868\" aria-expanded=\"false\">\n\t\t\t\t\t\t\t\t\t\t\t\t<span class=\"elementor-toggle-icon elementor-toggle-icon-left\" aria-hidden=\"true\">\n\t\t\t\t\t\t\t\t\t\t\t\t\t\t\t<span class=\"elementor-toggle-icon-closed\"><i class=\"fas fa-caret-right\"><\/i><\/span>\n\t\t\t\t\t\t\t\t<span class=\"elementor-toggle-icon-opened\"><i class=\"elementor-toggle-icon-opened fas fa-caret-up\"><\/i><\/span>\n\t\t\t\t\t\t\t\t\t\t\t\t\t<\/span>\n\t\t\t\t\t\t\t\t\t\t\t\t<a class=\"elementor-toggle-title\" tabindex=\"0\">Kan ik Bo Jungle-producten in een fysieke winkel kopen?<\/a>\n\t\t\t\t\t<\/div>\n\n\t\t\t\t\t<div id=\"elementor-tab-content-1868\" class=\"elementor-tab-content elementor-clearfix\" data-tab=\"8\" role=\"region\" aria-labelledby=\"elementor-tab-title-1868\"><p>Zeker! Gebruik onze winkelzoeker om winkels te vinden die Bo Jungle-producten verkopen. Het is echter belangrijk op te merken dat niet alle producten in elke vermelde winkel verkrijgbaar zijn.  <\/p>\n<\/div>\n\t\t\t\t<\/div>\n\t\t\t\t\t\t\t<div class=\"elementor-toggle-item\">\n\t\t\t\t\t<div id=\"elementor-tab-title-1869\" class=\"elementor-tab-title\" data-tab=\"9\" role=\"button\" aria-controls=\"elementor-tab-content-1869\" aria-expanded=\"false\">\n\t\t\t\t\t\t\t\t\t\t\t\t<span class=\"elementor-toggle-icon elementor-toggle-icon-left\" aria-hidden=\"true\">\n\t\t\t\t\t\t\t\t\t\t\t\t\t\t\t<span class=\"elementor-toggle-icon-closed\"><i class=\"fas fa-caret-right\"><\/i><\/span>\n\t\t\t\t\t\t\t\t<span class=\"elementor-toggle-icon-opened\"><i class=\"elementor-toggle-icon-opened fas fa-caret-up\"><\/i><\/span>\n\t\t\t\t\t\t\t\t\t\t\t\t\t<\/span>\n\t\t\t\t\t\t\t\t\t\t\t\t<a class=\"elementor-toggle-title\" tabindex=\"0\">In welke landen kan ik Bo Jungle producten kopen?<\/a>\n\t\t\t\t\t<\/div>\n\n\t\t\t\t\t<div id=\"elementor-tab-content-1869\" class=\"elementor-tab-content elementor-clearfix\" data-tab=\"9\" role=\"region\" aria-labelledby=\"elementor-tab-title-1869\"><p>Bo Jungle producten zijn verkrijgbaar in meerdere landen; Deze website maakt momenteel echter alleen leveringen naar de Benelux en Frankrijk mogelijk. Voor klanten in andere landen, waaronder Tsjechi\u00eb, Polen, Spanje, Malta, Itali\u00eb, Portugal, Griekenland, Duitsland, Zuid-Afrika, Kazachstan, Kirgizi\u00eb, Albani\u00eb en Bulgarije, raden we u aan rechtstreeks contact met ons op te nemen. Neem contact op met onze klantenservice en wij helpen u graag bij het vinden van de dichtstbijzijnde winkel of distributeur in uw land, zodat u gemakkelijk toegang heeft tot Bo Jungle-producten.  <\/p>\n<\/div>\n\t\t\t\t<\/div>\n\t\t\t\t\t\t\t\t\t\t<script type=\"application\/ld+json\">{\"@context\":\"https:\\\/\\\/schema.org\",\"@type\":\"FAQPage\",\"mainEntity\":[{\"@type\":\"Question\",\"name\":\"Waar staat Bo Jungle voor?\",\"acceptedAnswer\":{\"@type\":\"Answer\",\"text\":\"<p style=\\\"border: 0px solid #d9d9e3; --tw-border-spacing-x: 0; --tw-border-spacing-y: 0; --tw-translate-x: 0; --tw-translate-y: 0; --tw-rotate: 0; --tw-skew-x: 0; --tw-skew-y: 0; --tw-scale-x: 1; --tw-scale-y: 1; --tw-scroll-snap-strictness: proximity; --tw-ring-offset-width: 0px; --tw-ring-offset-color: #fff; --tw-ring-color: rgba(69,89,164,.5); --tw-ring-offset-shadow: 0 0 transparent; --tw-ring-shadow: 0 0 transparent; --tw-shadow: 0 0 transparent; --tw-shadow-colored: 0 0 transparent; margin: 1.25em 0px; color: #374151; font-family: S\\u00f6hne, ui-sans-serif, system-ui, -apple-system, 'Segoe UI', Roboto, Ubuntu, Cantarell, 'Noto Sans', sans-serif, 'Helvetica Neue', Arial, 'Apple Color Emoji', 'Segoe UI Emoji', 'Segoe UI Symbol', 'Noto Color Emoji'; letter-spacing: normal; white-space-collapse: preserve;\\\">Bo Jungle is meer dan alleen een merk; het is een toewijding om ouders en verzorgers te ondersteunen tijdens de lonende reis van het opvoeden van hun kleintjes. Onze missie, afkomstig uit Belgi\\u00eb, is om uitgebreide hulp te bieden bij verschillende aspecten van het ouderschap, waaronder eten, uitstapjes, verzorging, speeltijd, slaap, veiligheid en meer. <\\\/p>\\n<p style=\\\"border: 0px solid #d9d9e3; --tw-border-spacing-x: 0; --tw-border-spacing-y: 0; --tw-translate-x: 0; --tw-translate-y: 0; --tw-rotate: 0; --tw-skew-x: 0; --tw-skew-y: 0; --tw-scale-x: 1; --tw-scale-y: 1; --tw-scroll-snap-strictness: proximity; --tw-ring-offset-width: 0px; --tw-ring-offset-color: #fff; --tw-ring-color: rgba(69,89,164,.5); --tw-ring-offset-shadow: 0 0 transparent; --tw-ring-shadow: 0 0 transparent; --tw-shadow: 0 0 transparent; --tw-shadow-colored: 0 0 transparent; margin: 1.25em 0px 0px; color: #374151; font-family: S\\u00f6hne, ui-sans-serif, system-ui, -apple-system, 'Segoe UI', Roboto, Ubuntu, Cantarell, 'Noto Sans', sans-serif, 'Helvetica Neue', Arial, 'Apple Color Emoji', 'Segoe UI Emoji', 'Segoe UI Symbol', 'Noto Color Emoji'; letter-spacing: normal; white-space-collapse: preserve;\\\">Ons uitgebreide assortiment betaalbare producten is zorgvuldig ontworpen om het dagelijks leven van zowel ouders als kinderen te verbeteren. Met een focus op mooi design, innovatie en, belangrijker nog, hoogwaardig vakmanschap, streeft Bo Jungle ernaar om de ouderschapservaring leuker en bevredigender te maken. Wij geloven in het cre\\u00ebren van producten die niet alleen voldoen aan de praktische behoeften van ouders, maar ook een vleugje vreugde en comfort toevoegen aan het leven van de kleintjes die we koesteren.  <\\\/p><\\\/p>\\n\"}},{\"@type\":\"Question\",\"name\":\"Wat moet ik doen als ik een klacht heb over een Bo Jungle product?\",\"acceptedAnswer\":{\"@type\":\"Answer\",\"text\":\"<p>Als uw product defect is, neem dan contact op met de winkel van aankoop met uw aankoopbewijs. Zij kunnen u verder helpen. <br \\\/>Als het om iets anders gaat, kunt u ons altijd een bericht sturen via de<a href=\\\"https:\\\/\\\/www.bojungle.eu\\\/nl\\\/neem-contact-op-met\\\/\\\">&#8220;contact<\\\/a>&#8221; pagina.<\\\/p><\\\/p>\\n\"}},{\"@type\":\"Question\",\"name\":\"Welke verzendservice gebruikt Bo Jungle?\",\"acceptedAnswer\":{\"@type\":\"Answer\",\"text\":\"<p>\\n            <span style=\\\"color: #374151; font-family: S\\u00f6hne, ui-sans-serif, system-ui, -apple-system, 'Segoe UI', Roboto, Ubuntu, Cantarell, 'Noto Sans', sans-serif, 'Helvetica Neue', Arial, 'Apple Color Emoji', 'Segoe UI Emoji', 'Segoe UI Symbol', 'Noto Color Emoji'; letter-spacing: normal; white-space-collapse: preserve;\\\">Bo Jungle maakt gebruik van de verzendservice van DPD.<\\\/span>\\n          <\\\/p>\\n\"}},{\"@type\":\"Question\",\"name\":\"Bij welk bedrag komen artikelen in aanmerking voor gratis verzending?\",\"acceptedAnswer\":{\"@type\":\"Answer\",\"text\":\"<p>\\n            <span style=\\\"color: #374151; font-family: S\\u00f6hne, ui-sans-serif, system-ui, -apple-system, 'Segoe UI', Roboto, Ubuntu, Cantarell, 'Noto Sans', sans-serif, 'Helvetica Neue', Arial, 'Apple Color Emoji', 'Segoe UI Emoji', 'Segoe UI Symbol', 'Noto Color Emoji'; letter-spacing: normal; white-space-collapse: preserve;\\\">Artikelen komen in aanmerking voor gratis verzending bij bestellingen van in totaal \\u20ac 40 of meer.<\\\/span>\\n          <\\\/p>\\n\"}},{\"@type\":\"Question\",\"name\":\"Wat geeft de functie 'store locator' aan?\",\"acceptedAnswer\":{\"@type\":\"Answer\",\"text\":\"<p>Met de winkelzoeker kun je fysieke winkels vinden die Bo Jungle-producten verkopen. Houd er echter rekening mee dat dit niet garandeert dat alle producten verkrijgbaar zijn in elke vermelde winkel. <\\\/p>\\n\"}},{\"@type\":\"Question\",\"name\":\"Heeft Bo Jungle een eigen fysieke winkel?\",\"acceptedAnswer\":{\"@type\":\"Answer\",\"text\":\"<p>Nee, Bo Jungle werkt uitsluitend via online verkoop en heeft geen fysieke winkels. Wel kun je de producten van Bo Jungle in verschillende fysieke winkels vinden. Gebruik onze winkelzoeker om te ontdekken welke winkels Bo Jungle artikelen verkopen. Houd er rekening mee dat niet alle producten in elke vermelde winkel verkrijgbaar zijn.   <\\\/p>\\n\"}},{\"@type\":\"Question\",\"name\":\"Ik ben op zoek naar een reserveonderdeel, hoe kan ik dit vinden?\",\"acceptedAnswer\":{\"@type\":\"Answer\",\"text\":\"<p>Voor vragen over reserveonderdelen kunt u <a target=\\\"_new\\\">office@bojungle.eu<\\\/a> een e-mail sturen om te controleren of er hulp kan worden geboden. Houd er rekening mee dat reserveonderdelen mogelijk niet altijd beschikbaar zijn.<\\\/p>\\n\"}},{\"@type\":\"Question\",\"name\":\"Kan ik Bo Jungle-producten in een fysieke winkel kopen?\",\"acceptedAnswer\":{\"@type\":\"Answer\",\"text\":\"<p>Zeker! Gebruik onze winkelzoeker om winkels te vinden die Bo Jungle-producten verkopen. Het is echter belangrijk op te merken dat niet alle producten in elke vermelde winkel verkrijgbaar zijn.  <\\\/p>\\n\"}},{\"@type\":\"Question\",\"name\":\"In welke landen kan ik Bo Jungle producten kopen?\",\"acceptedAnswer\":{\"@type\":\"Answer\",\"text\":\"<p>Bo Jungle producten zijn verkrijgbaar in meerdere landen; Deze website maakt momenteel echter alleen leveringen naar de Benelux en Frankrijk mogelijk. Voor klanten in andere landen, waaronder Tsjechi\\u00eb, Polen, Spanje, Malta, Itali\\u00eb, Portugal, Griekenland, Duitsland, Zuid-Afrika, Kazachstan, Kirgizi\\u00eb, Albani\\u00eb en Bulgarije, raden we u aan rechtstreeks contact met ons op te nemen. Neem contact op met onze klantenservice en wij helpen u graag bij het vinden van de dichtstbijzijnde winkel of distributeur in uw land, zodat u gemakkelijk toegang heeft tot Bo Jungle-producten.  <\\\/p>\\n\"}}]}<\/script>\n\t\t\t\t\t<\/div>\n\t\t\t\t\t\t<\/div>\n\t\t\t\t<\/div>\n\t\t\t\t\t<\/div>\n\t\t\t\t<\/div>\n\t\t\t\t\t<\/div>\n\t\t\t\t<\/div>\n\t\t\t\t<\/div>\n\t\t","protected":false},"excerpt":{"rendered":"<p>Veel gestelde vragen Waar staat Bo Jungle voor? Bo Jungle is meer dan alleen een merk; het is een toewijding om ouders en verzorgers te ondersteunen tijdens de lonende reis van het opvoeden van hun kleintjes. Onze missie, afkomstig uit Belgi\u00eb, is om uitgebreide hulp te bieden bij verschillende aspecten van het ouderschap, waaronder eten, [&hellip;]<\/p>\n","protected":false},"author":6,"featured_media":0,"parent":0,"menu_order":0,"comment_status":"closed","ping_status":"closed","template":"elementor_header_footer","meta":{"_lmt_disableupdate":"","_lmt_disable":"","footnotes":""},"categories":[],"tags":[],"class_list":["post-64744","page","type-page","status-publish","hentry"],"_links":{"self":[{"href":"https:\/\/www.bojungle.eu\/nl\/wp-json\/wp\/v2\/pages\/64744","targetHints":{"allow":["GET"]}}],"collection":[{"href":"https:\/\/www.bojungle.eu\/nl\/wp-json\/wp\/v2\/pages"}],"about":[{"href":"https:\/\/www.bojungle.eu\/nl\/wp-json\/wp\/v2\/types\/page"}],"author":[{"embeddable":true,"href":"https:\/\/www.bojungle.eu\/nl\/wp-json\/wp\/v2\/users\/6"}],"replies":[{"embeddable":true,"href":"https:\/\/www.bojungle.eu\/nl\/wp-json\/wp\/v2\/comments?post=64744"}],"version-history":[{"count":2,"href":"https:\/\/www.bojungle.eu\/nl\/wp-json\/wp\/v2\/pages\/64744\/revisions"}],"predecessor-version":[{"id":64752,"href":"https:\/\/www.bojungle.eu\/nl\/wp-json\/wp\/v2\/pages\/64744\/revisions\/64752"}],"wp:attachment":[{"href":"https:\/\/www.bojungle.eu\/nl\/wp-json\/wp\/v2\/media?parent=64744"}],"wp:term":[{"taxonomy":"category","embeddable":true,"href":"https:\/\/www.bojungle.eu\/nl\/wp-json\/wp\/v2\/categories?post=64744"},{"taxonomy":"post_tag","embeddable":true,"href":"https:\/\/www.bojungle.eu\/nl\/wp-json\/wp\/v2\/tags?post=64744"}],"curies":[{"name":"wp","href":"https:\/\/api.w.org\/{rel}","templated":true}]}}