{"id":48580,"date":"2023-09-08T10:49:22","date_gmt":"2023-09-08T08:49:22","guid":{"rendered":"https:\/\/www.bojungle.eu\/product\/baby-nasal-irrigators-2-pcs\/"},"modified":"2024-11-21T11:37:51","modified_gmt":"2024-11-21T10:37:51","slug":"baby-nasal-irrigators-2-pcs","status":"publish","type":"product","link":"https:\/\/www.bojungle.eu\/nl\/product\/baby-nasal-irrigators-2-pcs\/","title":{"rendered":"Baby Nasal Irrigators (2 pcs)"},"content":{"rendered":"<p><span class=\"OYPEnA text-decoration-none text-strikethrough-none\">Nosn\u00ed irig\u00e1tor Bo Jungle je 10ml st\u0159\u00edka\u010dka, kter\u00e1 umo\u017e\u0148uje snadn\u00e9 vypl\u00e1chnut\u00ed nosu a okam\u017eit\u00e9 uvoln\u011bn\u00ed p\u0159ebyte\u010dn\u00e9 nosn\u00ed sliznice jedn\u00edm stisknut\u00edm. Ucpan\u00fd nos m\u016f\u017ee m\u00edt velk\u00fd vliv na sp\u00e1nek a celkovou pohodu va\u0161eho d\u011b\u0165\u00e1tka. Silikonov\u00e1 \u0161pi\u010dka usnad\u0148uje a zjem\u0148uje zav\u00e1d\u011bn\u00ed do nosu.  <\/span> <span class=\"OYPEnA text-decoration-none text-strikethrough-none\">Een echte aanrader voor jonge ouders met baby&#8217;s vanaf de geboorte tot wanneer ze zelfstandig kunnen snuiten. Ook voor volwassenen kan deze spuit de nodige verlichting bieden bij een verstopte neus. <\/span><\/p>\n<ul>\n<li><span class=\"OYPEnA text-decoration-none text-strikethrough-none\">Voor alle leeftijden<\/span><\/li>\n<li><span class=\"OYPEnA text-decoration-none text-strikethrough-none\">10ml<\/span><\/li>\n<li><span class=\"OYPEnA text-decoration-none text-strikethrough-none\">Siliconen tip<\/span><\/li>\n<li><span class=\"OYPEnA text-decoration-none text-strikethrough-none\">2 spuitjes<\/span><\/li>\n<\/ul>\n","protected":false},"excerpt":{"rendered":"<p><span class=\"OYPEnA text-decoration-none text-strikethrough-none\">Nosn\u00ed irig\u00e1tor Bo Jungle je 10ml st\u0159\u00edka\u010dka, kter\u00e1 umo\u017e\u0148uje snadn\u00e9 vypl\u00e1chnut\u00ed nosu a okam\u017eit\u00e9 uvoln\u011bn\u00ed p\u0159ebyte\u010dn\u00e9 nosn\u00ed sliznice jedn\u00edm stisknut\u00edm. Ucpan\u00fd nos m\u016f\u017ee m\u00edt velk\u00fd vliv na sp\u00e1nek a celkovou pohodu va\u0161eho d\u011b\u0165\u00e1tka. Silikonov\u00e1 \u0161pi\u010dka usnad\u0148uje a zjem\u0148uje zav\u00e1d\u011bn\u00ed do nosu.  <\/span> <span class=\"OYPEnA text-decoration-none text-strikethrough-none\">Een echte aanrader voor jonge ouders met baby&#8217;s vanaf de geboorte tot wanneer ze zelfstandig kunnen snuiten. Ook voor volwassenen kan deze spuit de nodige verlichting bieden bij een verstopte neus. <\/span><\/p>\n","protected":false},"featured_media":62632,"comment_status":"closed","ping_status":"closed","template":"","meta":{"_lmt_disableupdate":"","_lmt_disable":""},"product_brand":[],"product_cat":[589,508],"product_tag":[],"woo-feed-brand":[],"class_list":{"0":"post-48580","1":"product","2":"type-product","3":"status-publish","4":"has-post-thumbnail","6":"product_cat-schoonheid-en-gezondheid-van-de-baby","7":"product_cat-verzorging","9":"first","10":"instock","11":"taxable","12":"shipping-taxable","13":"purchasable","14":"product-type-simple"},"_links":{"self":[{"href":"https:\/\/www.bojungle.eu\/nl\/wp-json\/wp\/v2\/product\/48580","targetHints":{"allow":["GET"]}}],"collection":[{"href":"https:\/\/www.bojungle.eu\/nl\/wp-json\/wp\/v2\/product"}],"about":[{"href":"https:\/\/www.bojungle.eu\/nl\/wp-json\/wp\/v2\/types\/product"}],"replies":[{"embeddable":true,"href":"https:\/\/www.bojungle.eu\/nl\/wp-json\/wp\/v2\/comments?post=48580"}],"version-history":[{"count":1,"href":"https:\/\/www.bojungle.eu\/nl\/wp-json\/wp\/v2\/product\/48580\/revisions"}],"predecessor-version":[{"id":78448,"href":"https:\/\/www.bojungle.eu\/nl\/wp-json\/wp\/v2\/product\/48580\/revisions\/78448"}],"wp:featuredmedia":[{"embeddable":true,"href":"https:\/\/www.bojungle.eu\/nl\/wp-json\/wp\/v2\/media\/62632"}],"wp:attachment":[{"href":"https:\/\/www.bojungle.eu\/nl\/wp-json\/wp\/v2\/media?parent=48580"}],"wp:term":[{"taxonomy":"product_brand","embeddable":true,"href":"https:\/\/www.bojungle.eu\/nl\/wp-json\/wp\/v2\/product_brand?post=48580"},{"taxonomy":"product_cat","embeddable":true,"href":"https:\/\/www.bojungle.eu\/nl\/wp-json\/wp\/v2\/product_cat?post=48580"},{"taxonomy":"product_tag","embeddable":true,"href":"https:\/\/www.bojungle.eu\/nl\/wp-json\/wp\/v2\/product_tag?post=48580"},{"taxonomy":"woo-feed-brand","embeddable":true,"href":"https:\/\/www.bojungle.eu\/nl\/wp-json\/wp\/v2\/woo-feed-brand?post=48580"}],"curies":[{"name":"wp","href":"https:\/\/api.w.org\/{rel}","templated":true}]}}