{"id":64864,"date":"2024-01-26T13:24:53","date_gmt":"2024-01-26T12:24:53","guid":{"rendered":"https:\/\/www.bojungle.eu\/product\/digitale-thermometer\/"},"modified":"2025-05-15T13:09:37","modified_gmt":"2025-05-15T11:09:37","slug":"digitale-thermometer","status":"publish","type":"product","link":"https:\/\/www.bojungle.eu\/nl\/product\/digitale-thermometer\/","title":{"rendered":"Digitale thermometer"},"content":{"rendered":"<p>Onze digitale thermometer biedt snelle, betrouwbare metingen voor het hele gezin, met een nauwkeurigheid tot op 0,1 graden. Deze precisie zorgt ervoor dat je elke keer de meest betrouwbare resultaten krijgt, of het nu gaat om een lichte koortscontrole of een routinecontrole. <\/p>\n<p>Ontworpen met een zachte, buigzame punt is deze thermometer comfortabel en zacht voor zowel kinderen als volwassenen, waardoor hij zelfs voor de kleinste pati\u00ebntjes gemakkelijk te gebruiken is. De BPA-vrije constructie garandeert een veilig gebruik zonder schadelijke chemicali\u00ebn. Het eenvoudig af te lezen LCD-scherm geeft duidelijke waarden weer, zodat je de resultaten in \u00e9\u00e9n oogopslag kunt aflezen.  <\/p>\n<p>Of je nu snel temperaturen moet controleren of ze in de gaten moet houden, onze digitale thermometer combineert effici\u00ebntie en veiligheid in \u00e9\u00e9n eenvoudig instrument.<\/p>\n<p>&nbsp;<\/p>\n<table border=\"1\">\n<tbody>\n<tr>\n<td>Handleiding<\/td>\n<td><a href=\"https:\/\/www.bojungle.eu\/wp-content\/uploads\/2025\/05\/B400400.jpg\">Klik hier<\/a><\/td>\n<\/tr>\n<\/tbody>\n<\/table>\n<p>&nbsp;<\/p>\n","protected":false},"excerpt":{"rendered":"<p><span class=\"OYPEnA text-decoration-none text-strikethrough-none\">Deze digitale thermometer geeft u een betrouwbare en nauwkeurige meting. Dankzij de vorm en flexibele punt kan de lichaamstemperatuur oraal, rectaal of via de oksel worden gemeten. Na de pieptoon kunt u de exacte lichaamstemperatuur aflezen op het LCD-scherm.<\/span><\/p>\n","protected":false},"featured_media":64855,"comment_status":"closed","ping_status":"closed","template":"","meta":{"_lmt_disableupdate":"","_lmt_disable":""},"product_brand":[],"product_cat":[589,508],"product_tag":[],"woo-feed-brand":[],"class_list":{"0":"post-64864","1":"product","2":"type-product","3":"status-publish","4":"has-post-thumbnail","6":"product_cat-schoonheid-en-gezondheid-van-de-baby","7":"product_cat-verzorging","9":"first","10":"instock","11":"taxable","12":"shipping-taxable","13":"purchasable","14":"product-type-simple"},"_links":{"self":[{"href":"https:\/\/www.bojungle.eu\/nl\/wp-json\/wp\/v2\/product\/64864","targetHints":{"allow":["GET"]}}],"collection":[{"href":"https:\/\/www.bojungle.eu\/nl\/wp-json\/wp\/v2\/product"}],"about":[{"href":"https:\/\/www.bojungle.eu\/nl\/wp-json\/wp\/v2\/types\/product"}],"replies":[{"embeddable":true,"href":"https:\/\/www.bojungle.eu\/nl\/wp-json\/wp\/v2\/comments?post=64864"}],"version-history":[{"count":2,"href":"https:\/\/www.bojungle.eu\/nl\/wp-json\/wp\/v2\/product\/64864\/revisions"}],"predecessor-version":[{"id":79742,"href":"https:\/\/www.bojungle.eu\/nl\/wp-json\/wp\/v2\/product\/64864\/revisions\/79742"}],"wp:featuredmedia":[{"embeddable":true,"href":"https:\/\/www.bojungle.eu\/nl\/wp-json\/wp\/v2\/media\/64855"}],"wp:attachment":[{"href":"https:\/\/www.bojungle.eu\/nl\/wp-json\/wp\/v2\/media?parent=64864"}],"wp:term":[{"taxonomy":"product_brand","embeddable":true,"href":"https:\/\/www.bojungle.eu\/nl\/wp-json\/wp\/v2\/product_brand?post=64864"},{"taxonomy":"product_cat","embeddable":true,"href":"https:\/\/www.bojungle.eu\/nl\/wp-json\/wp\/v2\/product_cat?post=64864"},{"taxonomy":"product_tag","embeddable":true,"href":"https:\/\/www.bojungle.eu\/nl\/wp-json\/wp\/v2\/product_tag?post=64864"},{"taxonomy":"woo-feed-brand","embeddable":true,"href":"https:\/\/www.bojungle.eu\/nl\/wp-json\/wp\/v2\/woo-feed-brand?post=64864"}],"curies":[{"name":"wp","href":"https:\/\/api.w.org\/{rel}","templated":true}]}}