{"id":40002,"date":"2022-07-06T13:48:19","date_gmt":"2022-07-06T11:48:19","guid":{"rendered":"https:\/\/dev.authority.biz\/boj\/warunki-ogolne\/"},"modified":"2023-01-22T11:43:09","modified_gmt":"2023-01-22T11:43:09","slug":"warunki-ogolne","status":"publish","type":"page","link":"https:\/\/www.bojungle.eu\/pl\/warunki-ogolne\/","title":{"rendered":"Warunki og\u00f3lne"},"content":{"rendered":"\t\t<div data-elementor-type=\"wp-page\" data-elementor-id=\"40002\" class=\"elementor elementor-40002 elementor-23502\" data-elementor-post-type=\"page\">\n\t\t\t\t\t\t<section class=\"elementor-section elementor-top-section elementor-element elementor-element-78ccdebe elementor-section-boxed elementor-section-height-default elementor-section-height-default rael-particle-no\" data-id=\"78ccdebe\" data-element_type=\"section\" data-e-type=\"section\" data-settings=\"{&quot;rae_animations_entrance&quot;:&quot;none&quot;}\">\n\t\t\t\t\t\t<div class=\"elementor-container elementor-column-gap-default\">\n\t\t\t\t\t<div class=\"elementor-column elementor-col-100 elementor-top-column elementor-element elementor-element-73e81cf2 rael-particle-no\" data-id=\"73e81cf2\" data-element_type=\"column\" data-e-type=\"column\">\n\t\t\t<div class=\"elementor-widget-wrap elementor-element-populated\">\n\t\t\t\t\t\t<div class=\"elementor-element elementor-element-5859d4b3 elementor-widget elementor-widget-text-editor\" data-id=\"5859d4b3\" data-element_type=\"widget\" data-e-type=\"widget\" data-widget_type=\"text-editor.default\">\n\t\t\t\t<div class=\"elementor-widget-container\">\n\t\t\t\t\t\t\t\t\t<p><strong>Regulamin<\/strong><\/p>\n<p>Witamy w Bo Jungle!<\/p>\n<p>Niniejsze warunki okre\u015blaj\u0105 zasady i regu\u0142y korzystania ze strony internetowej Chamo BV, znajduj\u0105cej si\u0119 pod adresem https:\/\/www.bojungle.eu.<\/p>\n<p>Wchodz\u0105c na t\u0119 stron\u0119, zak\u0142adamy, \u017ce akceptujesz te warunki. Nie kontynuuj korzystania z bojungle, je\u015bli nie zgadzasz si\u0119 na przyj\u0119cie wszystkich zasad i warunk\u00f3w okre\u015blonych na tej stronie.<\/p>\n<p><strong>Cookies:<\/strong><\/p>\n<p>Strona korzysta z plik\u00f3w cookie, aby pom\u00f3c spersonalizowa\u0107 Twoje do\u015bwiadczenie online. Uzyskuj\u0105c dost\u0119p do bojungle, wyra\u017casz zgod\u0119 na stosowanie wymaganych plik\u00f3w cookie.<\/p>\n<p>Cookie to plik tekstowy, kt\u00f3ry jest umieszczany na dysku twardym przez serwer strony internetowej. Pliki cookie nie mog\u0105 by\u0107 wykorzystywane do uruchamiania program\u00f3w lub dostarczania wirus\u00f3w do komputera u\u017cytkownika. Pliki cookie s\u0105 jednoznacznie przypisane do u\u017cytkownika i mog\u0105 by\u0107 odczytane jedynie przez serwer internetowy w domenie, kt\u00f3ra wyda\u0142a u\u017cytkownikowi plik cookie.<\/p>\n<p>Mo\u017cemy u\u017cywa\u0107 plik\u00f3w cookie do zbierania, przechowywania i \u015bledzenia informacji w celach statystycznych lub marketingowych w celu obs\u0142ugi naszej witryny. U\u017cytkownik ma mo\u017cliwo\u015b\u0107 akceptacji lub odrzucenia opcjonalnych plik\u00f3w Cookies. Istniej\u0105 pewne wymagane Cookies, kt\u00f3re s\u0105 niezb\u0119dne do dzia\u0142ania naszej strony internetowej. Te pliki cookie nie wymagaj\u0105 zgody u\u017cytkownika, poniewa\u017c zawsze dzia\u0142aj\u0105. Nale\u017cy pami\u0119ta\u0107, \u017ce akceptuj\u0105c wymagane pliki cookie, akceptuj\u0105 Pa\u0144stwo r\u00f3wnie\u017c pliki cookie stron trzecich, kt\u00f3re mog\u0105 by\u0107 wykorzystywane za po\u015brednictwem us\u0142ug \u015bwiadczonych przez strony trzecie, je\u015bli korzystaj\u0105 Pa\u0144stwo z takich us\u0142ug na naszej stronie internetowej, na przyk\u0142ad okna wy\u015bwietlania wideo dostarczanego przez strony trzecie i zintegrowanego z nasz\u0105 stron\u0105 internetow\u0105.<\/p>\n<p><strong>Licencja:<\/strong><\/p>\n<p>Je\u015bli nie stwierdzono inaczej, Chamo BV i\/lub jego licencjodawcy posiadaj\u0105 prawa w\u0142asno\u015bci intelektualnej do wszystkich materia\u0142\u00f3w na bojungle. Wszelkie prawa w\u0142asno\u015bci intelektualnej s\u0105 zastrze\u017cone. Mo\u017cesz uzyska\u0107 dost\u0119p do tego z bojungle dla w\u0142asnego u\u017cytku osobistego z zastrze\u017ceniem ogranicze\u0144 okre\u015blonych w niniejszych warunkach.<\/p>\n<p>Nie wolno ci:<\/p>\n<ul>\n<li>Kopiowanie lub ponowne publikowanie materia\u0142\u00f3w z bojungle<\/li>\n<li>Sprzeda\u017c, wynajem lub udzielanie sublicencji na materia\u0142y z bojungle<\/li>\n<li>Odtwarzanie, powielanie lub kopiowanie materia\u0142\u00f3w z bojungle<\/li>\n<li>Redystrybucja tre\u015bci z bojungle<\/li>\n<\/ul>\n<p>Niniejsza umowa rozpoczyna si\u0119 w dniu jej zawarcia.<\/p>\n<p>Cz\u0119\u015b\u0107 tej strony oferuje u\u017cytkownikom mo\u017cliwo\u015b\u0107 zamieszczania i wymiany opinii i informacji w pewnych obszarach strony. Chamo BV nie filtruje, nie edytuje, nie publikuje ani nie przegl\u0105da Komentarzy przed ich obecno\u015bci\u0105 na stronie. Komentarze nie odzwierciedlaj\u0105 pogl\u0105d\u00f3w i opinii Chamo BV, jej agent\u00f3w i\/lub podmiot\u00f3w stowarzyszonych. Komentarze odzwierciedlaj\u0105 pogl\u0105dy i opinie osoby, kt\u00f3ra je zamieszcza. W zakresie dozwolonym przez obowi\u0105zuj\u0105ce prawo, Chamo BV nie ponosi odpowiedzialno\u015bci za Komentarze lub jak\u0105kolwiek odpowiedzialno\u015b\u0107, szkody lub wydatki spowodowane i\/lub poniesione w wyniku wykorzystania i\/lub zamieszczenia i\/lub pojawienia si\u0119 Komentarzy na tej stronie.<\/p>\n<p>Chamo BV zastrzega sobie prawo do monitorowania wszystkich komentarzy i usuwania wszelkich komentarzy, kt\u00f3re mo\u017cna uzna\u0107 za nieodpowiednie, obra\u017aliwe lub powoduj\u0105ce naruszenie niniejszych Warunk\u00f3w.<\/p>\n<p>U\u017cytkownik gwarantuje i o\u015bwiadcza, \u017ce:<\/p>\n<ul>\n<li>Jeste\u015b uprawniony do zamieszczania Komentarzy na naszej stronie internetowej i posiadasz wszelkie niezb\u0119dne licencje i zgody, aby to robi\u0107;<\/li>\n<li>Komentarze nie naruszaj\u0105 \u017cadnych praw w\u0142asno\u015bci intelektualnej, w tym bez ogranicze\u0144 praw autorskich, patent\u00f3w lub znak\u00f3w towarowych os\u00f3b trzecich;<\/li>\n<li>Komentarze nie zawieraj\u0105 materia\u0142\u00f3w oszczerczych, znies\u0142awiaj\u0105cych, obra\u017aliwych, nieprzyzwoitych lub w inny spos\u00f3b naruszaj\u0105cych prawo, stanowi\u0105cych naruszenie prywatno\u015bci.<\/li>\n<li>Komentarze nie b\u0119d\u0105 wykorzystywane do nagabywania lub promowania biznesu lub zwyczaj\u00f3w, ani do prezentowania dzia\u0142a\u0144 komercyjnych lub dzia\u0142a\u0144 niezgodnych z prawem.<\/li>\n<\/ul>\n<p>U\u017cytkownik niniejszym udziela Chamo BV niewy\u0142\u0105cznej licencji na wykorzystanie, reprodukcj\u0119, edycj\u0119 i upowa\u017cnienie innych os\u00f3b do wykorzystania, reprodukcji i edycji dowolnego z jego komentarzy w dowolnej formie, formacie lub mediach.<\/p>\n<p><strong>Hiper\u0142\u0105cza do naszych Tre\u015bci:<\/strong><\/p>\n<p>Nast\u0119puj\u0105ce organizacje mog\u0105 zamieszcza\u0107 linki do naszej strony internetowej bez uprzedniej pisemnej zgody:<\/p>\n<ul>\n<li>Agencje rz\u0105dowe;<\/li>\n<li>Wyszukiwarki;<\/li>\n<li>Organizacje informacyjne;<\/li>\n<li>Dystrybutorzy katalog\u00f3w internetowych mog\u0105 zamieszcza\u0107 linki do naszej strony internetowej w taki sam spos\u00f3b, w jaki zamieszczaj\u0105 linki do stron internetowych innych wymienionych firm; oraz<\/li>\n<li>Akredytowane Firmy Og\u00f3lnosystemowe z wyj\u0105tkiem organizacji non-profit, charytatywnych centr\u00f3w handlowych oraz grup zbieraj\u0105cych fundusze na cele charytatywne, kt\u00f3re nie mog\u0105 zamieszcza\u0107 hiper\u0142\u0105czy do naszej strony internetowej.<\/li>\n<\/ul>\n<p>Organizacje te mog\u0105 zamieszcza\u0107 linki do naszej strony g\u0142\u00f3wnej, do publikacji lub do innych informacji w Witrynie, pod warunkiem, \u017ce link ten b\u0119dzie: (a) nie jest w \u017caden spos\u00f3b zwodniczy; (b) nie sugeruje fa\u0142szywie sponsorowania, popierania lub zatwierdzania strony linkuj\u0105cej i jej produkt\u00f3w i\/lub us\u0142ug; oraz (c) pasuje do kontekstu strony, na kt\u00f3rej znajduje si\u0119 link.<\/p>\n<p>Mo\u017cemy rozpatrywa\u0107 i zatwierdza\u0107 inne pro\u015bby o linki od nast\u0119puj\u0105cych typ\u00f3w organizacji:<\/p>\n<ul>\n<li>powszechnie znane \u017ar\u00f3d\u0142a informacji dla konsument\u00f3w i\/lub przedsi\u0119biorstw;<\/li>\n<li>strony spo\u0142eczno\u015bci dot.com;<\/li>\n<li>stowarzyszenia lub inne grupy reprezentuj\u0105ce organizacje charytatywne;<\/li>\n<li>dystrybutorzy katalog\u00f3w internetowych;<\/li>\n<li>portale internetowe;<\/li>\n<li>firmy ksi\u0119gowe, prawnicze i konsultingowe; oraz<\/li>\n<li>instytucje edukacyjne i stowarzyszenia bran\u017cowe.<\/li>\n<\/ul>\n<p>Zatwierdzimy pro\u015bby o linki od tych organizacji, je\u015bli tak zdecydujemy: (a) link nie sprawi, \u017ce b\u0119dziemy postrzegani niekorzystnie przez nas samych lub nasze akredytowane firmy; (b) organizacja nie posiada u nas \u017cadnych negatywnych zapis\u00f3w; (c) korzy\u015b\u0107 dla nas z widoczno\u015bci hiper\u0142\u0105cza rekompensuje brak Chamo BV; oraz (d) link znajduje si\u0119 w kontek\u015bcie og\u00f3lnych informacji o zasobach.<\/p>\n<p>Organizacje te mog\u0105 zamieszcza\u0107 linki do naszej strony g\u0142\u00f3wnej, pod warunkiem, \u017ce link ten: (a) nie jest w \u017caden spos\u00f3b zwodniczy; (b) nie sugeruje fa\u0142szywie sponsorowania, popierania lub zatwierdzania strony linkuj\u0105cej i jej produkt\u00f3w lub us\u0142ug; oraz (c) pasuje do kontekstu strony, na kt\u00f3rej znajduje si\u0119 link.<\/p>\n<p>Je\u015bli jeste\u015b jedn\u0105 z organizacji wymienionych w paragrafie 2 powy\u017cej i jeste\u015b zainteresowany umieszczeniem linku do naszej strony, musisz nas o tym poinformowa\u0107 wysy\u0142aj\u0105c e-mail do Chamo BV. Prosz\u0119 poda\u0107 swoje imi\u0119 i nazwisko, nazw\u0119 organizacji, informacje kontaktowe, jak r\u00f3wnie\u017c adres URL swojej strony, list\u0119 adres\u00f3w URL, z kt\u00f3rych zamierzasz linkowa\u0107 do naszej strony, oraz list\u0119 adres\u00f3w URL na naszej stronie, do kt\u00f3rych chcia\u0142by\u015b linkowa\u0107. Na odpowied\u017a nale\u017cy poczeka\u0107 2-3 tygodnie.<\/p>\n<p>Zatwierdzone organizacje mog\u0105 zamieszcza\u0107 hiper\u0142\u0105cza do naszej Witryny w nast\u0119puj\u0105cy spos\u00f3b:<\/p>\n<ul>\n<li>Poprzez u\u017cycie naszej nazwy firmowej; lub<\/li>\n<li>Poprzez zastosowanie jednolitego lokalizatora zasob\u00f3w, do kt\u00f3rego prowadzi link; lub<\/li>\n<li>U\u017cycie jakiegokolwiek innego opisu naszej Strony, do kt\u00f3rej jest link, kt\u00f3ry ma sens w kontek\u015bcie i formacie tre\u015bci na stronie strony linkuj\u0105cej.<\/li>\n<\/ul>\n<p>Bez umowy licencyjnej na znak towarowy nie b\u0119dzie mo\u017cliwe wykorzystanie logo Chamo BV lub innych dzie\u0142 sztuki do linkowania.<\/p>\n<p><strong>Odpowiedzialno\u015b\u0107 za tre\u015b\u0107:<\/strong><\/p>\n<p>Nie ponosimy odpowiedzialno\u015bci za \u017cadne tre\u015bci, kt\u00f3re pojawiaj\u0105 si\u0119 na Twojej Stronie. Zgadzasz si\u0119 chroni\u0107 i broni\u0107 nas przed wszelkimi roszczeniami, kt\u00f3re s\u0105 podnoszone na Twojej Stronie. Na \u017cadnej stronie internetowej nie powinny pojawia\u0107 si\u0119 linki, kt\u00f3re mog\u0105 by\u0107 interpretowane jako znies\u0142awiaj\u0105ce, obsceniczne lub przest\u0119pcze, lub kt\u00f3re naruszaj\u0105, w inny spos\u00f3b naruszaj\u0105 lub popieraj\u0105 naruszenie lub inne naruszenie praw os\u00f3b trzecich.<\/p>\n<p><strong>Zastrze\u017cenie praw:<\/strong><\/p>\n<p>Zastrzegamy sobie prawo do \u017c\u0105dania usuni\u0119cia wszystkich link\u00f3w lub konkretnego linku do naszej Strony. Zgadzasz si\u0119 na natychmiastowe usuni\u0119cie wszystkich link\u00f3w do naszej Strony na \u017c\u0105danie. Zastrzegamy sobie r\u00f3wnie\u017c prawo do zmiany tych warunk\u00f3w oraz polityki linkowania w dowolnym momencie. Poprzez ci\u0105g\u0142e \u0142\u0105czenie si\u0119 z nasz\u0105 Stron\u0105 internetow\u0105, zgadzasz si\u0119 by\u0107 zwi\u0105zany i przestrzega\u0107 tych warunk\u00f3w \u0142\u0105czenia.<\/p>\n<p><strong>Usuwanie link\u00f3w z naszej strony internetowej:<\/strong><\/p>\n<p>Je\u015bli znajdziesz na naszej Stronie jakikolwiek link, kt\u00f3ry jest obra\u017aliwy z jakiegokolwiek powodu, masz prawo w ka\u017cdej chwili skontaktowa\u0107 si\u0119 z nami i poinformowa\u0107 nas o tym. Rozwa\u017cymy pro\u015bby o usuni\u0119cie link\u00f3w, ale nie jeste\u015bmy zobowi\u0105zani do tego ani do udzielenia bezpo\u015bredniej odpowiedzi.<\/p>\n<p>Nie zapewniamy, \u017ce informacje zawarte na tej stronie s\u0105 poprawne. Nie gwarantujemy jej kompletno\u015bci ani dok\u0142adno\u015bci, nie obiecujemy te\u017c, \u017ce strona pozostanie dost\u0119pna ani \u017ce materia\u0142y na niej zawarte b\u0119d\u0105 aktualizowane.<\/p>\n<p><strong>Zastrze\u017cenie:<\/strong><\/p>\n<p>W maksymalnym zakresie dozwolonym przez obowi\u0105zuj\u0105ce prawo wy\u0142\u0105czamy wszelkie o\u015bwiadczenia, gwarancje i warunki dotycz\u0105ce naszej strony internetowej i korzystania z niej. \u017badne z postanowie\u0144 niniejszego zastrze\u017cenia nie b\u0119dzie:<\/p>\n<ul>\n<li>ograniczy\u0107 lub wy\u0142\u0105czy\u0107 nasz\u0105 lub Pa\u0144stwa odpowiedzialno\u015b\u0107 za \u015bmier\u0107 lub obra\u017cenia cia\u0142a;<\/li>\n<li>ograniczy\u0107 lub wy\u0142\u0105czy\u0107 nasz\u0105 lub Pa\u0144stwa odpowiedzialno\u015b\u0107 za oszustwo lub \u015bwiadome wprowadzenie w b\u0142\u0105d;<\/li>\n<li>ograniczy\u0107 jak\u0105kolwiek nasz\u0105 lub Pa\u0144stwa odpowiedzialno\u015b\u0107 w spos\u00f3b, kt\u00f3ry nie jest dozwolony przez obowi\u0105zuj\u0105ce prawo; lub<\/li>\n<li>wy\u0142\u0105czenie wszelkich naszych lub Pa\u0144stwa zobowi\u0105za\u0144, kt\u00f3re nie mog\u0105 by\u0107 wy\u0142\u0105czone na mocy obowi\u0105zuj\u0105cego prawa.<\/li>\n<\/ul>\n<p>Ograniczenia i zakazy odpowiedzialno\u015bci okre\u015blone w tym punkcie oraz w innych miejscach niniejszego zrzeczenia si\u0119 odpowiedzialno\u015bci: (a) podlegaj\u0105 przepisom poprzedniego ust\u0119pu; oraz (b) reguluje wszystkie zobowi\u0105zania wynikaj\u0105ce z zrzeczenia si\u0119 odpowiedzialno\u015bci, w tym zobowi\u0105zania wynikaj\u0105ce z umowy, deliktu i naruszenia obowi\u0105zku ustawowego.<\/p>\n<p>Tak d\u0142ugo, jak strona internetowa oraz informacje i us\u0142ugi na niej zawarte s\u0105 udost\u0119pniane bezp\u0142atnie, nie b\u0119dziemy ponosi\u0107 odpowiedzialno\u015bci za jakiekolwiek straty lub szkody o jakimkolwiek charakterze.<\/p>\n<p> <\/p>\t\t\t\t\t\t\t\t<\/div>\n\t\t\t\t<\/div>\n\t\t\t\t\t<\/div>\n\t\t<\/div>\n\t\t\t\t\t<\/div>\n\t\t<\/section>\n\t\t\t\t<\/div>\n\t\t","protected":false},"excerpt":{"rendered":"<p>Regulamin Witamy w Bo Jungle! Niniejsze warunki okre\u015blaj\u0105 zasady i regu\u0142y korzystania ze strony internetowej Chamo BV, znajduj\u0105cej si\u0119 pod adresem https:\/\/www.bojungle.eu. Wchodz\u0105c na t\u0119 stron\u0119, zak\u0142adamy, \u017ce akceptujesz te warunki. Nie kontynuuj korzystania z bojungle, je\u015bli nie zgadzasz si\u0119 na przyj\u0119cie wszystkich zasad i warunk\u00f3w okre\u015blonych na tej stronie. Cookies: Strona korzysta z plik\u00f3w [&hellip;]<\/p>\n","protected":false},"author":6,"featured_media":0,"parent":0,"menu_order":0,"comment_status":"closed","ping_status":"closed","template":"elementor_theme","meta":{"_lmt_disableupdate":"","_lmt_disable":"","footnotes":""},"categories":[],"tags":[],"class_list":["post-40002","page","type-page","status-publish","hentry"],"_links":{"self":[{"href":"https:\/\/www.bojungle.eu\/pl\/wp-json\/wp\/v2\/pages\/40002","targetHints":{"allow":["GET"]}}],"collection":[{"href":"https:\/\/www.bojungle.eu\/pl\/wp-json\/wp\/v2\/pages"}],"about":[{"href":"https:\/\/www.bojungle.eu\/pl\/wp-json\/wp\/v2\/types\/page"}],"author":[{"embeddable":true,"href":"https:\/\/www.bojungle.eu\/pl\/wp-json\/wp\/v2\/users\/6"}],"replies":[{"embeddable":true,"href":"https:\/\/www.bojungle.eu\/pl\/wp-json\/wp\/v2\/comments?post=40002"}],"version-history":[{"count":1,"href":"https:\/\/www.bojungle.eu\/pl\/wp-json\/wp\/v2\/pages\/40002\/revisions"}],"predecessor-version":[{"id":40006,"href":"https:\/\/www.bojungle.eu\/pl\/wp-json\/wp\/v2\/pages\/40002\/revisions\/40006"}],"wp:attachment":[{"href":"https:\/\/www.bojungle.eu\/pl\/wp-json\/wp\/v2\/media?parent=40002"}],"wp:term":[{"taxonomy":"category","embeddable":true,"href":"https:\/\/www.bojungle.eu\/pl\/wp-json\/wp\/v2\/categories?post=40002"},{"taxonomy":"post_tag","embeddable":true,"href":"https:\/\/www.bojungle.eu\/pl\/wp-json\/wp\/v2\/tags?post=40002"}],"curies":[{"name":"wp","href":"https:\/\/api.w.org\/{rel}","templated":true}]}}