{"id":41727,"date":"2022-05-29T09:55:52","date_gmt":"2022-05-29T09:55:52","guid":{"rendered":"https:\/\/dev.authority.biz\/boj\/polityka-prywatnosci\/"},"modified":"2023-02-06T12:30:16","modified_gmt":"2023-02-06T12:30:16","slug":"polityka-prywatnosci","status":"publish","type":"page","link":"https:\/\/www.bojungle.eu\/pl\/polityka-prywatnosci\/","title":{"rendered":"Polityka prywatno\u015bci"},"content":{"rendered":"\t\t<div data-elementor-type=\"wp-page\" data-elementor-id=\"41727\" class=\"elementor elementor-41727 elementor-3\" data-elementor-post-type=\"page\">\n\t\t\t\t\t\t<section class=\"elementor-section elementor-top-section elementor-element elementor-element-1711ebdd elementor-section-boxed elementor-section-height-default elementor-section-height-default rael-particle-no\" data-id=\"1711ebdd\" data-element_type=\"section\" data-e-type=\"section\" data-settings=\"{&quot;rae_animations_entrance&quot;:&quot;none&quot;}\">\n\t\t\t\t\t\t<div class=\"elementor-container elementor-column-gap-default\">\n\t\t\t\t\t<div class=\"elementor-column elementor-col-100 elementor-top-column elementor-element elementor-element-2999eab rael-particle-no\" data-id=\"2999eab\" data-element_type=\"column\" data-e-type=\"column\">\n\t\t\t<div class=\"elementor-widget-wrap elementor-element-populated\">\n\t\t\t\t\t\t<div class=\"elementor-element elementor-element-48a44f04 elementor-widget elementor-widget-text-editor\" data-id=\"48a44f04\" data-element_type=\"widget\" data-e-type=\"widget\" data-widget_type=\"text-editor.default\">\n\t\t\t\t<div class=\"elementor-widget-container\">\n\t\t\t\t\t\t\t\t\t<p><\/p>\n<p id=\"tw-target-text\" class=\"tw-data-text tw-text-large tw-ta\" dir=\"ltr\" data-placeholder=\"Vertaling\"><span class=\"Y2IQFc\" lang=\"en\">Bo Jungle, z siedzib\u0105 przy Brambroek 23b Geraadsbergen 9500, jest odpowiedzialna za przetwarzanie danych osobowych przedstawionych w niniejszym o\u015bwiadczeniu o ochronie prywatno\u015bci.  <\/span><\/p>\n<p class=\"tw-data-text tw-text-large tw-ta\" dir=\"ltr\" data-placeholder=\"Vertaling\"><span class=\"Y2IQFc\" lang=\"en\">Dane kontaktowe: http:\/\/www.bojungle.eu Brambroek 23b Geraadsbergen 9500 +32 54 24 03 31 Dane osobowe, kt\u00f3re przetwarzamy  <\/span><\/p>\n<p class=\"tw-data-text tw-text-large tw-ta\" dir=\"ltr\" data-placeholder=\"Vertaling\"><span class=\"Y2IQFc\" lang=\"en\">Bo Jungle przetwarza Twoje dane osobowe, poniewa\u017c korzystasz z naszych us\u0142ug i\/lub poniewa\u017c sam nam je przekazujesz. Poni\u017cej znajdziesz przegl\u0105d danych osobowych, kt\u00f3re przetwarzamy:<\/span><\/p>\n<ol>\n<li class=\"tw-data-text tw-text-large tw-ta\" dir=\"ltr\" data-placeholder=\"Vertaling\"><span class=\"Y2IQFc\" lang=\"en\">Imi\u0119 i nazwisko  <\/span><\/li>\n<li class=\"tw-data-text tw-text-large tw-ta\" dir=\"ltr\" data-placeholder=\"Vertaling\"><span class=\"Y2IQFc\" lang=\"en\">Seks  <\/span><\/li>\n<li class=\"tw-data-text tw-text-large tw-ta\" dir=\"ltr\" data-placeholder=\"Vertaling\"><span class=\"Y2IQFc\" lang=\"en\">Data urodzenia  <\/span><\/li>\n<li class=\"tw-data-text tw-text-large tw-ta\" dir=\"ltr\" data-placeholder=\"Vertaling\"><span class=\"Y2IQFc\" lang=\"en\">Miejsce urodzenia  <\/span><\/li>\n<li class=\"tw-data-text tw-text-large tw-ta\" dir=\"ltr\" data-placeholder=\"Vertaling\"><span class=\"Y2IQFc\" lang=\"en\">Dane adresowe  <\/span><\/li>\n<li class=\"tw-data-text tw-text-large tw-ta\" dir=\"ltr\" data-placeholder=\"Vertaling\"><span class=\"Y2IQFc\" lang=\"en\">Numer telefonu  <\/span><\/li>\n<li class=\"tw-data-text tw-text-large tw-ta\" dir=\"ltr\" data-placeholder=\"Vertaling\"><span class=\"Y2IQFc\" lang=\"en\">Adres e-mail  <\/span><\/li>\n<li class=\"tw-data-text tw-text-large tw-ta\" dir=\"ltr\" data-placeholder=\"Vertaling\"><span class=\"Y2IQFc\" lang=\"en\">Adres IP  <\/span><\/li>\n<li class=\"tw-data-text tw-text-large tw-ta\" dir=\"ltr\" data-placeholder=\"Vertaling\"><span class=\"Y2IQFc\" lang=\"en\">Inne dane osobowe, kt\u00f3re aktywnie podajesz, np. tworz\u0105c profil na tej stronie, w korespondencji i przez telefon  <\/span><\/li>\n<li class=\"tw-data-text tw-text-large tw-ta\" dir=\"ltr\" data-placeholder=\"Vertaling\"><span class=\"Y2IQFc\" lang=\"en\">Dane dotycz\u0105ce lokalizacji  <\/span><\/li>\n<li class=\"tw-data-text tw-text-large tw-ta\" dir=\"ltr\" data-placeholder=\"Vertaling\"><span class=\"Y2IQFc\" lang=\"en\">Informacje o Twojej aktywno\u015bci na naszej stronie internetowej  <\/span><\/li>\n<li class=\"tw-data-text tw-text-large tw-ta\" dir=\"ltr\" data-placeholder=\"Vertaling\"><span class=\"Y2IQFc\" lang=\"en\">Dane o Twoim zachowaniu podczas surfowania po r\u00f3\u017cnych stronach internetowych (na przyk\u0142ad dlatego, \u017ce ta firma jest cz\u0119\u015bci\u0105 sieci reklamowej)  <\/span><\/li>\n<li class=\"tw-data-text tw-text-large tw-ta\" dir=\"ltr\" data-placeholder=\"Vertaling\"><span class=\"Y2IQFc\" lang=\"en\">Przegl\u0105darka internetowa i typ urz\u0105dzenia<\/span><\/li>\n<\/ol>\n<p dir=\"ltr\" data-placeholder=\"Vertaling\"> <\/p>\n<p id=\"tw-target-text\" class=\"tw-data-text tw-text-large tw-ta\" dir=\"ltr\" data-placeholder=\"Vertaling\"><span class=\"Y2IQFc\" lang=\"en\">Specjalne i\/lub wra\u017cliwe dane osobowe, kt\u00f3re przetwarzamy Nasza strona internetowa i\/lub serwis nie zamierza zbiera\u0107 danych o odwiedzaj\u0105cych stron\u0119, kt\u00f3rzy maj\u0105 mniej ni\u017c 16 lat. Chyba, \u017ce maj\u0105 zgod\u0119 rodzic\u00f3w lub opiekun\u00f3w. Nie mo\u017cemy jednak sprawdzi\u0107, czy odwiedzaj\u0105cy ma wi\u0119cej ni\u017c 16 lat. Dlatego radzimy rodzicom, aby byli zaanga\u017cowani w dzia\u0142ania online swoich dzieci, aby zapobiec gromadzeniu danych o dzieciach bez zgody rodzic\u00f3w. Je\u015bli jeste\u015b przekonany, \u017ce zebrali\u015bmy dane osobowe osoby niepe\u0142noletniej bez tej zgody, skontaktuj si\u0119 z nami pod adresem marketing@bojungle.eu, a my usuniemy te informacje. W jakim celu i na jakiej podstawie przetwarzamy dane osobowe Bo Jungle przetwarza Twoje dane osobowe w nast\u0119puj\u0105cych celach:  <\/span><\/p>\n<ol>\n<li class=\"tw-data-text tw-text-large tw-ta\" dir=\"ltr\" data-placeholder=\"Vertaling\"><span class=\"Y2IQFc\" lang=\"en\">Wysy\u0142anie naszego newslettera i\/lub broszury reklamowej  <\/span><\/li>\n<li class=\"tw-data-text tw-text-large tw-ta\" dir=\"ltr\" data-placeholder=\"Vertaling\"><span class=\"Y2IQFc\" lang=\"en\">Informowa\u0107 o zmianach w naszych us\u0142ugach i produktach  <\/span><\/li>\n<li class=\"tw-data-text tw-text-large tw-ta\" dir=\"ltr\" data-placeholder=\"Vertaling\"><span class=\"Y2IQFc\" lang=\"en\">Oferuje mo\u017cliwo\u015b\u0107 utworzenia konta  <\/span><\/li>\n<li class=\"tw-data-text tw-text-large tw-ta\" dir=\"ltr\" data-placeholder=\"Vertaling\"><span class=\"Y2IQFc\" lang=\"en\">Aby dostarczy\u0107 Ci towary i us\u0142ugi  <\/span><\/li>\n<li class=\"tw-data-text tw-text-large tw-ta\" dir=\"ltr\" data-placeholder=\"Vertaling\"><span class=\"Y2IQFc\" lang=\"en\">Bo Jungle analizuje zachowanie u\u017cytkownika na stronie internetowej w celu ulepszenia strony internetowej oraz dostosowania oferty do jego preferencji.  <\/span><\/li>\n<li class=\"tw-data-text tw-text-large tw-ta\" dir=\"ltr\" data-placeholder=\"Vertaling\"><span class=\"Y2IQFc\" lang=\"en\">Bo Jungle \u015bledzi Twoje zachowanie podczas surfowania po r\u00f3\u017cnych stronach internetowych, dzi\u0119ki czemu dostosowujemy nasze produkty i us\u0142ugi do Twoich potrzeb.  <\/span><\/li>\n<li class=\"tw-data-text tw-text-large tw-ta\" dir=\"ltr\" data-placeholder=\"Vertaling\"><span class=\"Y2IQFc\" lang=\"en\">Bo Jungle przetwarza r\u00f3wnie\u017c dane osobowe, je\u015bli jeste\u015bmy do tego prawnie zobowi\u0105zani, np. dane, kt\u00f3re s\u0105 nam potrzebne do rozliczenia podatkowego.<\/span><\/li>\n<\/ol>\n<p dir=\"ltr\" data-placeholder=\"Vertaling\"> <\/p>\n<p id=\"tw-target-text\" class=\"tw-data-text tw-text-large tw-ta\" dir=\"ltr\" data-placeholder=\"Vertaling\"><span class=\"Y2IQFc\" lang=\"en\">Zautomatyzowane podejmowanie decyzji  <\/span><\/p>\n<p class=\"tw-data-text tw-text-large tw-ta\" dir=\"ltr\" data-placeholder=\"Vertaling\"><span class=\"Y2IQFc\" lang=\"en\">Bo Jungle bierze  <\/span><span class=\"Y2IQFc\" lang=\"en\">#decyzje oparte na automatycznym przetwarzaniu w sprawach, kt\u00f3re mog\u0105 mie\u0107 (istotne) konsekwencje dla ludzi. S\u0105 to decyzje podejmowane przez programy lub systemy komputerowe, bez udzia\u0142u cz\u0142owieka (na przyk\u0142ad pracownika Bo Jungle). Bo Jungle wykorzystuje nast\u0119puj\u0105ce programy lub systemy komputerowe:  <\/span><\/p>\n<p class=\"tw-data-text tw-text-large tw-ta\" dir=\"ltr\" data-placeholder=\"Vertaling\"><span class=\"Y2IQFc\" lang=\"en\">#use_explanation  <\/span><\/p>\n<p class=\"tw-data-text tw-text-large tw-ta\" dir=\"ltr\" data-placeholder=\"Vertaling\"><span class=\"Y2IQFc\" lang=\"en\">Jak d\u0142ugo przechowujemy dane osobowe Bo Jungle nie przechowuje Twoich danych osobowych d\u0142u\u017cej ni\u017c jest to absolutnie niezb\u0119dne do realizacji cel\u00f3w, dla kt\u00f3rych Twoje dane s\u0105 zbierane. Stosujemy nast\u0119puj\u0105ce okresy retencji dla nast\u0119puj\u0105cych (kategorii) danych osobowych:  <\/span><\/p>\n<p class=\"tw-data-text tw-text-large tw-ta\" dir=\"ltr\" data-placeholder=\"Vertaling\"><span class=\"Y2IQFc\" lang=\"en\">#retention_period  <\/span><\/p>\n<p class=\"tw-data-text tw-text-large tw-ta\" dir=\"ltr\" data-placeholder=\"Vertaling\"><span class=\"Y2IQFc\" lang=\"en\">Udost\u0119pnianie danych osobowych osobom trzecim Bo Jungle nie sprzedaje Twoich danych osobom trzecim i udost\u0119pnia je tylko wtedy, gdy jest to niezb\u0119dne do wykonania naszej umowy z Tob\u0105 lub do wype\u0142nienia obowi\u0105zku prawnego. Z firmami, kt\u00f3re przetwarzaj\u0105 Twoje dane w naszym imieniu, zawieramy umow\u0119 procesora, aby zapewni\u0107 ten sam poziom bezpiecze\u0144stwa i poufno\u015bci Twoich danych. Bo Jungle pozostaje odpowiedzialny za te operacje przetwarzania. Pliki cookies, lub podobne techniki, kt\u00f3re stosujemy Bo Jungle wykorzystuje wy\u0142\u0105cznie techniczne i funkcjonalne pliki cookies. I analityczne pliki cookies, kt\u00f3re nie naruszaj\u0105 Twojej prywatno\u015bci. Plik cookie to ma\u0142y plik tekstowy, kt\u00f3ry jest przechowywany na komputerze, tablecie lub smartfonie podczas pierwszej wizyty na tej stronie. Stosowane przez nas pliki cookies s\u0105 niezb\u0119dne do technicznego funkcjonowania strony i u\u0142atwienia Pa\u0144stwu korzystania z niej. Zapewniaj\u0105 one prawid\u0142owe dzia\u0142anie strony internetowej i np. zapami\u0119tuj\u0105 preferowane ustawienia u\u017cytkownika. Dzi\u0119ki temu mo\u017cemy r\u00f3wnie\u017c zoptymalizowa\u0107 nasz\u0105 stron\u0119 internetow\u0105. Mo\u017cesz zrezygnowa\u0107 z cookies, ustawiaj\u0105c swoj\u0105 przegl\u0105dark\u0119 internetow\u0105 tak, aby nie przechowywa\u0142a plik\u00f3w cookies. Ponadto za po\u015brednictwem ustawie\u0144 przegl\u0105darki mo\u017cna r\u00f3wnie\u017c usun\u0105\u0107 wszystkie informacje, kt\u00f3re zosta\u0142y wcze\u015bniej zapisane.<\/span><\/p>\n<p id=\"tw-target-text\" class=\"tw-data-text tw-text-large tw-ta\" dir=\"ltr\" data-placeholder=\"Vertaling\"><span class=\"Y2IQFc\" lang=\"en\">Wgl\u0105d, zmiana lub usuni\u0119cie danych Masz prawo do wgl\u0105du, poprawienia lub usuni\u0119cia swoich danych osobowych. Mo\u017cesz to zrobi\u0107 samodzielnie poprzez ustawienia osobiste swojego konta. Ponadto maj\u0105 Pa\u0144stwo prawo do wycofania zgody na przetwarzanie danych lub wniesienia sprzeciwu wobec przetwarzania Pa\u0144stwa danych osobowych przez nasz\u0105 firm\u0119 oraz maj\u0105 Pa\u0144stwo prawo do przenoszenia danych. Oznacza to, \u017ce mo\u017cesz z\u0142o\u017cy\u0107 do nas wniosek o przes\u0142anie danych osobowych, kt\u00f3re posiadamy na Tw\u00f3j temat w pliku komputerowym, do Ciebie lub innej organizacji wymienionej przez Ciebie. Je\u015bli chcesz skorzysta\u0107 z prawa do sprzeciwu i\/lub prawa do przenoszenia danych lub masz inne pytania\/komentarze dotycz\u0105ce przetwarzania danych, wy\u015blij okre\u015blone \u017c\u0105danie na adres marketing@bojungle.eu. Aby mie\u0107 pewno\u015b\u0107, \u017ce wniosek o dost\u0119p zosta\u0142 z\u0142o\u017cony przez Pa\u0144stwa, prosimy o do\u0142\u0105czenie do wniosku kopii dowodu to\u017csamo\u015bci. W tej kopii nale\u017cy zaczerni\u0107 zdj\u0119cie paszportowe, MRZ (machine readable zone, pasek z numerami na dole paszportu), numer paszportu i Citizen Service Number (BSN). Ma to na celu ochron\u0119 Twojej prywatno\u015bci. Bo Jungle odpowie na Tw\u00f3j wniosek jak najszybciej, a w ka\u017cdym razie nie p\u00f3\u017aniej ni\u017c w ci\u0105gu 4 tygodni. Bo Jungle pragnie r\u00f3wnie\u017c zaznaczy\u0107, \u017ce masz mo\u017cliwo\u015b\u0107 z\u0142o\u017cenia skargi do krajowego organu nadzorczego &#8211; Holenderskiego Urz\u0119du Ochrony Danych. Mo\u017cesz to zrobi\u0107 za po\u015brednictwem nast\u0119puj\u0105cego linku: https:\/\/autoriteitpersoonsgegevens.nl\/nl\/contact-met-de-autoriteit-persoonsgegevens\/tip-ons Jak chronimy dane osobowe Bo Jungle powa\u017cnie traktuje ochron\u0119 Twoich danych i podejmuje odpowiednie \u015brodki, aby zapobiec niew\u0142a\u015bciwemu wykorzystaniu, utracie, nieautoryzowanemu dost\u0119powi, niepo\u017c\u0105danemu ujawnieniu i nieautoryzowanej modyfikacji. Je\u015bli masz wra\u017cenie, \u017ce Twoje dane nie s\u0105 odpowiednio zabezpieczone lub istniej\u0105 przes\u0142anki wskazuj\u0105ce na ich niew\u0142a\u015bciwe wykorzystanie, skontaktuj si\u0119 z naszym dzia\u0142em obs\u0142ugi klienta lub poprzez marketing@bojungle.eu<\/span><\/p>\n<p><\/p>\t\t\t\t\t\t\t\t<\/div>\n\t\t\t\t<\/div>\n\t\t\t\t\t<\/div>\n\t\t<\/div>\n\t\t\t\t\t<\/div>\n\t\t<\/section>\n\t\t\t\t<\/div>\n\t\t","protected":false},"excerpt":{"rendered":"<p>Bo Jungle, z siedzib\u0105 przy Brambroek 23b Geraadsbergen 9500, jest odpowiedzialna za przetwarzanie danych osobowych przedstawionych w niniejszym o\u015bwiadczeniu o ochronie prywatno\u015bci. Dane kontaktowe: http:\/\/www.bojungle.eu Brambroek 23b Geraadsbergen 9500 +32 54 24 03 31 Dane osobowe, kt\u00f3re przetwarzamy Bo Jungle przetwarza Twoje dane osobowe, poniewa\u017c korzystasz z naszych us\u0142ug i\/lub poniewa\u017c sam nam je przekazujesz. [&hellip;]<\/p>\n","protected":false},"author":6,"featured_media":0,"parent":0,"menu_order":0,"comment_status":"closed","ping_status":"closed","template":"elementor_theme","meta":{"_lmt_disableupdate":"","_lmt_disable":"","footnotes":""},"categories":[],"tags":[],"class_list":["post-41727","page","type-page","status-publish","hentry"],"_links":{"self":[{"href":"https:\/\/www.bojungle.eu\/pl\/wp-json\/wp\/v2\/pages\/41727","targetHints":{"allow":["GET"]}}],"collection":[{"href":"https:\/\/www.bojungle.eu\/pl\/wp-json\/wp\/v2\/pages"}],"about":[{"href":"https:\/\/www.bojungle.eu\/pl\/wp-json\/wp\/v2\/types\/page"}],"author":[{"embeddable":true,"href":"https:\/\/www.bojungle.eu\/pl\/wp-json\/wp\/v2\/users\/6"}],"replies":[{"embeddable":true,"href":"https:\/\/www.bojungle.eu\/pl\/wp-json\/wp\/v2\/comments?post=41727"}],"version-history":[{"count":3,"href":"https:\/\/www.bojungle.eu\/pl\/wp-json\/wp\/v2\/pages\/41727\/revisions"}],"predecessor-version":[{"id":41736,"href":"https:\/\/www.bojungle.eu\/pl\/wp-json\/wp\/v2\/pages\/41727\/revisions\/41736"}],"wp:attachment":[{"href":"https:\/\/www.bojungle.eu\/pl\/wp-json\/wp\/v2\/media?parent=41727"}],"wp:term":[{"taxonomy":"category","embeddable":true,"href":"https:\/\/www.bojungle.eu\/pl\/wp-json\/wp\/v2\/categories?post=41727"},{"taxonomy":"post_tag","embeddable":true,"href":"https:\/\/www.bojungle.eu\/pl\/wp-json\/wp\/v2\/tags?post=41727"}],"curies":[{"name":"wp","href":"https:\/\/api.w.org\/{rel}","templated":true}]}}