{"id":41776,"date":"2022-05-29T09:59:12","date_gmt":"2022-05-29T09:59:12","guid":{"rendered":"https:\/\/dev.authority.biz\/boj\/lista-zyczen\/"},"modified":"2022-05-29T09:59:12","modified_gmt":"2022-05-29T09:59:12","slug":"lista-zyczen","status":"publish","type":"page","link":"https:\/\/www.bojungle.eu\/pl\/lista-zyczen\/","title":{"rendered":"Lista \u017cycze\u0144"},"content":{"rendered":"<div class=\"woosw-list\"><div class=\"woosw-popup-content-mid-message\">Na li\u015bcie \u017cycze\u0144 nie ma \u017cadnych produkt\u00f3w!<\/div><\/div><!-- \/woosw-list -->\n","protected":false},"excerpt":{"rendered":"","protected":false},"author":6,"featured_media":0,"parent":0,"menu_order":0,"comment_status":"closed","ping_status":"closed","template":"","meta":{"_lmt_disableupdate":"","_lmt_disable":"","footnotes":""},"categories":[],"tags":[],"class_list":["post-41776","page","type-page","status-publish","hentry"],"_links":{"self":[{"href":"https:\/\/www.bojungle.eu\/pl\/wp-json\/wp\/v2\/pages\/41776","targetHints":{"allow":["GET"]}}],"collection":[{"href":"https:\/\/www.bojungle.eu\/pl\/wp-json\/wp\/v2\/pages"}],"about":[{"href":"https:\/\/www.bojungle.eu\/pl\/wp-json\/wp\/v2\/types\/page"}],"author":[{"embeddable":true,"href":"https:\/\/www.bojungle.eu\/pl\/wp-json\/wp\/v2\/users\/6"}],"replies":[{"embeddable":true,"href":"https:\/\/www.bojungle.eu\/pl\/wp-json\/wp\/v2\/comments?post=41776"}],"version-history":[{"count":0,"href":"https:\/\/www.bojungle.eu\/pl\/wp-json\/wp\/v2\/pages\/41776\/revisions"}],"wp:attachment":[{"href":"https:\/\/www.bojungle.eu\/pl\/wp-json\/wp\/v2\/media?parent=41776"}],"wp:term":[{"taxonomy":"category","embeddable":true,"href":"https:\/\/www.bojungle.eu\/pl\/wp-json\/wp\/v2\/categories?post=41776"},{"taxonomy":"post_tag","embeddable":true,"href":"https:\/\/www.bojungle.eu\/pl\/wp-json\/wp\/v2\/tags?post=41776"}],"curies":[{"name":"wp","href":"https:\/\/api.w.org\/{rel}","templated":true}]}}