{"id":41779,"date":"2020-08-28T04:53:34","date_gmt":"2020-08-28T04:53:34","guid":{"rendered":"https:\/\/dev.authority.biz\/boj\/sledzenie-zamowienia\/"},"modified":"2023-02-06T12:30:24","modified_gmt":"2023-02-06T12:30:24","slug":"sledzenie-zamowienia","status":"publish","type":"page","link":"https:\/\/www.bojungle.eu\/pl\/sledzenie-zamowienia\/","title":{"rendered":"\u015aledzenie zam\u00f3wienia"},"content":{"rendered":"<div class=\"woocommerce\">\n<form action=\"https:\/\/www.bojungle.eu\/pl\/sledzenie-zamowienia\/\" method=\"post\" class=\"woocommerce-form woocommerce-form-track-order track_order\">\n\n\t\n\t<p>Aby \u015bledzi\u0107 swoje zam\u00f3wienie wpisz jego numer w polu poni\u017cej i naci\u015bnij przycisk &quot;\u015aled\u017a&quot;. Numer zam\u00f3wienia znajdziesz na paragonie oraz w mailu potwierdzaj\u0105cym zam\u00f3wienie, kt\u00f3ry do ciebie wys\u0142ali\u015bmy.<\/p>\n\n\t<p class=\"form-row form-row-first\"><label for=\"orderid\">Identyfikator zam\u00f3wienia<\/label> <input class=\"input-text\" type=\"text\" name=\"orderid\" id=\"orderid\" value=\"\" placeholder=\"Wys\u0142any w e-mailu potwierdzaj\u0105cym zam\u00f3wienie.\" \/><\/p>\t<p class=\"form-row form-row-last\"><label for=\"order_email\">E-mail rozliczeniowy<\/label> <input class=\"input-text\" type=\"text\" name=\"order_email\" id=\"order_email\" value=\"\" placeholder=\"E-mail u\u017cyty w zam\u00f3wieniu.\" \/><\/p>\t<div class=\"clear\"><\/div>\n\n\t\n\t<p class=\"form-row\"><button type=\"submit\" class=\"button\" name=\"track\" value=\"\u015aled\u017a\">\u015aled\u017a<\/button><\/p>\n\t<input type=\"hidden\" id=\"woocommerce-order-tracking-nonce\" name=\"woocommerce-order-tracking-nonce\" value=\"a4b6ffb60b\" \/><input type=\"hidden\" name=\"_wp_http_referer\" value=\"\/pl\/wp-json\/wp\/v2\/pages\/41779\" \/>\n\t\n<\/form>\n<\/div>\n","protected":false},"excerpt":{"rendered":"","protected":false},"author":6,"featured_media":0,"parent":0,"menu_order":0,"comment_status":"closed","ping_status":"closed","template":"","meta":{"_lmt_disableupdate":"","_lmt_disable":"","footnotes":""},"categories":[],"tags":[],"class_list":["post-41779","page","type-page","status-publish","hentry"],"_links":{"self":[{"href":"https:\/\/www.bojungle.eu\/pl\/wp-json\/wp\/v2\/pages\/41779","targetHints":{"allow":["GET"]}}],"collection":[{"href":"https:\/\/www.bojungle.eu\/pl\/wp-json\/wp\/v2\/pages"}],"about":[{"href":"https:\/\/www.bojungle.eu\/pl\/wp-json\/wp\/v2\/types\/page"}],"author":[{"embeddable":true,"href":"https:\/\/www.bojungle.eu\/pl\/wp-json\/wp\/v2\/users\/6"}],"replies":[{"embeddable":true,"href":"https:\/\/www.bojungle.eu\/pl\/wp-json\/wp\/v2\/comments?post=41779"}],"version-history":[{"count":1,"href":"https:\/\/www.bojungle.eu\/pl\/wp-json\/wp\/v2\/pages\/41779\/revisions"}],"predecessor-version":[{"id":41781,"href":"https:\/\/www.bojungle.eu\/pl\/wp-json\/wp\/v2\/pages\/41779\/revisions\/41781"}],"wp:attachment":[{"href":"https:\/\/www.bojungle.eu\/pl\/wp-json\/wp\/v2\/media?parent=41779"}],"wp:term":[{"taxonomy":"category","embeddable":true,"href":"https:\/\/www.bojungle.eu\/pl\/wp-json\/wp\/v2\/categories?post=41779"},{"taxonomy":"post_tag","embeddable":true,"href":"https:\/\/www.bojungle.eu\/pl\/wp-json\/wp\/v2\/tags?post=41779"}],"curies":[{"name":"wp","href":"https:\/\/api.w.org\/{rel}","templated":true}]}}