{"id":39862,"date":"2022-09-26T13:31:21","date_gmt":"2022-09-26T11:31:21","guid":{"rendered":"https:\/\/dev.authority.biz\/boj\/product\/grzechotka-na-reke-zimbe-slon\/"},"modified":"2022-09-26T13:31:21","modified_gmt":"2022-09-26T13:31:21","slug":"b-wrist-rattle-kenzi-the-lion-duplicate-1-2","status":"publish","type":"product","link":"https:\/\/www.bojungle.eu\/pl\/produkt\/b-wrist-rattle-kenzi-the-lion-duplicate-1-2\/","title":{"rendered":"Grzechotka na r\u0119k\u0119 Zimbe S\u0142o\u0144"},"content":{"rendered":"<ul>\n<li>Urocze g\u0142owy zwierz\u0105t do zabawy i odkrywania<\/li>\n<li>Pobudzi rozw\u00f3j sensoryczny Twojego dziecka<\/li>\n<\/ul>\n","protected":false},"excerpt":{"rendered":"<p>Urocze g\u0142owy zwierz\u0105t do zabawy i odkrywania<\/p>\n","protected":false},"featured_media":60989,"comment_status":"closed","ping_status":"closed","template":"","meta":{"_lmt_disableupdate":"","_lmt_disable":""},"product_brand":[],"product_cat":[474,475],"product_tag":[],"woo-feed-brand":[],"class_list":{"0":"post-39862","1":"product","2":"type-product","3":"status-publish","4":"has-post-thumbnail","6":"product_cat-playtime-pl","7":"product_cat-zabawki-pluszowe","9":"first","10":"instock","11":"taxable","12":"shipping-taxable","13":"purchasable","14":"product-type-simple"},"_links":{"self":[{"href":"https:\/\/www.bojungle.eu\/pl\/wp-json\/wp\/v2\/product\/39862","targetHints":{"allow":["GET"]}}],"collection":[{"href":"https:\/\/www.bojungle.eu\/pl\/wp-json\/wp\/v2\/product"}],"about":[{"href":"https:\/\/www.bojungle.eu\/pl\/wp-json\/wp\/v2\/types\/product"}],"replies":[{"embeddable":true,"href":"https:\/\/www.bojungle.eu\/pl\/wp-json\/wp\/v2\/comments?post=39862"}],"version-history":[{"count":0,"href":"https:\/\/www.bojungle.eu\/pl\/wp-json\/wp\/v2\/product\/39862\/revisions"}],"wp:featuredmedia":[{"embeddable":true,"href":"https:\/\/www.bojungle.eu\/pl\/wp-json\/wp\/v2\/media\/60989"}],"wp:attachment":[{"href":"https:\/\/www.bojungle.eu\/pl\/wp-json\/wp\/v2\/media?parent=39862"}],"wp:term":[{"taxonomy":"product_brand","embeddable":true,"href":"https:\/\/www.bojungle.eu\/pl\/wp-json\/wp\/v2\/product_brand?post=39862"},{"taxonomy":"product_cat","embeddable":true,"href":"https:\/\/www.bojungle.eu\/pl\/wp-json\/wp\/v2\/product_cat?post=39862"},{"taxonomy":"product_tag","embeddable":true,"href":"https:\/\/www.bojungle.eu\/pl\/wp-json\/wp\/v2\/product_tag?post=39862"},{"taxonomy":"woo-feed-brand","embeddable":true,"href":"https:\/\/www.bojungle.eu\/pl\/wp-json\/wp\/v2\/woo-feed-brand?post=39862"}],"curies":[{"name":"wp","href":"https:\/\/api.w.org\/{rel}","templated":true}]}}