{"id":39896,"date":"2022-09-26T12:00:10","date_gmt":"2022-09-26T10:00:10","guid":{"rendered":"https:\/\/dev.authority.biz\/boj\/product\/b-booklet-dzien-dziecka\/"},"modified":"2022-09-26T12:00:10","modified_gmt":"2022-09-26T12:00:10","slug":"b-booklet-babys-day-2","status":"publish","type":"product","link":"https:\/\/www.bojungle.eu\/pl\/produkt\/b-booklet-babys-day-2\/","title":{"rendered":"B-Booklet Dzie\u0144 Dziecka"},"content":{"rendered":"<ul>\n<li>  Ma\u0142e r\u0105czki mog\u0105 z \u0142atwo\u015bci\u0105 chwyci\u0107 t\u0119 ksi\u0105\u017ceczk\u0119<\/li>\n<li>Teksturowany pier\u015bcie\u0144 do z\u0105bkowania<\/li>\n<li>Mi\u0119kkie strony s\u0105 \u0142atwe do obracania<\/li>\n<li>Etykiety satynowe<\/li>\n<li>Mi\u0119kka, chrupi\u0105ca ksi\u0105\u017ceczka<\/li>\n<\/ul>\n","protected":false},"excerpt":{"rendered":"<p>Mi\u0119kka, chrupi\u0105ca ksi\u0105\u017ceczka<\/p>\n","protected":false},"featured_media":70641,"comment_status":"closed","ping_status":"closed","template":"","meta":{"_lmt_disableupdate":"","_lmt_disable":""},"product_brand":[],"product_cat":[491,474,493],"product_tag":[],"woo-feed-brand":[],"class_list":{"0":"post-39896","1":"product","2":"type-product","3":"status-publish","4":"has-post-thumbnail","6":"product_cat-kolorowe-zabawki","7":"product_cat-playtime-pl","8":"product_cat-zawies-zabawki","10":"first","11":"outofstock","12":"taxable","13":"shipping-taxable","14":"purchasable","15":"product-type-simple"},"_links":{"self":[{"href":"https:\/\/www.bojungle.eu\/pl\/wp-json\/wp\/v2\/product\/39896","targetHints":{"allow":["GET"]}}],"collection":[{"href":"https:\/\/www.bojungle.eu\/pl\/wp-json\/wp\/v2\/product"}],"about":[{"href":"https:\/\/www.bojungle.eu\/pl\/wp-json\/wp\/v2\/types\/product"}],"replies":[{"embeddable":true,"href":"https:\/\/www.bojungle.eu\/pl\/wp-json\/wp\/v2\/comments?post=39896"}],"version-history":[{"count":0,"href":"https:\/\/www.bojungle.eu\/pl\/wp-json\/wp\/v2\/product\/39896\/revisions"}],"wp:featuredmedia":[{"embeddable":true,"href":"https:\/\/www.bojungle.eu\/pl\/wp-json\/wp\/v2\/media\/70641"}],"wp:attachment":[{"href":"https:\/\/www.bojungle.eu\/pl\/wp-json\/wp\/v2\/media?parent=39896"}],"wp:term":[{"taxonomy":"product_brand","embeddable":true,"href":"https:\/\/www.bojungle.eu\/pl\/wp-json\/wp\/v2\/product_brand?post=39896"},{"taxonomy":"product_cat","embeddable":true,"href":"https:\/\/www.bojungle.eu\/pl\/wp-json\/wp\/v2\/product_cat?post=39896"},{"taxonomy":"product_tag","embeddable":true,"href":"https:\/\/www.bojungle.eu\/pl\/wp-json\/wp\/v2\/product_tag?post=39896"},{"taxonomy":"woo-feed-brand","embeddable":true,"href":"https:\/\/www.bojungle.eu\/pl\/wp-json\/wp\/v2\/woo-feed-brand?post=39896"}],"curies":[{"name":"wp","href":"https:\/\/api.w.org\/{rel}","templated":true}]}}