{"id":39942,"date":"2022-09-23T13:09:38","date_gmt":"2022-09-23T11:09:38","guid":{"rendered":"https:\/\/dev.authority.biz\/boj\/product\/b-egg-night-light-projektor-z-muzyka-turkusowy\/"},"modified":"2022-09-23T13:09:38","modified_gmt":"2022-09-23T13:09:38","slug":"b-nightlight-duplicate-1-2","status":"publish","type":"product","link":"https:\/\/www.bojungle.eu\/pl\/produkt\/b-nightlight-duplicate-1-2\/","title":{"rendered":"B-Egg Night Light projektor z muzyk\u0105 turkusowy"},"content":{"rendered":"<ul>\n<li>Urocza lampka nocna w rozpoznawalnej formie jajka, kt\u00f3ra pomo\u017ce Twojemu dziecku zasn\u0105\u0107<\/li>\n<li>Z r\u00f3\u017cnymi, konfigurowalnymi d\u017awi\u0119kami, kt\u00f3re wy\u0142\u0105cz\u0105 si\u0119 automatycznie po 15 minutach<\/li>\n<li>Rzuca kolorowe gwiazdy na sufit<\/li>\n<li>Dzia\u0142a na baterie (3 x AA) nie do\u0142\u0105czone do zestawu lub na pr\u0105d zmienny (adapter do\u0142\u0105czony do zestawu)<\/li>\n<\/ul>\n","protected":false},"excerpt":{"rendered":"<p>Urocza lampka nocna w rozpoznawalnej formie jajka, kt\u00f3ra pomo\u017ce Twojemu dziecku zasn\u0105\u0107<\/p>\n<p>&nbsp;<\/p>\n","protected":false},"featured_media":66942,"comment_status":"closed","ping_status":"closed","template":"","meta":{"_lmt_disableupdate":"","_lmt_disable":""},"product_brand":[],"product_cat":[524],"product_tag":[],"woo-feed-brand":[],"class_list":{"0":"post-39942","1":"product","2":"type-product","3":"status-publish","4":"has-post-thumbnail","6":"product_cat-sen","8":"first","9":"instock","10":"taxable","11":"shipping-taxable","12":"purchasable","13":"product-type-simple"},"_links":{"self":[{"href":"https:\/\/www.bojungle.eu\/pl\/wp-json\/wp\/v2\/product\/39942","targetHints":{"allow":["GET"]}}],"collection":[{"href":"https:\/\/www.bojungle.eu\/pl\/wp-json\/wp\/v2\/product"}],"about":[{"href":"https:\/\/www.bojungle.eu\/pl\/wp-json\/wp\/v2\/types\/product"}],"replies":[{"embeddable":true,"href":"https:\/\/www.bojungle.eu\/pl\/wp-json\/wp\/v2\/comments?post=39942"}],"version-history":[{"count":0,"href":"https:\/\/www.bojungle.eu\/pl\/wp-json\/wp\/v2\/product\/39942\/revisions"}],"wp:featuredmedia":[{"embeddable":true,"href":"https:\/\/www.bojungle.eu\/pl\/wp-json\/wp\/v2\/media\/66942"}],"wp:attachment":[{"href":"https:\/\/www.bojungle.eu\/pl\/wp-json\/wp\/v2\/media?parent=39942"}],"wp:term":[{"taxonomy":"product_brand","embeddable":true,"href":"https:\/\/www.bojungle.eu\/pl\/wp-json\/wp\/v2\/product_brand?post=39942"},{"taxonomy":"product_cat","embeddable":true,"href":"https:\/\/www.bojungle.eu\/pl\/wp-json\/wp\/v2\/product_cat?post=39942"},{"taxonomy":"product_tag","embeddable":true,"href":"https:\/\/www.bojungle.eu\/pl\/wp-json\/wp\/v2\/product_tag?post=39942"},{"taxonomy":"woo-feed-brand","embeddable":true,"href":"https:\/\/www.bojungle.eu\/pl\/wp-json\/wp\/v2\/woo-feed-brand?post=39942"}],"curies":[{"name":"wp","href":"https:\/\/api.w.org\/{rel}","templated":true}]}}