{"id":39960,"date":"2022-09-23T11:22:00","date_gmt":"2022-09-23T09:22:00","guid":{"rendered":"https:\/\/dev.authority.biz\/boj\/product\/b-portable-swing-dolphy-beige\/"},"modified":"2024-04-08T10:30:45","modified_gmt":"2024-04-08T08:30:45","slug":"b-portable-swing-dolphy-grey-duplicate-1-2","status":"publish","type":"product","link":"https:\/\/www.bojungle.eu\/pl\/produkt\/b-portable-swing-dolphy-grey-duplicate-1-2\/","title":{"rendered":"B-Portable Swing Dolphy Beige"},"content":{"rendered":"<p>Odkryj przeno\u015bn\u0105 hu\u015btawk\u0119 Dolphy Beige, najlepsze po\u0142\u0105czenie komfortu, wygody i rozrywki dla Twojego malucha. Zaprojektowana z my\u015bl\u0105 o potrzebach rodzic\u00f3w i komforcie dzieci od noworodka do 9 kg, ta przeno\u015bna hu\u015btawka oferuje unikalne po\u0142\u0105czenie funkcji, kt\u00f3re sprawiaj\u0105, \u017ce jest to pozycja obowi\u0105zkowa w Twojej kolekcji akcesori\u00f3w dla dzieci.<\/p>\n<p><strong>Wszechstronne opcje zasilania<\/strong><br \/>\nNigdy nie b\u0105d\u017a przywi\u0105zany do jednego miejsca! Przeno\u015bna hu\u015btawka Dolphy Beige dzia\u0142a p\u0142ynnie za pomoc\u0105 do\u0142\u0105czonego kabla zasilaj\u0105cego lub 4 baterii C\/LR14 (brak w zestawie), dzi\u0119ki czemu dziecko mo\u017ce cieszy\u0107 si\u0119 koj\u0105c\u0105 hu\u015btawk\u0105 zar\u00f3wno w domu, jak i w podr\u00f3\u017cy.<\/p>\n<p><strong>Konfigurowalny komfort<\/strong><br \/>\nDzi\u0119ki mo\u017cliwo\u015bci regulacji oparcia w 2 pozycjach hu\u015btawka z \u0142atwo\u015bci\u0105 dopasowuje si\u0119 do potrzeb Twojego dziecka w zakresie komfortu, zapewniaj\u0105c mu zawsze idealne miejsce do relaksu lub obserwacji.<\/p>\n<p><strong>Intuicyjna funkcja timera<\/strong><br \/>\nWyposa\u017cona w funkcj\u0119 timera z ustawieniami na 15, 30, 45 lub 60 minut, przeno\u015bna hu\u015btawka Dolphy Beige pozwala dostosowa\u0107 czas hu\u015btania do nastroju i potrzeb dziecka, zapewniaj\u0105c mu odpowiedni\u0105 ilo\u015b\u0107 ukojenia i rozrywki.<\/p>\n<p><strong>Wiele pr\u0119dko\u015bci hu\u015btania i melodii<\/strong><br \/>\nWybierz jedn\u0105 z 5 r\u00f3\u017cnych pr\u0119dko\u015bci bujania, aby znale\u017a\u0107 idealny rytm dla swojego dziecka i usprawni\u0107 jego relaks i rozrywk\u0119 dzi\u0119ki 8 r\u00f3\u017cnym melodiom. To idealny spos\u00f3b na uspokojenie lub zaanga\u017cowanie malucha na wczesnych etapach jego rozwoju.<\/p>\n<p><strong>Najwy\u017cszy komfort i bezpiecze\u0144stwo<\/strong><br \/>\nWykonana z mi\u0119kkich, wysokiej jako\u015bci materia\u0142\u00f3w, kt\u00f3re mo\u017cna pra\u0107 w pralce dla \u0142atwej piel\u0119gnacji, a tak\u017ce z pluszowym zag\u0142\u00f3wkiem dla dodatkowego wsparcia, ta hu\u015btawka zapewnia dziecku komfort przez ca\u0142y czas. 5-punktowe pasy bezpiecze\u0144stwa zapewniaj\u0105 bezpiecze\u0144stwo maluchowi, zapewniaj\u0105c spok\u00f3j ducha. <\/p>\n<p><strong>Wci\u0105gaj\u0105ce i zabawne<\/strong><br \/>\n\u0141atwo od\u0142\u0105czany \u0142uk z dwoma zabawkami przyci\u0105ga uwag\u0119 dziecka i stymuluje jego rozwijaj\u0105ce si\u0119 zmys\u0142y, sprawiaj\u0105c, \u017ce czas sp\u0119dzony na hu\u015btawce jest zabawnym i edukacyjnym do\u015bwiadczeniem.<\/p>\n<p><strong>Wygodnie przeno\u015bny<\/strong><br \/>\nZaprojektowana z my\u015bl\u0105 o zapracowanych rodzinach, hu\u015btawka Dolphy Beige ma \u0142atwo sk\u0142adan\u0105 konstrukcj\u0119, kt\u00f3ra u\u0142atwia przechowywanie i transport, zapewniaj\u0105c komfort domu, gdziekolwiek jeste\u015b. Przeno\u015bna hu\u015btawka Dolphy Beige to nie tylko hu\u015btawka; to przytulna, zabawna i bezpieczna przysta\u0144 dla Twojego dziecka.<\/p>\n<p> Stanowi idealne po\u0142\u0105czenie funkcjonalno\u015bci i zabawy, co czyni go niezb\u0119dnym dodatkiem do niezb\u0119dnych akcesori\u00f3w do piel\u0119gnacji dziecka.<\/p>\n","protected":false},"excerpt":{"rendered":"<div class=\"elementor-element elementor-element-80cf67d elementor-widget elementor-widget-jet-single-excerpt\" data-id=\"80cf67d\" data-element_type=\"widget\" data-widget_type=\"jet-single-excerpt.default\">\n<div class=\"elementor-widget-container\">\n<div class=\"elementor-jet-single-excerpt jet-woo-builder\">\n<div class=\"woocommerce-product-details__short-description\">\n<div class=\"flex-1 overflow-hidden\">\n<div class=\"react-scroll-to-bottom--css-fpkau-79elbk h-full\">\n<div class=\"react-scroll-to-bottom--css-fpkau-1n7m0yu\">\n<div class=\"flex flex-col text-sm pb-9\">\n<div class=\"w-full text-token-text-primary\" data-testid=\"conversation-turn-8\">\n<div class=\"px-4 py-2 justify-center text-base md:gap-6 m-auto\">\n<div class=\"flex flex-1 text-base mx-auto gap-3 md:px-5 lg:px-1 xl:px-5 md:max-w-3xl lg:max-w-[40rem] xl:max-w-[48rem] group final-completion\">\n<div class=\"relative flex w-full flex-col agent-turn\">\n<div class=\"flex-col gap-1 md:gap-3\">\n<div class=\"flex flex-grow flex-col max-w-full\">\n<div class=\"min-h-[20px] text-message flex flex-col items-start gap-3 whitespace-pre-wrap break-words [.text-message+&amp;]:mt-5 overflow-x-auto\" data-message-author-role=\"assistant\" data-message-id=\"fbd77af2-e82b-4b38-a269-e92651bbb0c3\">\n<div class=\"markdown prose w-full break-words dark:prose-invert light\">\n<p>Przywitaj si\u0119 z przeno\u015bn\u0105 hu\u015btawk\u0105 Dolphy Beige: por\u0119czny spos\u00f3b na zapewnienie dziecku przytulno\u015bci i szcz\u0119\u015bcia, gdziekolwiek jeste\u015b. Ma regulowane ustawienia, aby zapewni\u0107 dziecku wygod\u0119, r\u00f3\u017cne pr\u0119dko\u015bci ko\u0142ysania i odtwarza przyjemne melodie. Ponadto zapewnia maluchowi bezpiecze\u0144stwo dzi\u0119ki uprz\u0119\u017cy i zabawkom. A kiedy sko\u0144czysz, po prostu z\u0142\u00f3\u017c go, aby u\u0142atwi\u0107 przechowywanie lub podr\u00f3\u017cowanie. Doskona\u0142y dla dzieci o wadze do 9 kg i idealny dla zapracowanych rodzin!<\/p>\n<\/div>\n<\/div>\n<\/div>\n<\/div>\n<\/div>\n<\/div>\n<\/div>\n<\/div>\n<\/div>\n<\/div>\n<\/div>\n<\/div>\n<div class=\"w-full pt-2 md:pt-0 dark:border-white\/20 md:border-transparent md:dark:border-transparent md:w-[calc(100%-.5rem)]\">\n<form class=\"stretch mx-2 flex flex-row gap-3 last:mb-2 md:mx-4 md:last:mb-6 lg:mx-auto lg:max-w-2xl xl:max-w-3xl\">\n<div class=\"relative flex h-full flex-1 flex-col\">\n<div class=\"flex w-full items-center\"><\/div>\n<\/div>\n<\/form>\n<\/div>\n<\/div>\n<\/div>\n<\/div>\n<\/div>\n<div class=\"elementor-element elementor-element-c5d7d93 elementor-widget elementor-widget-spacer\" data-id=\"c5d7d93\" data-element_type=\"widget\" data-widget_type=\"spacer.default\">\n<div class=\"elementor-widget-container\">\n<div class=\"elementor-spacer\"><\/div>\n<\/div>\n<\/div>\n","protected":false},"featured_media":72056,"comment_status":"closed","ping_status":"closed","template":"","meta":{"_lmt_disableupdate":"","_lmt_disable":""},"product_brand":[],"product_cat":[539],"product_tag":[],"woo-feed-brand":[],"class_list":{"0":"post-39960","1":"product","2":"type-product","3":"status-publish","4":"has-post-thumbnail","6":"product_cat-hustawki-i-bujaki","8":"first","9":"outofstock","10":"taxable","11":"shipping-taxable","12":"purchasable","13":"product-type-simple"},"_links":{"self":[{"href":"https:\/\/www.bojungle.eu\/pl\/wp-json\/wp\/v2\/product\/39960","targetHints":{"allow":["GET"]}}],"collection":[{"href":"https:\/\/www.bojungle.eu\/pl\/wp-json\/wp\/v2\/product"}],"about":[{"href":"https:\/\/www.bojungle.eu\/pl\/wp-json\/wp\/v2\/types\/product"}],"replies":[{"embeddable":true,"href":"https:\/\/www.bojungle.eu\/pl\/wp-json\/wp\/v2\/comments?post=39960"}],"version-history":[{"count":1,"href":"https:\/\/www.bojungle.eu\/pl\/wp-json\/wp\/v2\/product\/39960\/revisions"}],"predecessor-version":[{"id":72290,"href":"https:\/\/www.bojungle.eu\/pl\/wp-json\/wp\/v2\/product\/39960\/revisions\/72290"}],"wp:featuredmedia":[{"embeddable":true,"href":"https:\/\/www.bojungle.eu\/pl\/wp-json\/wp\/v2\/media\/72056"}],"wp:attachment":[{"href":"https:\/\/www.bojungle.eu\/pl\/wp-json\/wp\/v2\/media?parent=39960"}],"wp:term":[{"taxonomy":"product_brand","embeddable":true,"href":"https:\/\/www.bojungle.eu\/pl\/wp-json\/wp\/v2\/product_brand?post=39960"},{"taxonomy":"product_cat","embeddable":true,"href":"https:\/\/www.bojungle.eu\/pl\/wp-json\/wp\/v2\/product_cat?post=39960"},{"taxonomy":"product_tag","embeddable":true,"href":"https:\/\/www.bojungle.eu\/pl\/wp-json\/wp\/v2\/product_tag?post=39960"},{"taxonomy":"woo-feed-brand","embeddable":true,"href":"https:\/\/www.bojungle.eu\/pl\/wp-json\/wp\/v2\/woo-feed-brand?post=39960"}],"curies":[{"name":"wp","href":"https:\/\/api.w.org\/{rel}","templated":true}]}}