{"id":40094,"date":"2022-05-29T12:06:19","date_gmt":"2022-05-29T10:06:19","guid":{"rendered":"https:\/\/dev.authority.biz\/boj\/product\/b-biodegradowalny-zestaw-zastawy-stolowej-cpla-5szt-fioletowy-rozowy\/"},"modified":"2024-12-05T12:53:53","modified_gmt":"2024-12-05T11:53:53","slug":"b-biodegradowalne-cpla-zestaw-zastawy-stolowej-5szt-fioletowy-rozowy","status":"publish","type":"product","link":"https:\/\/www.bojungle.eu\/pl\/produkt\/b-biodegradowalne-cpla-zestaw-zastawy-stolowej-5szt-fioletowy-rozowy\/","title":{"rendered":"Ekologiczny zestaw naczy\u0144 CPLA 5 szt. Fioletowo\/R\u00f3\u017cowy"},"content":{"rendered":"<p>Podnie\u015b poziom swoich posi\u0142k\u00f3w dzi\u0119ki naszemu ekologicznemu zestawowi zastawy sto\u0142owej CPLA 5 sztuk zaprojektowanemu specjalnie dla dzieci. Ten 5-cz\u0119\u015bciowy zestaw zawiera kubek do picia, talerz, sztu\u0107ce i misk\u0119 \u2014 wszystko, czego Twoje dziecko potrzebuje do bezpiecznego i zr\u00f3wnowa\u017conego spo\u017cywania posi\u0142k\u00f3w. Wykonane z CPLA (krystalizowanego kwasu polimlekowego), mocniejszej i odpornej na ciep\u0142o formy PLA, te naczynia sto\u0142owe s\u0105 wykonane z odnawialnych \u017ar\u00f3de\u0142, takich jak kukurydza, trzcina cukrowa, maniok i inne naturalne ro\u015bliny. CPLA to w 100% biodegradowalna alternatywa dla tradycyjnego plastiku, zapewniaj\u0105ca produkt bez oleju, toksyczno\u015bci i metali ci\u0119\u017ckich, kt\u00f3ry jest zar\u00f3wno bezpieczny, jak i przyjazny dla \u015brodowiska. Nasze naczynia sto\u0142owe dla dzieci CPLA mo\u017cna my\u0107 w kuchence mikrofalowej i zmywarce (nie w piekarniku), \u0142\u0105cz\u0105 wygod\u0119 i zr\u00f3wnowa\u017cony rozw\u00f3j, oferuj\u0105c nietoksyczny, trwa\u0142y i przyjazny dla \u015brodowiska wyb\u00f3r dla Twojego dziecka. Przejd\u017a na bardziej ekologiczn\u0105 przysz\u0142o\u015b\u0107 dzi\u0119ki temu wysokiej jako\u015bci, naturalnemu zestawowi zastawy sto\u0142owej! <\/p>\n","protected":false},"excerpt":{"rendered":"<p>Ten 5-cz\u0119\u015bciowy ekologiczny zestaw zastawy sto\u0142owej CPLA zawiera kubek, talerz, sztu\u0107ce i misk\u0119, wszystkie wykonane z odnawialnych materia\u0142\u00f3w ro\u015blinnych, takich jak kukurydza i trzcina cukrowa. Mocny, odporny na ciep\u0142o i w 100% biodegradowalny, CPLA jest nietoksyczny i bezpieczny dla dzieci. Mo\u017cna go u\u017cywa\u0107 w kuchence mikrofalowej i my\u0107 w zmywarce, ten przyjazny dla \u015brodowiska zestaw to idealny, zr\u00f3wnowa\u017cony wyb\u00f3r na posi\u0142ki dla Twojego dziecka.  <\/p>\n","protected":false},"featured_media":70215,"comment_status":"closed","ping_status":"closed","template":"","meta":{"_lmt_disableupdate":"","_lmt_disable":""},"product_brand":[],"product_cat":[567,568,441],"product_tag":[],"woo-feed-brand":[],"class_list":{"0":"post-40094","1":"product","2":"type-product","3":"status-publish","4":"has-post-thumbnail","6":"product_cat-czas-na-kolacje","7":"product_cat-zakres-cpla","8":"product_cat-zywnosc-i-napoje","10":"first","11":"outofstock","12":"taxable","13":"shipping-taxable","14":"purchasable","15":"product-type-simple"},"_links":{"self":[{"href":"https:\/\/www.bojungle.eu\/pl\/wp-json\/wp\/v2\/product\/40094","targetHints":{"allow":["GET"]}}],"collection":[{"href":"https:\/\/www.bojungle.eu\/pl\/wp-json\/wp\/v2\/product"}],"about":[{"href":"https:\/\/www.bojungle.eu\/pl\/wp-json\/wp\/v2\/types\/product"}],"replies":[{"embeddable":true,"href":"https:\/\/www.bojungle.eu\/pl\/wp-json\/wp\/v2\/comments?post=40094"}],"version-history":[{"count":1,"href":"https:\/\/www.bojungle.eu\/pl\/wp-json\/wp\/v2\/product\/40094\/revisions"}],"predecessor-version":[{"id":78580,"href":"https:\/\/www.bojungle.eu\/pl\/wp-json\/wp\/v2\/product\/40094\/revisions\/78580"}],"wp:featuredmedia":[{"embeddable":true,"href":"https:\/\/www.bojungle.eu\/pl\/wp-json\/wp\/v2\/media\/70215"}],"wp:attachment":[{"href":"https:\/\/www.bojungle.eu\/pl\/wp-json\/wp\/v2\/media?parent=40094"}],"wp:term":[{"taxonomy":"product_brand","embeddable":true,"href":"https:\/\/www.bojungle.eu\/pl\/wp-json\/wp\/v2\/product_brand?post=40094"},{"taxonomy":"product_cat","embeddable":true,"href":"https:\/\/www.bojungle.eu\/pl\/wp-json\/wp\/v2\/product_cat?post=40094"},{"taxonomy":"product_tag","embeddable":true,"href":"https:\/\/www.bojungle.eu\/pl\/wp-json\/wp\/v2\/product_tag?post=40094"},{"taxonomy":"woo-feed-brand","embeddable":true,"href":"https:\/\/www.bojungle.eu\/pl\/wp-json\/wp\/v2\/woo-feed-brand?post=40094"}],"curies":[{"name":"wp","href":"https:\/\/api.w.org\/{rel}","templated":true}]}}