{"id":40096,"date":"2022-05-29T12:06:19","date_gmt":"2022-05-29T10:06:19","guid":{"rendered":"https:\/\/dev.authority.biz\/boj\/product\/b-biodegradowalny-zestaw-naczyn-stolowych-cpla-5szt-ochre\/"},"modified":"2022-05-29T12:06:19","modified_gmt":"2022-05-29T12:06:19","slug":"b-biodegradowalne-cpla-zestaw-zastawy-stolowej-5szt-ochre","status":"publish","type":"product","link":"https:\/\/www.bojungle.eu\/pl\/produkt\/b-biodegradowalne-cpla-zestaw-zastawy-stolowej-5szt-ochre\/","title":{"rendered":"B-Biodegradowalny zestaw naczy\u0144 sto\u0142owych CPLA 5szt Ochre"},"content":{"rendered":"<p>Zestaw zawiera kubek do picia, talerzyk, sztu\u0107ce i miseczk\u0119.<\/p>\n<p>PLA to skr\u00f3t od nazwy Polylactic Acid. Jest to biodegradowalne tworzywo sztuczne pochodz\u0105ce z odnawialnych zasob\u00f3w skrobi, takich jak kukurydza czy trzcina cukrowa. CPLA to skrystalizowany PLA, kt\u00f3ry jest mocniejszy i wytrzymuje wy\u017csze temperatury.<\/p>\n<p>Zastawy obiadowe dla dzieci CPLA s\u0105 wykonane z naturalnych ro\u015blin, a nie z ropy naftowej. Mo\u017ce to by\u0107 kukurydza, maniok, trzcina cukrowa, buraki cukrowe, pszenica, odpady rolnicze i ro\u015bliny nie\u017cywno\u015bciowe. Dlatego CPLA jest w 100% naturalny, co oznacza, \u017ce ma zero oleju, zero toksyczno\u015bci, zero metali ci\u0119\u017ckich. Ponadto mo\u017cna go u\u017cywa\u0107 w mikrofal\u00f3wce i zmywarce (ale nie w piekarniku). Dlatego CPLA to najbezpieczniejszy wyb\u00f3r dla Twoich dzieci.<\/p>\n","protected":false},"excerpt":{"rendered":"<p>Zestaw zawiera kubek do picia, talerzyk, sztu\u0107ce i miseczk\u0119.<\/p>\n<p>&nbsp;<\/p>\n","protected":false},"featured_media":70335,"comment_status":"closed","ping_status":"closed","template":"","meta":{"_lmt_disableupdate":"","_lmt_disable":""},"product_brand":[],"product_cat":[567,568,441],"product_tag":[],"woo-feed-brand":[],"class_list":{"0":"post-40096","1":"product","2":"type-product","3":"status-publish","4":"has-post-thumbnail","6":"product_cat-czas-na-kolacje","7":"product_cat-zakres-cpla","8":"product_cat-zywnosc-i-napoje","10":"first","11":"outofstock","12":"taxable","13":"shipping-taxable","14":"purchasable","15":"product-type-simple"},"_links":{"self":[{"href":"https:\/\/www.bojungle.eu\/pl\/wp-json\/wp\/v2\/product\/40096","targetHints":{"allow":["GET"]}}],"collection":[{"href":"https:\/\/www.bojungle.eu\/pl\/wp-json\/wp\/v2\/product"}],"about":[{"href":"https:\/\/www.bojungle.eu\/pl\/wp-json\/wp\/v2\/types\/product"}],"replies":[{"embeddable":true,"href":"https:\/\/www.bojungle.eu\/pl\/wp-json\/wp\/v2\/comments?post=40096"}],"version-history":[{"count":0,"href":"https:\/\/www.bojungle.eu\/pl\/wp-json\/wp\/v2\/product\/40096\/revisions"}],"wp:featuredmedia":[{"embeddable":true,"href":"https:\/\/www.bojungle.eu\/pl\/wp-json\/wp\/v2\/media\/70335"}],"wp:attachment":[{"href":"https:\/\/www.bojungle.eu\/pl\/wp-json\/wp\/v2\/media?parent=40096"}],"wp:term":[{"taxonomy":"product_brand","embeddable":true,"href":"https:\/\/www.bojungle.eu\/pl\/wp-json\/wp\/v2\/product_brand?post=40096"},{"taxonomy":"product_cat","embeddable":true,"href":"https:\/\/www.bojungle.eu\/pl\/wp-json\/wp\/v2\/product_cat?post=40096"},{"taxonomy":"product_tag","embeddable":true,"href":"https:\/\/www.bojungle.eu\/pl\/wp-json\/wp\/v2\/product_tag?post=40096"},{"taxonomy":"woo-feed-brand","embeddable":true,"href":"https:\/\/www.bojungle.eu\/pl\/wp-json\/wp\/v2\/woo-feed-brand?post=40096"}],"curies":[{"name":"wp","href":"https:\/\/api.w.org\/{rel}","templated":true}]}}