{"id":40209,"date":"2022-05-29T12:05:40","date_gmt":"2022-05-29T10:05:40","guid":{"rendered":"https:\/\/dev.authority.biz\/boj\/product\/b-wrap-ocean-whales-small\/"},"modified":"2024-01-16T13:06:00","modified_gmt":"2024-01-16T12:06:00","slug":"b-wrap-ocean-whales-small-2","status":"publish","type":"product","link":"https:\/\/www.bojungle.eu\/pl\/produkt\/b-wrap-ocean-whales-small-2\/","title":{"rendered":"B-Wrap Ocean Whales Small"},"content":{"rendered":"<ul>\n<li>Ma\u0142e (3,2 do 6,4 kg): od urodzenia do +\/- 4 miesi\u0119cy<\/li>\n<li>Koc otulaj\u0105cy z 100% bawe\u0142ny<\/li>\n<li>Najprostszy spos\u00f3b na otulenie dziecka w 3 krokach<\/li>\n<\/ul>\n","protected":false},"excerpt":{"rendered":"<p>Wrap Ocean Whales to przytulny koc ze 100% bawe\u0142ny ze stylowym wzorem wieloryb\u00f3w oceanicznych, zaprojektowany specjalnie dla niemowl\u0105t w ma\u0142ym zakresie rozmiar\u00f3w (od 3,2 do 6,4 kg), odpowiedni od urodzenia do oko\u0142o 4 miesi\u0119cy. Ten koc do owijania, wykonany z wysokiej jako\u015bci bawe\u0142ny, zapewnia przytulne i wygodne \u015brodowisko dla Twojego malucha. Upraszczaj\u0105c ten proces, oferuje najprostszy spos\u00f3b na owini\u0119cie dziecka w zaledwie trzech prostych krokach.<\/p>\n","protected":false},"featured_media":64539,"comment_status":"closed","ping_status":"closed","template":"","meta":{"_lmt_disableupdate":"","_lmt_disable":""},"product_brand":[],"product_cat":[524,569],"product_tag":[],"woo-feed-brand":[],"class_list":{"0":"post-40209","1":"product","2":"type-product","3":"status-publish","4":"has-post-thumbnail","6":"product_cat-sen","7":"product_cat-zawijanie-kocow","9":"first","10":"instock","11":"taxable","12":"shipping-taxable","13":"purchasable","14":"product-type-simple"},"_links":{"self":[{"href":"https:\/\/www.bojungle.eu\/pl\/wp-json\/wp\/v2\/product\/40209","targetHints":{"allow":["GET"]}}],"collection":[{"href":"https:\/\/www.bojungle.eu\/pl\/wp-json\/wp\/v2\/product"}],"about":[{"href":"https:\/\/www.bojungle.eu\/pl\/wp-json\/wp\/v2\/types\/product"}],"replies":[{"embeddable":true,"href":"https:\/\/www.bojungle.eu\/pl\/wp-json\/wp\/v2\/comments?post=40209"}],"version-history":[{"count":1,"href":"https:\/\/www.bojungle.eu\/pl\/wp-json\/wp\/v2\/product\/40209\/revisions"}],"predecessor-version":[{"id":64549,"href":"https:\/\/www.bojungle.eu\/pl\/wp-json\/wp\/v2\/product\/40209\/revisions\/64549"}],"wp:featuredmedia":[{"embeddable":true,"href":"https:\/\/www.bojungle.eu\/pl\/wp-json\/wp\/v2\/media\/64539"}],"wp:attachment":[{"href":"https:\/\/www.bojungle.eu\/pl\/wp-json\/wp\/v2\/media?parent=40209"}],"wp:term":[{"taxonomy":"product_brand","embeddable":true,"href":"https:\/\/www.bojungle.eu\/pl\/wp-json\/wp\/v2\/product_brand?post=40209"},{"taxonomy":"product_cat","embeddable":true,"href":"https:\/\/www.bojungle.eu\/pl\/wp-json\/wp\/v2\/product_cat?post=40209"},{"taxonomy":"product_tag","embeddable":true,"href":"https:\/\/www.bojungle.eu\/pl\/wp-json\/wp\/v2\/product_tag?post=40209"},{"taxonomy":"woo-feed-brand","embeddable":true,"href":"https:\/\/www.bojungle.eu\/pl\/wp-json\/wp\/v2\/woo-feed-brand?post=40209"}],"curies":[{"name":"wp","href":"https:\/\/api.w.org\/{rel}","templated":true}]}}