{"id":40229,"date":"2022-05-29T12:05:40","date_gmt":"2022-05-29T10:05:40","guid":{"rendered":"https:\/\/dev.authority.biz\/boj\/product\/b-wrap-white-tiger-small\/"},"modified":"2024-01-15T11:16:36","modified_gmt":"2024-01-15T10:16:36","slug":"b-wrap-white-tiger-small-2","status":"publish","type":"product","link":"https:\/\/www.bojungle.eu\/pl\/produkt\/b-wrap-white-tiger-small-2\/","title":{"rendered":"B-Wrap White Tiger Small"},"content":{"rendered":"<ul>\n<li>Ma\u0142e (3,2 do 6,4 kg): od urodzenia do +\/- 4 miesi\u0119cy<\/li>\n<li>Koc otulaj\u0105cy z 100% bawe\u0142ny<\/li>\n<li>Najprostszy spos\u00f3b na otulenie dziecka w 3 krokach<\/li>\n<\/ul>\n","protected":false},"excerpt":{"rendered":"<div class=\"flex-1 overflow-hidden\">\n<div class=\"react-scroll-to-bottom--css-yvnwm-79elbk h-full\">\n<div class=\"react-scroll-to-bottom--css-yvnwm-1n7m0yu\">\n<div class=\"flex flex-col pb-9 text-sm\">\n<div class=\"w-full text-token-text-primary\" data-testid=\"conversation-turn-3\">\n<div class=\"px-4 py-2 justify-center text-base md:gap-6 m-auto\">\n<div class=\"flex flex-1 text-base mx-auto gap-3 md:px-5 lg:px-1 xl:px-5 md:max-w-3xl lg:max-w-[40rem] xl:max-w-[48rem] group final-completion\">\n<div class=\"relative flex w-full flex-col lg:w-[calc(100%-115px)] agent-turn\">\n<div class=\"flex-col gap-1 md:gap-3\">\n<div class=\"flex flex-grow flex-col max-w-full\">\n<div class=\"min-h-[20px] text-message flex flex-col items-start gap-3 whitespace-pre-wrap break-words [.text-message+&amp;]:mt-5 overflow-x-auto\" data-message-author-role=\"assistant\" data-message-id=\"84c85f13-8e64-4ae1-a06f-04f025f1b4da\">\n<div class=\"markdown prose w-full break-words dark:prose-invert light\">\n<p>B-Wrap White Tiger to przytulny kocyk ze 100% bawe\u0142ny ze stylowym wzorem bia\u0142ego tygrysa, zaprojektowany specjalnie dla niemowl\u0105t w ma\u0142ym zakresie rozmiar\u00f3w (od 3,2 do 6,4 kg), odpowiedni od urodzenia do oko\u0142o 4 miesi\u0119cy. Ten koc do owijania, wykonany z wysokiej jako\u015bci bawe\u0142ny, zapewnia przytulne i wygodne \u015brodowisko dla Twojego malucha. Upraszczaj\u0105c ten proces, oferuje najprostszy spos\u00f3b na owini\u0119cie dziecka w zaledwie trzech prostych krokach.<\/p>\n<\/div>\n<\/div>\n<\/div>\n<div class=\"mt-1 flex justify-start gap-3 empty:hidden\">\n<div class=\"text-gray-400 flex self-end lg:self-center justify-center lg:justify-start mt-0 -ml-1 visible\">\n<p>&nbsp;<\/p>\n<div class=\"flex\"><\/div>\n<div class=\"flex items-center gap-1.5 text-xs\"><\/div>\n<\/div>\n<\/div>\n<\/div>\n<\/div>\n<\/div>\n<\/div>\n<\/div>\n<\/div>\n<\/div>\n<\/div>\n<\/div>\n<div class=\"w-full pt-2 md:pt-0 dark:border-white\/20 md:border-transparent md:dark:border-transparent md:w-[calc(100%-.5rem)]\">\n<form class=\"stretch mx-2 flex flex-row gap-3 last:mb-2 md:mx-4 md:last:mb-6 lg:mx-auto lg:max-w-2xl xl:max-w-3xl\">\n<div class=\"relative flex h-full flex-1 items-stretch md:flex-col\">\n<div class=\"flex w-full items-center\"><\/div>\n<\/div>\n<\/form>\n<\/div>\n<p>&nbsp;<\/p>\n","protected":false},"featured_media":64316,"comment_status":"closed","ping_status":"closed","template":"","meta":{"_lmt_disableupdate":"","_lmt_disable":""},"product_brand":[],"product_cat":[524,569],"product_tag":[],"woo-feed-brand":[],"class_list":{"0":"post-40229","1":"product","2":"type-product","3":"status-publish","4":"has-post-thumbnail","6":"product_cat-sen","7":"product_cat-zawijanie-kocow","9":"first","10":"instock","11":"taxable","12":"shipping-taxable","13":"purchasable","14":"product-type-simple"},"_links":{"self":[{"href":"https:\/\/www.bojungle.eu\/pl\/wp-json\/wp\/v2\/product\/40229","targetHints":{"allow":["GET"]}}],"collection":[{"href":"https:\/\/www.bojungle.eu\/pl\/wp-json\/wp\/v2\/product"}],"about":[{"href":"https:\/\/www.bojungle.eu\/pl\/wp-json\/wp\/v2\/types\/product"}],"replies":[{"embeddable":true,"href":"https:\/\/www.bojungle.eu\/pl\/wp-json\/wp\/v2\/comments?post=40229"}],"version-history":[{"count":1,"href":"https:\/\/www.bojungle.eu\/pl\/wp-json\/wp\/v2\/product\/40229\/revisions"}],"predecessor-version":[{"id":64325,"href":"https:\/\/www.bojungle.eu\/pl\/wp-json\/wp\/v2\/product\/40229\/revisions\/64325"}],"wp:featuredmedia":[{"embeddable":true,"href":"https:\/\/www.bojungle.eu\/pl\/wp-json\/wp\/v2\/media\/64316"}],"wp:attachment":[{"href":"https:\/\/www.bojungle.eu\/pl\/wp-json\/wp\/v2\/media?parent=40229"}],"wp:term":[{"taxonomy":"product_brand","embeddable":true,"href":"https:\/\/www.bojungle.eu\/pl\/wp-json\/wp\/v2\/product_brand?post=40229"},{"taxonomy":"product_cat","embeddable":true,"href":"https:\/\/www.bojungle.eu\/pl\/wp-json\/wp\/v2\/product_cat?post=40229"},{"taxonomy":"product_tag","embeddable":true,"href":"https:\/\/www.bojungle.eu\/pl\/wp-json\/wp\/v2\/product_tag?post=40229"},{"taxonomy":"woo-feed-brand","embeddable":true,"href":"https:\/\/www.bojungle.eu\/pl\/wp-json\/wp\/v2\/woo-feed-brand?post=40229"}],"curies":[{"name":"wp","href":"https:\/\/api.w.org\/{rel}","templated":true}]}}