{"id":40319,"date":"2022-05-29T12:05:39","date_gmt":"2022-05-29T10:05:39","guid":{"rendered":"https:\/\/dev.authority.biz\/boj\/product\/b-wrap-lovely-hearts-small\/"},"modified":"2024-01-17T15:51:12","modified_gmt":"2024-01-17T14:51:12","slug":"b-wrap-lovely-hearts-small-2","status":"publish","type":"product","link":"https:\/\/www.bojungle.eu\/pl\/produkt\/b-wrap-lovely-hearts-small-2\/","title":{"rendered":"B-Wrap Lovely Hearts Small"},"content":{"rendered":"<ul>\n<li>Ma\u0142e (3,2 do 6,4 kg): od urodzenia do +\/- 4 miesi\u0119cy<\/li>\n<li>Koc otulaj\u0105cy z 100% bawe\u0142ny<\/li>\n<li>Najprostszy spos\u00f3b na otulenie dziecka w 3 krokach<\/li>\n<\/ul>\n","protected":false},"excerpt":{"rendered":"<p>Wrap Lovely Hearts Small to przytulny kocyk ze 100% bawe\u0142ny ze stylowym wzorem uroczych serduszek, zaprojektowany specjalnie dla niemowl\u0105t w ma\u0142ym zakresie rozmiar\u00f3w (od 3,2 do 6,4 kg), odpowiedni od urodzenia do oko\u0142o 4 miesi\u0119cy. Ten koc do owijania, wykonany z wysokiej jako\u015bci bawe\u0142ny, zapewnia przytulne i wygodne \u015brodowisko dla Twojego malucha. Upraszczaj\u0105c ten proces, oferuje najprostszy spos\u00f3b na owini\u0119cie dziecka w zaledwie trzech prostych krokach.<\/p>\n<p>&nbsp;<\/p>\n","protected":false},"featured_media":64620,"comment_status":"closed","ping_status":"closed","template":"","meta":{"_lmt_disableupdate":"","_lmt_disable":""},"product_brand":[],"product_cat":[524,569],"product_tag":[],"woo-feed-brand":[],"class_list":{"0":"post-40319","1":"product","2":"type-product","3":"status-publish","4":"has-post-thumbnail","6":"product_cat-sen","7":"product_cat-zawijanie-kocow","9":"first","10":"instock","11":"taxable","12":"shipping-taxable","13":"purchasable","14":"product-type-simple"},"_links":{"self":[{"href":"https:\/\/www.bojungle.eu\/pl\/wp-json\/wp\/v2\/product\/40319","targetHints":{"allow":["GET"]}}],"collection":[{"href":"https:\/\/www.bojungle.eu\/pl\/wp-json\/wp\/v2\/product"}],"about":[{"href":"https:\/\/www.bojungle.eu\/pl\/wp-json\/wp\/v2\/types\/product"}],"replies":[{"embeddable":true,"href":"https:\/\/www.bojungle.eu\/pl\/wp-json\/wp\/v2\/comments?post=40319"}],"version-history":[{"count":1,"href":"https:\/\/www.bojungle.eu\/pl\/wp-json\/wp\/v2\/product\/40319\/revisions"}],"predecessor-version":[{"id":64629,"href":"https:\/\/www.bojungle.eu\/pl\/wp-json\/wp\/v2\/product\/40319\/revisions\/64629"}],"wp:featuredmedia":[{"embeddable":true,"href":"https:\/\/www.bojungle.eu\/pl\/wp-json\/wp\/v2\/media\/64620"}],"wp:attachment":[{"href":"https:\/\/www.bojungle.eu\/pl\/wp-json\/wp\/v2\/media?parent=40319"}],"wp:term":[{"taxonomy":"product_brand","embeddable":true,"href":"https:\/\/www.bojungle.eu\/pl\/wp-json\/wp\/v2\/product_brand?post=40319"},{"taxonomy":"product_cat","embeddable":true,"href":"https:\/\/www.bojungle.eu\/pl\/wp-json\/wp\/v2\/product_cat?post=40319"},{"taxonomy":"product_tag","embeddable":true,"href":"https:\/\/www.bojungle.eu\/pl\/wp-json\/wp\/v2\/product_tag?post=40319"},{"taxonomy":"woo-feed-brand","embeddable":true,"href":"https:\/\/www.bojungle.eu\/pl\/wp-json\/wp\/v2\/woo-feed-brand?post=40319"}],"curies":[{"name":"wp","href":"https:\/\/api.w.org\/{rel}","templated":true}]}}