{"id":40360,"date":"2022-05-29T12:05:38","date_gmt":"2022-05-29T10:05:38","guid":{"rendered":"https:\/\/dev.authority.biz\/boj\/product\/b-woody-krolik-na-kolkach-rozowy\/"},"modified":"2022-05-29T12:05:38","modified_gmt":"2022-05-29T12:05:38","slug":"b-woody-rabbit-on-wheels-pink-2","status":"publish","type":"product","link":"https:\/\/www.bojungle.eu\/pl\/produkt\/b-woody-rabbit-on-wheels-pink-2\/","title":{"rendered":"B-Woody Kr\u00f3lik na k\u00f3\u0142kach r\u00f3\u017cowy"},"content":{"rendered":"<p>Te urocze figurki do chwytania wykonane s\u0105 z fachowo wykonanego drewna i s\u0105 idealne dla ma\u0142ych r\u0105czek i entuzjastycznych mi\u0142o\u015bnik\u00f3w zwierz\u0105t. Nasze zwierz\u0105tka mo\u017cna chwyta\u0107, a tak\u017ce toczy\u0107 po nich na wytrzyma\u0142ych k\u00f3\u0142kach w pastelowych kolorach. Chwytaj\u0105ce figurki \u0107wicz\u0105 zdolno\u015bci motoryczne Twojego malucha i gwarantuj\u0105 dodatkow\u0105 zabaw\u0119!<\/p>\n","protected":false},"excerpt":{"rendered":"<p>Te urocze figurki do chwytania wykonane s\u0105 z fachowo wykonanego drewna i s\u0105 idealne dla ma\u0142ych r\u0105czek i entuzjastycznych mi\u0142o\u015bnik\u00f3w zwierz\u0105t. Nasze zwierz\u0105tka mo\u017cna chwyta\u0107, a tak\u017ce toczy\u0107 po nich na wytrzyma\u0142ych k\u00f3\u0142kach w pastelowych kolorach. Chwytaj\u0105ce figurki \u0107wicz\u0105 zdolno\u015bci motoryczne Twojego malucha i gwarantuj\u0105 dodatkow\u0105 zabaw\u0119!<\/p>\n","protected":false},"featured_media":74834,"comment_status":"closed","ping_status":"closed","template":"","meta":{"_lmt_disableupdate":"","_lmt_disable":""},"product_brand":[],"product_cat":[474,494],"product_tag":[],"woo-feed-brand":[],"class_list":{"0":"post-40360","1":"product","2":"type-product","3":"status-publish","4":"has-post-thumbnail","6":"product_cat-playtime-pl","7":"product_cat-zabawki-silikonowe","9":"first","10":"instock","11":"taxable","12":"shipping-taxable","13":"purchasable","14":"product-type-simple"},"_links":{"self":[{"href":"https:\/\/www.bojungle.eu\/pl\/wp-json\/wp\/v2\/product\/40360","targetHints":{"allow":["GET"]}}],"collection":[{"href":"https:\/\/www.bojungle.eu\/pl\/wp-json\/wp\/v2\/product"}],"about":[{"href":"https:\/\/www.bojungle.eu\/pl\/wp-json\/wp\/v2\/types\/product"}],"replies":[{"embeddable":true,"href":"https:\/\/www.bojungle.eu\/pl\/wp-json\/wp\/v2\/comments?post=40360"}],"version-history":[{"count":0,"href":"https:\/\/www.bojungle.eu\/pl\/wp-json\/wp\/v2\/product\/40360\/revisions"}],"wp:featuredmedia":[{"embeddable":true,"href":"https:\/\/www.bojungle.eu\/pl\/wp-json\/wp\/v2\/media\/74834"}],"wp:attachment":[{"href":"https:\/\/www.bojungle.eu\/pl\/wp-json\/wp\/v2\/media?parent=40360"}],"wp:term":[{"taxonomy":"product_brand","embeddable":true,"href":"https:\/\/www.bojungle.eu\/pl\/wp-json\/wp\/v2\/product_brand?post=40360"},{"taxonomy":"product_cat","embeddable":true,"href":"https:\/\/www.bojungle.eu\/pl\/wp-json\/wp\/v2\/product_cat?post=40360"},{"taxonomy":"product_tag","embeddable":true,"href":"https:\/\/www.bojungle.eu\/pl\/wp-json\/wp\/v2\/product_tag?post=40360"},{"taxonomy":"woo-feed-brand","embeddable":true,"href":"https:\/\/www.bojungle.eu\/pl\/wp-json\/wp\/v2\/woo-feed-brand?post=40360"}],"curies":[{"name":"wp","href":"https:\/\/api.w.org\/{rel}","templated":true}]}}