{"id":40395,"date":"2022-05-29T12:05:37","date_gmt":"2022-05-29T10:05:37","guid":{"rendered":"https:\/\/dev.authority.biz\/boj\/product\/b-wood-teether-blue-monkey\/"},"modified":"2022-05-29T12:05:37","modified_gmt":"2022-05-29T12:05:37","slug":"b-wood-teether-blue-monkey-2","status":"publish","type":"product","link":"https:\/\/www.bojungle.eu\/pl\/produkt\/b-wood-teether-blue-monkey-2\/","title":{"rendered":"B-Wood Teether Blue Monkey"},"content":{"rendered":"<ul>\n<li>\u0141agodzi obola\u0142e dzi\u0105s\u0142a dziecka w ka\u017cdej bezpiecznej sytuacji !<\/li>\n<li>W drewnie bukowym<\/li>\n<li>100% BPA free silikon spo\u017cywczy LGFB<\/li>\n<li>Jasne kolory, r\u00f3\u017cne zwierz\u0119ta<\/li>\n<\/ul>\n","protected":false},"excerpt":{"rendered":"<p>\u0141agodzi obola\u0142e dzi\u0105s\u0142a dziecka w ka\u017cdej bezpiecznej sytuacji !<\/p>\n","protected":false},"featured_media":74664,"comment_status":"closed","ping_status":"closed","template":"","meta":{"_lmt_disableupdate":"","_lmt_disable":""},"product_brand":[],"product_cat":[474,494,598],"product_tag":[],"woo-feed-brand":[],"class_list":{"0":"post-40395","1":"product","2":"type-product","3":"status-publish","4":"has-post-thumbnail","6":"product_cat-playtime-pl","7":"product_cat-zabawki-silikonowe","8":"product_cat-zabawki-z-gryzakiem","10":"first","11":"instock","12":"taxable","13":"shipping-taxable","14":"purchasable","15":"product-type-simple"},"_links":{"self":[{"href":"https:\/\/www.bojungle.eu\/pl\/wp-json\/wp\/v2\/product\/40395","targetHints":{"allow":["GET"]}}],"collection":[{"href":"https:\/\/www.bojungle.eu\/pl\/wp-json\/wp\/v2\/product"}],"about":[{"href":"https:\/\/www.bojungle.eu\/pl\/wp-json\/wp\/v2\/types\/product"}],"replies":[{"embeddable":true,"href":"https:\/\/www.bojungle.eu\/pl\/wp-json\/wp\/v2\/comments?post=40395"}],"version-history":[{"count":0,"href":"https:\/\/www.bojungle.eu\/pl\/wp-json\/wp\/v2\/product\/40395\/revisions"}],"wp:featuredmedia":[{"embeddable":true,"href":"https:\/\/www.bojungle.eu\/pl\/wp-json\/wp\/v2\/media\/74664"}],"wp:attachment":[{"href":"https:\/\/www.bojungle.eu\/pl\/wp-json\/wp\/v2\/media?parent=40395"}],"wp:term":[{"taxonomy":"product_brand","embeddable":true,"href":"https:\/\/www.bojungle.eu\/pl\/wp-json\/wp\/v2\/product_brand?post=40395"},{"taxonomy":"product_cat","embeddable":true,"href":"https:\/\/www.bojungle.eu\/pl\/wp-json\/wp\/v2\/product_cat?post=40395"},{"taxonomy":"product_tag","embeddable":true,"href":"https:\/\/www.bojungle.eu\/pl\/wp-json\/wp\/v2\/product_tag?post=40395"},{"taxonomy":"woo-feed-brand","embeddable":true,"href":"https:\/\/www.bojungle.eu\/pl\/wp-json\/wp\/v2\/woo-feed-brand?post=40395"}],"curies":[{"name":"wp","href":"https:\/\/api.w.org\/{rel}","templated":true}]}}