{"id":40444,"date":"2022-05-29T12:05:30","date_gmt":"2022-05-29T10:05:30","guid":{"rendered":"https:\/\/dev.authority.biz\/boj\/product\/b-walking-aid-jumpy-pink\/"},"modified":"2022-05-29T12:05:30","modified_gmt":"2022-05-29T12:05:30","slug":"b-walking-aid-jumpy-pink-2","status":"publish","type":"product","link":"https:\/\/www.bojungle.eu\/pl\/produkt\/b-walking-aid-jumpy-pink-2\/","title":{"rendered":"B-Walking Aid Jumpy Pink"},"content":{"rendered":"<p>Spokojnie, spokojnie&#8230;<br \/>\nDaj\u0105c dziecku wspania\u0142y czas!<\/p>\n<p>To magiczny produkt, bardzo prosty jak konstrukcja i bardzo \u0142atwy.<br \/>\nBezpieczny dla dzieci, kt\u00f3re mog\u0105 go u\u017cywa\u0107.<\/p>\n","protected":false},"excerpt":{"rendered":"<p>Spokojnie, spokojnie&#8230;<br \/>\nDaj\u0105c dziecku wspania\u0142y czas!<\/p>\n<p>To magiczny produkt, bardzo prosty jak konstrukcja i bardzo \u0142atwy.<br \/>\nBezpieczny dla dzieci, kt\u00f3re mog\u0105 go u\u017cywa\u0107.<\/p>\n","protected":false},"featured_media":73270,"comment_status":"closed","ping_status":"closed","template":"","meta":{"_lmt_disableupdate":"","_lmt_disable":""},"product_brand":[],"product_cat":[474,1344,614,613],"product_tag":[],"woo-feed-brand":[],"class_list":{"0":"post-40444","1":"product","2":"type-product","3":"status-publish","4":"has-post-thumbnail","6":"product_cat-playtime-pl","7":"product_cat-sprzedaz-pl","8":"product_cat-zabawki-muzyczne","9":"product_cat-zabawki-ruchowe","11":"first","12":"instock","13":"sale","14":"taxable","15":"shipping-taxable","16":"purchasable","17":"product-type-simple"},"_links":{"self":[{"href":"https:\/\/www.bojungle.eu\/pl\/wp-json\/wp\/v2\/product\/40444","targetHints":{"allow":["GET"]}}],"collection":[{"href":"https:\/\/www.bojungle.eu\/pl\/wp-json\/wp\/v2\/product"}],"about":[{"href":"https:\/\/www.bojungle.eu\/pl\/wp-json\/wp\/v2\/types\/product"}],"replies":[{"embeddable":true,"href":"https:\/\/www.bojungle.eu\/pl\/wp-json\/wp\/v2\/comments?post=40444"}],"version-history":[{"count":0,"href":"https:\/\/www.bojungle.eu\/pl\/wp-json\/wp\/v2\/product\/40444\/revisions"}],"wp:featuredmedia":[{"embeddable":true,"href":"https:\/\/www.bojungle.eu\/pl\/wp-json\/wp\/v2\/media\/73270"}],"wp:attachment":[{"href":"https:\/\/www.bojungle.eu\/pl\/wp-json\/wp\/v2\/media?parent=40444"}],"wp:term":[{"taxonomy":"product_brand","embeddable":true,"href":"https:\/\/www.bojungle.eu\/pl\/wp-json\/wp\/v2\/product_brand?post=40444"},{"taxonomy":"product_cat","embeddable":true,"href":"https:\/\/www.bojungle.eu\/pl\/wp-json\/wp\/v2\/product_cat?post=40444"},{"taxonomy":"product_tag","embeddable":true,"href":"https:\/\/www.bojungle.eu\/pl\/wp-json\/wp\/v2\/product_tag?post=40444"},{"taxonomy":"woo-feed-brand","embeddable":true,"href":"https:\/\/www.bojungle.eu\/pl\/wp-json\/wp\/v2\/woo-feed-brand?post=40444"}],"curies":[{"name":"wp","href":"https:\/\/api.w.org\/{rel}","templated":true}]}}