{"id":40463,"date":"2022-05-29T12:03:58","date_gmt":"2022-05-29T10:03:58","guid":{"rendered":"https:\/\/dev.authority.biz\/boj\/product\/b-walking-aid-jumpy-grey\/"},"modified":"2025-06-25T16:38:40","modified_gmt":"2025-06-25T14:38:40","slug":"b-walking-aid-jumpy-grey-2","status":"publish","type":"product","link":"https:\/\/www.bojungle.eu\/pl\/produkt\/b-walking-aid-jumpy-grey-2\/","title":{"rendered":"B-Walking Aid Jumpy Grey"},"content":{"rendered":"<p>Spokojnie, spokojnie&#8230;<br \/>\nDaj\u0105c dziecku wspania\u0142y czas!<\/p>\n<p>To magiczny produkt, bardzo prosty jak konstrukcja i bardzo \u0142atwy.<br \/>\nBezpieczny dla dzieci, kt\u00f3re mog\u0105 go u\u017cywa\u0107.<\/p>\n<table border=\"1\">\n<tbody>\n<tr>\n<td>Podr\u0119cznik<\/td>\n<td><a href=\"https:\/\/www.bojungle.eu\/wp-content\/uploads\/2025\/06\/Manual-Walking-aid-activity.pdf\">Kliknij tutaj<\/a><\/td>\n<\/tr>\n<\/tbody>\n<\/table>\n","protected":false},"excerpt":{"rendered":"<p>Spokojnie, spokojnie&#8230;<br \/>\nDaj\u0105c dziecku wspania\u0142y czas!<\/p>\n<p>To magiczny produkt, bardzo prosty jak konstrukcja i bardzo \u0142atwy.<br \/>\nBezpieczny dla dzieci, kt\u00f3re mog\u0105 go u\u017cywa\u0107.<\/p>\n","protected":false},"featured_media":73230,"comment_status":"closed","ping_status":"closed","template":"","meta":{"_lmt_disableupdate":"","_lmt_disable":""},"product_brand":[],"product_cat":[474,1344,614,613],"product_tag":[],"woo-feed-brand":[],"class_list":{"0":"post-40463","1":"product","2":"type-product","3":"status-publish","4":"has-post-thumbnail","6":"product_cat-playtime-pl","7":"product_cat-sprzedaz-pl","8":"product_cat-zabawki-muzyczne","9":"product_cat-zabawki-ruchowe","11":"first","12":"instock","13":"sale","14":"taxable","15":"shipping-taxable","16":"purchasable","17":"product-type-simple"},"_links":{"self":[{"href":"https:\/\/www.bojungle.eu\/pl\/wp-json\/wp\/v2\/product\/40463","targetHints":{"allow":["GET"]}}],"collection":[{"href":"https:\/\/www.bojungle.eu\/pl\/wp-json\/wp\/v2\/product"}],"about":[{"href":"https:\/\/www.bojungle.eu\/pl\/wp-json\/wp\/v2\/types\/product"}],"replies":[{"embeddable":true,"href":"https:\/\/www.bojungle.eu\/pl\/wp-json\/wp\/v2\/comments?post=40463"}],"version-history":[{"count":1,"href":"https:\/\/www.bojungle.eu\/pl\/wp-json\/wp\/v2\/product\/40463\/revisions"}],"predecessor-version":[{"id":80626,"href":"https:\/\/www.bojungle.eu\/pl\/wp-json\/wp\/v2\/product\/40463\/revisions\/80626"}],"wp:featuredmedia":[{"embeddable":true,"href":"https:\/\/www.bojungle.eu\/pl\/wp-json\/wp\/v2\/media\/73230"}],"wp:attachment":[{"href":"https:\/\/www.bojungle.eu\/pl\/wp-json\/wp\/v2\/media?parent=40463"}],"wp:term":[{"taxonomy":"product_brand","embeddable":true,"href":"https:\/\/www.bojungle.eu\/pl\/wp-json\/wp\/v2\/product_brand?post=40463"},{"taxonomy":"product_cat","embeddable":true,"href":"https:\/\/www.bojungle.eu\/pl\/wp-json\/wp\/v2\/product_cat?post=40463"},{"taxonomy":"product_tag","embeddable":true,"href":"https:\/\/www.bojungle.eu\/pl\/wp-json\/wp\/v2\/product_tag?post=40463"},{"taxonomy":"woo-feed-brand","embeddable":true,"href":"https:\/\/www.bojungle.eu\/pl\/wp-json\/wp\/v2\/woo-feed-brand?post=40463"}],"curies":[{"name":"wp","href":"https:\/\/api.w.org\/{rel}","templated":true}]}}