{"id":40492,"date":"2022-05-29T11:59:10","date_gmt":"2022-05-29T09:59:10","guid":{"rendered":"https:\/\/dev.authority.biz\/boj\/product\/b-umbrellas-universal-fit-brown\/"},"modified":"2024-05-23T15:51:30","modified_gmt":"2024-05-23T13:51:30","slug":"b-umbrellas-universal-fit-brown-2","status":"publish","type":"product","link":"https:\/\/www.bojungle.eu\/pl\/produkt\/b-umbrellas-universal-fit-brown-2\/","title":{"rendered":"Parasol uniwersalny br\u0105zowy"},"content":{"rendered":"<p>Przedstawiamy parasolk\u0119 Umbrella Universal Fit w klasycznym br\u0105zowym kolorze, zaprojektowan\u0105 tak, aby zapewni\u0107 dziecku maksymalny komfort i ochron\u0119 podczas s\u0142onecznych dni.<\/p>\n<ul>\n<li><strong>Najwy\u017csza ochrona przeciws\u0142oneczna: <\/strong> Chro\u0144 swoje dziecko przed szkodliwymi promieniami UV dzi\u0119ki naszej ochronie UV 50+, zapewniaj\u0105c bezpieczn\u0105 i wygodn\u0105 wycieczk\u0119.<\/li>\n<li><strong>Wszechstronne zastosowanie:<\/strong> Idealnie dopasowana do wszystkich rodzaj\u00f3w w\u00f3zk\u00f3w i fotelik\u00f3w dzieci\u0119cych, ta parasolka zapewnia uniwersalne dopasowanie dla Twojej wygody.<\/li>\n<li><strong>Regulowany system: <\/strong> Wyposa\u017cony w \u0142atwy w u\u017cyciu system regulacji, bezpiecznie zatrzaskuje si\u0119 na w\u00f3zku, dzi\u0119ki czemu instalacja i regulacja s\u0105 dziecinnie proste.<\/li>\n<li><strong>Maksymalny komfort:<\/strong> Dzi\u0119ki du\u017cemu baldachimowi ten parasol zapewnia du\u017co cienia, pozwalaj\u0105c dziecku zachowa\u0107 ch\u0142\u00f3d i wygod\u0119 nawet w najgor\u0119tsze dni.<\/li>\n<li><strong>Stylowy i jasny:<\/strong> Cho\u0107 oferowana w eleganckim br\u0105zowym kolorze, nasza parasolka jest r\u00f3wnie\u017c dost\u0119pna w r\u00f3\u017cnych jasnych kolorach, aby dopasowa\u0107 si\u0119 do Twojego osobistego stylu i doda\u0107 weso\u0142ego akcentu do Twojego w\u00f3zka.<\/li>\n<\/ul>\n<p>Parasolka Umbrella Universal Fit Brown zapewni dziecku optymalny komfort i ochron\u0119 podczas ka\u017cdej wycieczki.<\/p>\n<p>&nbsp;<\/p>\n","protected":false},"excerpt":{"rendered":"<div class=\"elementor-element elementor-element-80cf67d elementor-widget elementor-widget-jet-single-excerpt\" data-id=\"80cf67d\" data-element_type=\"widget\" data-widget_type=\"jet-single-excerpt.default\">\n<div class=\"elementor-widget-container\">\n<div class=\"elementor-jet-single-excerpt jet-woo-builder\">\n<div class=\"woocommerce-product-details__short-description\">\n<p>Zapewnij dziecku ch\u0142\u00f3d i bezpiecze\u0144stwo dzi\u0119ki naszemu eleganckiemu parasolowi w uniwersalnym kolorze br\u0105zowym. Ta du\u017ca parasolka z ochron\u0105 UV 50+ pasuje do wszystkich w\u00f3zk\u00f3w i fotelik\u00f3w dzieci\u0119cych. Jej regulowany system \u0142atwo zatrzaskuje si\u0119 na miejscu, zapewniaj\u0105c maksymalny komfort i cie\u0144. Dost\u0119pna w jasnych kolorach, kt\u00f3re dodaj\u0105 jej stylu. Idealna na s\u0142oneczne dni!   <\/p>\n<\/div>\n<\/div>\n<\/div>\n<\/div>\n<div class=\"elementor-element elementor-element-c5d7d93 elementor-widget elementor-widget-spacer\" data-id=\"c5d7d93\" data-element_type=\"widget\" data-widget_type=\"spacer.default\">\n<div class=\"elementor-widget-container\">\n<div class=\"elementor-spacer\"><\/div>\n<\/div>\n<\/div>\n<p>&nbsp;<\/p>\n","protected":false},"featured_media":68300,"comment_status":"closed","ping_status":"closed","template":"","meta":{"_lmt_disableupdate":"","_lmt_disable":""},"product_brand":[],"product_cat":[630,629],"product_tag":[],"woo-feed-brand":[],"class_list":{"0":"post-40492","1":"product","2":"type-product","3":"status-publish","4":"has-post-thumbnail","6":"product_cat-akcesoria-zewnetrzne","7":"product_cat-na-zewnatrz","9":"first","10":"instock","11":"taxable","12":"shipping-taxable","13":"purchasable","14":"product-type-simple"},"_links":{"self":[{"href":"https:\/\/www.bojungle.eu\/pl\/wp-json\/wp\/v2\/product\/40492","targetHints":{"allow":["GET"]}}],"collection":[{"href":"https:\/\/www.bojungle.eu\/pl\/wp-json\/wp\/v2\/product"}],"about":[{"href":"https:\/\/www.bojungle.eu\/pl\/wp-json\/wp\/v2\/types\/product"}],"replies":[{"embeddable":true,"href":"https:\/\/www.bojungle.eu\/pl\/wp-json\/wp\/v2\/comments?post=40492"}],"version-history":[{"count":1,"href":"https:\/\/www.bojungle.eu\/pl\/wp-json\/wp\/v2\/product\/40492\/revisions"}],"predecessor-version":[{"id":75739,"href":"https:\/\/www.bojungle.eu\/pl\/wp-json\/wp\/v2\/product\/40492\/revisions\/75739"}],"wp:featuredmedia":[{"embeddable":true,"href":"https:\/\/www.bojungle.eu\/pl\/wp-json\/wp\/v2\/media\/68300"}],"wp:attachment":[{"href":"https:\/\/www.bojungle.eu\/pl\/wp-json\/wp\/v2\/media?parent=40492"}],"wp:term":[{"taxonomy":"product_brand","embeddable":true,"href":"https:\/\/www.bojungle.eu\/pl\/wp-json\/wp\/v2\/product_brand?post=40492"},{"taxonomy":"product_cat","embeddable":true,"href":"https:\/\/www.bojungle.eu\/pl\/wp-json\/wp\/v2\/product_cat?post=40492"},{"taxonomy":"product_tag","embeddable":true,"href":"https:\/\/www.bojungle.eu\/pl\/wp-json\/wp\/v2\/product_tag?post=40492"},{"taxonomy":"woo-feed-brand","embeddable":true,"href":"https:\/\/www.bojungle.eu\/pl\/wp-json\/wp\/v2\/woo-feed-brand?post=40492"}],"curies":[{"name":"wp","href":"https:\/\/api.w.org\/{rel}","templated":true}]}}