{"id":40507,"date":"2022-05-29T11:59:10","date_gmt":"2022-05-29T09:59:10","guid":{"rendered":"https:\/\/dev.authority.biz\/boj\/product\/b-umbrellas-universal-fit-grey\/"},"modified":"2025-08-07T15:34:13","modified_gmt":"2025-08-07T13:34:13","slug":"b-umbrellas-universal-fit-grey-2","status":"publish","type":"product","link":"https:\/\/www.bojungle.eu\/pl\/produkt\/b-umbrellas-universal-fit-grey-2\/","title":{"rendered":"Parasol uniwersalny, szary"},"content":{"rendered":"<p>Przedstawiamy parasolk\u0119 Umbrella Universal Fit w kolorze szarym, zaprojektowan\u0105 z my\u015bl\u0105 o zapewnieniu dziecku maksymalnego komfortu i ochrony podczas s\u0142onecznych dni.<\/p>\n<ul>\n<li><strong>Najwy\u017csza ochrona przeciws\u0142oneczna: <\/strong> Chro\u0144 swoje dziecko przed szkodliwymi promieniami UV dzi\u0119ki naszej ochronie UV 50+, zapewniaj\u0105c bezpieczn\u0105 i wygodn\u0105 wycieczk\u0119.<\/li>\n<li><strong>Wszechstronne zastosowanie:<\/strong> Idealnie dopasowana do wszystkich rodzaj\u00f3w w\u00f3zk\u00f3w i fotelik\u00f3w dzieci\u0119cych, ta parasolka zapewnia uniwersalne dopasowanie dla Twojej wygody.<\/li>\n<li><strong>Regulowany system: <\/strong> Wyposa\u017cony w \u0142atwy w u\u017cyciu system regulacji, bezpiecznie zatrzaskuje si\u0119 na w\u00f3zku, dzi\u0119ki czemu instalacja i regulacja s\u0105 dziecinnie proste.<\/li>\n<li><strong>Maksymalny komfort:<\/strong> Dzi\u0119ki du\u017cemu baldachimowi ten parasol zapewnia du\u017co cienia, pozwalaj\u0105c dziecku zachowa\u0107 ch\u0142\u00f3d i wygod\u0119 nawet w najgor\u0119tsze dni.<\/li>\n<li><strong>Stylowy i jasny: <\/strong> Cho\u0107 nasza parasolka jest oferowana w eleganckiej czerni, jest r\u00f3wnie\u017c dost\u0119pna w r\u00f3\u017cnych jasnych kolorach, aby dopasowa\u0107 si\u0119 do Twojego osobistego stylu i doda\u0107 weso\u0142ego akcentu do Twojego w\u00f3zka.<\/li>\n<\/ul>\n<p>B\u0105d\u017a przygotowany i stylowy dzi\u0119ki parasolce Umbrella Universal Grey, kt\u00f3ra zapewni Twojemu dziecku optymalny komfort i ochron\u0119 podczas ka\u017cdej wycieczki.<\/p>\n<p>&nbsp;<\/p>\n","protected":false},"excerpt":{"rendered":"<p>Zapewnij dziecku ch\u0142\u00f3d i bezpiecze\u0144stwo dzi\u0119ki naszej eleganckiej, uniwersalnej szarej parasolce. Ta du\u017ca parasolka, wyposa\u017cona w filtr UV 50+, pasuje do wszystkich w\u00f3zk\u00f3w i fotelik\u00f3w dzieci\u0119cych. Jej regulowany system \u0142atwo si\u0119 zatrzaskuje, zapewniaj\u0105c maksymalny komfort i cie\u0144. Dost\u0119pna w jasnych kolorach, kt\u00f3re dodaj\u0105 jej stylu. Idealna na s\u0142oneczne dni!    <\/p>\n","protected":false},"featured_media":68270,"comment_status":"closed","ping_status":"closed","template":"","meta":{"_lmt_disableupdate":"","_lmt_disable":""},"product_brand":[],"product_cat":[630,629],"product_tag":[],"woo-feed-brand":[],"class_list":{"0":"post-40507","1":"product","2":"type-product","3":"status-publish","4":"has-post-thumbnail","6":"product_cat-akcesoria-zewnetrzne","7":"product_cat-na-zewnatrz","9":"first","10":"outofstock","11":"featured","12":"taxable","13":"shipping-taxable","14":"purchasable","15":"product-type-simple"},"_links":{"self":[{"href":"https:\/\/www.bojungle.eu\/pl\/wp-json\/wp\/v2\/product\/40507","targetHints":{"allow":["GET"]}}],"collection":[{"href":"https:\/\/www.bojungle.eu\/pl\/wp-json\/wp\/v2\/product"}],"about":[{"href":"https:\/\/www.bojungle.eu\/pl\/wp-json\/wp\/v2\/types\/product"}],"replies":[{"embeddable":true,"href":"https:\/\/www.bojungle.eu\/pl\/wp-json\/wp\/v2\/comments?post=40507"}],"version-history":[{"count":1,"href":"https:\/\/www.bojungle.eu\/pl\/wp-json\/wp\/v2\/product\/40507\/revisions"}],"predecessor-version":[{"id":80907,"href":"https:\/\/www.bojungle.eu\/pl\/wp-json\/wp\/v2\/product\/40507\/revisions\/80907"}],"wp:featuredmedia":[{"embeddable":true,"href":"https:\/\/www.bojungle.eu\/pl\/wp-json\/wp\/v2\/media\/68270"}],"wp:attachment":[{"href":"https:\/\/www.bojungle.eu\/pl\/wp-json\/wp\/v2\/media?parent=40507"}],"wp:term":[{"taxonomy":"product_brand","embeddable":true,"href":"https:\/\/www.bojungle.eu\/pl\/wp-json\/wp\/v2\/product_brand?post=40507"},{"taxonomy":"product_cat","embeddable":true,"href":"https:\/\/www.bojungle.eu\/pl\/wp-json\/wp\/v2\/product_cat?post=40507"},{"taxonomy":"product_tag","embeddable":true,"href":"https:\/\/www.bojungle.eu\/pl\/wp-json\/wp\/v2\/product_tag?post=40507"},{"taxonomy":"woo-feed-brand","embeddable":true,"href":"https:\/\/www.bojungle.eu\/pl\/wp-json\/wp\/v2\/woo-feed-brand?post=40507"}],"curies":[{"name":"wp","href":"https:\/\/api.w.org\/{rel}","templated":true}]}}