{"id":40526,"date":"2022-05-29T11:59:03","date_gmt":"2022-05-29T09:59:03","guid":{"rendered":"https:\/\/dev.authority.biz\/boj\/product\/b-turtle-silicone-green\/"},"modified":"2022-05-29T11:59:03","modified_gmt":"2022-05-29T11:59:03","slug":"b-turtle-silicone-green-2","status":"publish","type":"product","link":"https:\/\/www.bojungle.eu\/pl\/produkt\/b-turtle-silicone-green-2\/","title":{"rendered":"B-Turtle Silicone Green"},"content":{"rendered":"<ul>\n<li>Nasz silikonowy \u017c\u00f3\u0142w stymuluje zar\u00f3wno zmys\u0142y gryzienia jak i chwytania. Zapewnia z\u0142agodzenie b\u00f3lu i dyskomfortu zwi\u0105zanego z przechodzeniem przez z\u0119by w takim stopniu, a tak\u017ce stymuluje wargi i j\u0119zyk ze wzgl\u0119du na r\u00f3\u017cne powierzchnie zgryzu. Masuje si\u0119 z\u0119by, a tak\u017ce zmi\u0119kcza dzi\u0105s\u0142a. Idealny dla ma\u0142ych r\u0105czek i nadchodz\u0105cych z\u0105bk\u00f3w!<\/li>\n<li>\u0141atwy w utrzymaniu, mo\u017cna go pra\u0107 w pralce<\/li>\n<li>Wykonane w silikonie<\/li>\n<\/ul>\n","protected":false},"excerpt":{"rendered":"<p>Nasz silikonowy \u017c\u00f3\u0142w pobudza zar\u00f3wno zmys\u0142y gryzienia jak i chwytania. Zapewnia z\u0142agodzenie b\u00f3lu i dyskomfortu zwi\u0105zanego z przechodzeniem przez z\u0119by do takiego stopnia, a tak\u017ce stymuluje wargi i j\u0119zyk ze wzgl\u0119du na r\u00f3\u017cne powierzchnie zgryzu. Masuje si\u0119 z\u0119by, a tak\u017ce zmi\u0119kcza dzi\u0105s\u0142a. Idealny dla ma\u0142ych r\u0105czek i nadchodz\u0105cych z\u0105bk\u00f3w!<\/p>\n","protected":false},"featured_media":73220,"comment_status":"closed","ping_status":"closed","template":"","meta":{"_lmt_disableupdate":"","_lmt_disable":""},"product_brand":[],"product_cat":[474,494,598],"product_tag":[],"woo-feed-brand":[],"class_list":{"0":"post-40526","1":"product","2":"type-product","3":"status-publish","4":"has-post-thumbnail","6":"product_cat-playtime-pl","7":"product_cat-zabawki-silikonowe","8":"product_cat-zabawki-z-gryzakiem","10":"first","11":"instock","12":"taxable","13":"shipping-taxable","14":"purchasable","15":"product-type-simple"},"_links":{"self":[{"href":"https:\/\/www.bojungle.eu\/pl\/wp-json\/wp\/v2\/product\/40526","targetHints":{"allow":["GET"]}}],"collection":[{"href":"https:\/\/www.bojungle.eu\/pl\/wp-json\/wp\/v2\/product"}],"about":[{"href":"https:\/\/www.bojungle.eu\/pl\/wp-json\/wp\/v2\/types\/product"}],"replies":[{"embeddable":true,"href":"https:\/\/www.bojungle.eu\/pl\/wp-json\/wp\/v2\/comments?post=40526"}],"version-history":[{"count":0,"href":"https:\/\/www.bojungle.eu\/pl\/wp-json\/wp\/v2\/product\/40526\/revisions"}],"wp:featuredmedia":[{"embeddable":true,"href":"https:\/\/www.bojungle.eu\/pl\/wp-json\/wp\/v2\/media\/73220"}],"wp:attachment":[{"href":"https:\/\/www.bojungle.eu\/pl\/wp-json\/wp\/v2\/media?parent=40526"}],"wp:term":[{"taxonomy":"product_brand","embeddable":true,"href":"https:\/\/www.bojungle.eu\/pl\/wp-json\/wp\/v2\/product_brand?post=40526"},{"taxonomy":"product_cat","embeddable":true,"href":"https:\/\/www.bojungle.eu\/pl\/wp-json\/wp\/v2\/product_cat?post=40526"},{"taxonomy":"product_tag","embeddable":true,"href":"https:\/\/www.bojungle.eu\/pl\/wp-json\/wp\/v2\/product_tag?post=40526"},{"taxonomy":"woo-feed-brand","embeddable":true,"href":"https:\/\/www.bojungle.eu\/pl\/wp-json\/wp\/v2\/woo-feed-brand?post=40526"}],"curies":[{"name":"wp","href":"https:\/\/api.w.org\/{rel}","templated":true}]}}