{"id":40547,"date":"2022-05-29T11:58:22","date_gmt":"2022-05-29T09:58:22","guid":{"rendered":"https:\/\/dev.authority.biz\/boj\/product\/b-thermo-footmuff-universal-taupe\/"},"modified":"2024-03-04T13:48:38","modified_gmt":"2024-03-04T12:48:38","slug":"b-thermo-footmuff-uniwersalny-taupe","status":"publish","type":"product","link":"https:\/\/www.bojungle.eu\/pl\/produkt\/b-thermo-footmuff-uniwersalny-taupe\/","title":{"rendered":"B-Thermo Footmuff Universal Taupe"},"content":{"rendered":"<p>Uniwersalny \u015bpiworek Thermo w kolorze taupe to najlepsze rozwi\u0105zanie, kt\u00f3re zapewni Twojemu dziecku przytulno\u015b\u0107 i wygod\u0119 podczas ch\u0142odnych spacer\u00f3w. \u015apiworek ten, wykonany z niezwyk\u0142\u0105 dba\u0142o\u015bci\u0105 o szczeg\u00f3\u0142y, zosta\u0142 zaprojektowany tak, aby zaspokoi\u0107 r\u00f3\u017cnorodne potrzeby wsp\u00f3\u0142czesnych rodzic\u00f3w i ich dzieci.<\/p>\n<p><strong>Uniwersalna kompatybilno\u015b\u0107:<\/strong> Kompatybilny z wi\u0119kszo\u015bci\u0105 typ\u00f3w w\u00f3zk\u00f3w, nasz pokrowiec na n\u00f3\u017cki posiada strategicznie rozmieszczone otwory na szelki bezpiecze\u0144stwa, zapewniaj\u0105c bezpieczne dopasowanie i maksymaln\u0105 wygod\u0119.<\/p>\n<p><strong>Najwy\u017csze ciep\u0142o i komfort:<\/strong> Otulony mi\u0119kk\u0105 polarow\u0105 podszewk\u0105 o grubo\u015bci 400 gram\u00f3w, nasz ochraniacz na stopy zapewnia niezr\u00f3wnane ciep\u0142o nawet w najzimniejsze zimowe miesi\u0105ce. Twoje dziecko pozostanie w luksusowym komforcie przez ca\u0142\u0105 podr\u00f3\u017c.<\/p>\n<p><strong>Luksusowy design:<\/strong> Podaruj swojemu maluchowi uosobienie luksusu. Nasz podn\u00f3\u017cek jest wykonany z bogatych tkanin zewn\u0119trznych, kt\u00f3re podnosz\u0105 zar\u00f3wno styl, jak i funkcjonalno\u015b\u0107. <\/p>\n<p><strong>Zwi\u0119kszona ochrona:<\/strong> Chro\u0144 swoje dziecko przed \u017cywio\u0142ami dzi\u0119ki naszemu wodoodpornemu i wiatroszczelnemu \u015bpiworowi na n\u00f3\u017cki. Niezale\u017cnie od tego, czy pada deszcz, czy \u015bnieg, mo\u017cesz mie\u0107 pewno\u015b\u0107, \u017ce Twojemu dziecku b\u0119dzie wygodnie i sucho. <\/p>\n<p><strong>Regulowany kaptur:<\/strong> Z \u0142atwo\u015bci\u0105 walcz z lodowatym wiatrem. Nasz \u015bpiworek umo\u017cliwia elastyczne utworzenie kapturka ochronnego wok\u00f3\u0142 g\u0142owy dziecka, zapewniaj\u0105c dodatkowe ciep\u0142o i bezpiecze\u0144stwo w mro\u017ane dni. <\/p>\n<p><strong>Solidny i bezpieczny:<\/strong> Zaprojektowana z my\u015bl\u0105 o bezpiecze\u0144stwie, nasza nak\u0142adka na n\u00f3\u017cki ma antypo\u015blizgowe dno i paski, dzi\u0119ki czemu pozostaje bezpiecznie na miejscu, gdy jest przymocowana do w\u00f3zka.<\/p>\n<p><strong>Wszechstronne zastosowanie<\/strong>: Wraz ze wzrostem dziecka ro\u015bnie r\u00f3wnie\u017c nasz \u015bpiworek. Podn\u00f3\u017cek mo\u017cna wygodnie otworzy\u0107, aby zapewni\u0107 swobod\u0119 ruchu i dostosowa\u0107 si\u0119 do zmieniaj\u0105cych si\u0119 potrzeb malucha.<\/p>\n<p><strong>\u0141atwa konserwacja:<\/strong> Zaprojektowany dla zapracowanych rodzic\u00f3w, nasz \u015bpiworek mo\u017cna \u0142atwo pra\u0107 w temperaturze 30\u00b0C, dzi\u0119ki czemu jest czysty i \u015bwie\u017cy podczas ka\u017cdego wyj\u015bcia.<\/p>\n<p>Poczuj uosobienie ciep\u0142a, komfortu i stylu dzi\u0119ki \u015bpiworowi Thermo Footmuff Universal \u2013 idealnemu towarzyszowi przyg\u00f3d Twojego dziecka na \u015bwie\u017cym powietrzu.<\/p>\n","protected":false},"excerpt":{"rendered":"<div class=\"flex flex-grow flex-col max-w-full\">\n<div class=\"min-h-[20px] text-message flex flex-col items-start gap-3 whitespace-pre-wrap break-words [.text-message+&amp;]:mt-5 overflow-x-auto\" data-message-author-role=\"assistant\" data-message-id=\"b8d9f90e-46a7-45ac-9c2b-1b996e36b397\">\n<div class=\"markdown prose w-full break-words dark:prose-invert light\">\n<p>Odkryj \u015bpiworek Thermo Universal w kolorze taupe \u2013 najbardziej przytulne rozwi\u0105zanie na zimowe spacery. Dzi\u0119ki pluszowej podszewce z polaru o gramaturze 400 g, odporno\u015bci na wod\u0119 i wiatr oraz wszechstronnemu designowi zapewnia niezr\u00f3wnane ciep\u0142o, ochron\u0119 i wygod\u0119.  Zapewnij swojemu maluchowi wygod\u0119 i styl podczas ka\u017cdej wycieczki.<\/p>\n<\/div>\n<\/div>\n<\/div>\n<div class=\"mt-1 flex justify-start gap-3 empty:hidden\">\n<div class=\"text-gray-400 flex self-end lg:self-center justify-center lg:justify-start mt-0 -ml-1 h-7 visible\"><\/div>\n<\/div>\n","protected":false},"featured_media":67670,"comment_status":"closed","ping_status":"closed","template":"","meta":{"_lmt_disableupdate":"","_lmt_disable":""},"product_brand":[],"product_cat":[630,629],"product_tag":[],"woo-feed-brand":[],"class_list":{"0":"post-40547","1":"product","2":"type-product","3":"status-publish","4":"has-post-thumbnail","6":"product_cat-akcesoria-zewnetrzne","7":"product_cat-na-zewnatrz","9":"first","10":"instock","11":"taxable","12":"shipping-taxable","13":"purchasable","14":"product-type-simple"},"_links":{"self":[{"href":"https:\/\/www.bojungle.eu\/pl\/wp-json\/wp\/v2\/product\/40547","targetHints":{"allow":["GET"]}}],"collection":[{"href":"https:\/\/www.bojungle.eu\/pl\/wp-json\/wp\/v2\/product"}],"about":[{"href":"https:\/\/www.bojungle.eu\/pl\/wp-json\/wp\/v2\/types\/product"}],"replies":[{"embeddable":true,"href":"https:\/\/www.bojungle.eu\/pl\/wp-json\/wp\/v2\/comments?post=40547"}],"version-history":[{"count":1,"href":"https:\/\/www.bojungle.eu\/pl\/wp-json\/wp\/v2\/product\/40547\/revisions"}],"predecessor-version":[{"id":67699,"href":"https:\/\/www.bojungle.eu\/pl\/wp-json\/wp\/v2\/product\/40547\/revisions\/67699"}],"wp:featuredmedia":[{"embeddable":true,"href":"https:\/\/www.bojungle.eu\/pl\/wp-json\/wp\/v2\/media\/67670"}],"wp:attachment":[{"href":"https:\/\/www.bojungle.eu\/pl\/wp-json\/wp\/v2\/media?parent=40547"}],"wp:term":[{"taxonomy":"product_brand","embeddable":true,"href":"https:\/\/www.bojungle.eu\/pl\/wp-json\/wp\/v2\/product_brand?post=40547"},{"taxonomy":"product_cat","embeddable":true,"href":"https:\/\/www.bojungle.eu\/pl\/wp-json\/wp\/v2\/product_cat?post=40547"},{"taxonomy":"product_tag","embeddable":true,"href":"https:\/\/www.bojungle.eu\/pl\/wp-json\/wp\/v2\/product_tag?post=40547"},{"taxonomy":"woo-feed-brand","embeddable":true,"href":"https:\/\/www.bojungle.eu\/pl\/wp-json\/wp\/v2\/woo-feed-brand?post=40547"}],"curies":[{"name":"wp","href":"https:\/\/api.w.org\/{rel}","templated":true}]}}