{"id":40582,"date":"2022-05-29T11:58:22","date_gmt":"2022-05-29T09:58:22","guid":{"rendered":"https:\/\/dev.authority.biz\/boj\/product\/b-thermo-bottle-silicone-glass-150-ml-turquoise\/"},"modified":"2022-05-29T11:58:22","modified_gmt":"2022-05-29T11:58:22","slug":"b-thermo-butelka-silikonowo-szklana-150-ml-turkusowa","status":"publish","type":"product","link":"https:\/\/www.bojungle.eu\/pl\/produkt\/b-thermo-butelka-silikonowo-szklana-150-ml-turkusowa\/","title":{"rendered":"B-Thermo Bottle Silicone Glass 150 ml Turquoise"},"content":{"rendered":"<ul>\n<li>Wolisz kupi\u0107 butelk\u0119 dla dziecka w szkle ze wzgl\u0119d\u00f3w higienicznych, ale boisz si\u0119, \u017ce si\u0119 st\u0142ucze? Chcesz mie\u0107 absolutn\u0105 pewno\u015b\u0107, \u017ce butelka Twojego dziecka ma odpowiedni\u0105 temperatur\u0119 i \u017ce nie zawiera \u017cadnych niebezpiecznych substancji chemicznych? Nie szukaj dalej: Bo Jungle opracowa\u0142 gam\u0119 wspania\u0142ych butelek dla niemowl\u0105t, kt\u00f3re b\u0119d\u0105 kochane zar\u00f3wno przez dziecko, jak i mam\u0119. Nasze butelki wykonane s\u0105 z lekkiego szk\u0142a borokrzemowego i s\u0105 \u0142atwe do czyszczenia i sterylizacji. Ich kolor nie zmieni si\u0119 z czasem ORAZ gwarantujemy, \u017ce s\u0105 ca\u0142kowicie wolne od niebezpiecznych substancji chemicznych i zgodne z przepisami UE. Nie odpryskuj\u0105<\/li>\n<li>Wytrzymuje upadki z wysoko\u015bci do 1 metra (w normalnych warunkach)<\/li>\n<li>Funkcja wykrywania ciep\u0142a: zmienia kolor na bia\u0142y, gdy zawarto\u015b\u0107 butelki jest zbyt gor\u0105ca (od +-40\u00b0C)<\/li>\n<li>Lekkie szk\u0142o borokrzemowe<\/li>\n<li>wolny od BPA<\/li>\n<li>Pokrywa odporna na zalanie &#8211; Swobodnie zdejmowane uchwyty<\/li>\n<li>Higieniczne: \u0142atwe do czyszczenia i sterylizacji<\/li>\n<li>Dost\u0119pne r\u00f3\u017cne rodzaje smoczk\u00f3w: wolne, \u015brednie, szybkie i g\u0119ste p\u0142yny<\/li>\n<\/ul>\n","protected":false},"excerpt":{"rendered":"<p>Firma Bo Jungle stworzy\u0142a gam\u0119 wspania\u0142ych butelek dla niemowl\u0105t, kt\u00f3re pokocha zar\u00f3wno dziecko, jak i mama. Nasze butelki wykonane s\u0105 z lekkiego szk\u0142a borokrzemowego i s\u0105 \u0142atwe do czyszczenia i sterylizacji. Ich kolor nie zmieni si\u0119 z czasem ORAZ gwarantujemy, \u017ce s\u0105 ca\u0142kowicie wolne od niebezpiecznych substancji chemicznych i zgodne z przepisami UE.<\/p>\n","protected":false},"featured_media":58750,"comment_status":"closed","ping_status":"closed","template":"","meta":{"_lmt_disableupdate":"","_lmt_disable":""},"product_brand":[],"product_cat":[567,443,1344,441],"product_tag":[],"woo-feed-brand":[],"class_list":{"0":"post-40582","1":"product","2":"type-product","3":"status-publish","4":"has-post-thumbnail","6":"product_cat-czas-na-kolacje","7":"product_cat-gama-silikonow","8":"product_cat-sprzedaz-pl","9":"product_cat-zywnosc-i-napoje","11":"first","12":"instock","13":"sale","14":"taxable","15":"shipping-taxable","16":"purchasable","17":"product-type-simple"},"_links":{"self":[{"href":"https:\/\/www.bojungle.eu\/pl\/wp-json\/wp\/v2\/product\/40582","targetHints":{"allow":["GET"]}}],"collection":[{"href":"https:\/\/www.bojungle.eu\/pl\/wp-json\/wp\/v2\/product"}],"about":[{"href":"https:\/\/www.bojungle.eu\/pl\/wp-json\/wp\/v2\/types\/product"}],"replies":[{"embeddable":true,"href":"https:\/\/www.bojungle.eu\/pl\/wp-json\/wp\/v2\/comments?post=40582"}],"version-history":[{"count":0,"href":"https:\/\/www.bojungle.eu\/pl\/wp-json\/wp\/v2\/product\/40582\/revisions"}],"wp:featuredmedia":[{"embeddable":true,"href":"https:\/\/www.bojungle.eu\/pl\/wp-json\/wp\/v2\/media\/58750"}],"wp:attachment":[{"href":"https:\/\/www.bojungle.eu\/pl\/wp-json\/wp\/v2\/media?parent=40582"}],"wp:term":[{"taxonomy":"product_brand","embeddable":true,"href":"https:\/\/www.bojungle.eu\/pl\/wp-json\/wp\/v2\/product_brand?post=40582"},{"taxonomy":"product_cat","embeddable":true,"href":"https:\/\/www.bojungle.eu\/pl\/wp-json\/wp\/v2\/product_cat?post=40582"},{"taxonomy":"product_tag","embeddable":true,"href":"https:\/\/www.bojungle.eu\/pl\/wp-json\/wp\/v2\/product_tag?post=40582"},{"taxonomy":"woo-feed-brand","embeddable":true,"href":"https:\/\/www.bojungle.eu\/pl\/wp-json\/wp\/v2\/woo-feed-brand?post=40582"}],"curies":[{"name":"wp","href":"https:\/\/api.w.org\/{rel}","templated":true}]}}