{"id":40586,"date":"2022-05-29T11:58:21","date_gmt":"2022-05-29T09:58:21","guid":{"rendered":"https:\/\/dev.authority.biz\/boj\/product\/b-thermo-breastpump-organiser-dark-grey\/"},"modified":"2024-02-15T16:11:05","modified_gmt":"2024-02-15T15:11:05","slug":"b-thermo-breastpump-organiser-dark-grey-2","status":"publish","type":"product","link":"https:\/\/www.bojungle.eu\/pl\/produkt\/b-thermo-breastpump-organiser-dark-grey-2\/","title":{"rendered":"Organizer na laktator Thermo ciemnoszary"},"content":{"rendered":"<ul>\n<li>Organizer na laktator Thermo zosta\u0142 zaprojektowany, aby u\u0142atwi\u0107 mamom karmi\u0105cym piersi\u0105 zabranie ze sob\u0105 wszystkiego, czego potrzebuj\u0105, gdy np. wracaj\u0105 do pracy i chc\u0105 kontynuowa\u0107 karmienie piersi\u0105. Gdy dziecko przestanie karmi\u0107 piersi\u0105, ta dyskretna torba zawsze mo\u017ce pos\u0142u\u017cy\u0107 do zabrania na wycieczki itp!<\/li>\n<li>Dyskretny design oparty na najnowszych trendach i zgodny z innymi naszymi produktami<\/li>\n<li>Torba termoizolacyjna do przechowywania mleka matki (lub p\u00f3\u017aniej s\u0142oiczk\u00f3w z od\u017cywkami dla dzieci itp.) i utrzymywania go w ch\u0142odzie<\/li>\n<li>Dwie oddzielne komory: g\u00f3rna na laktator, dolna na butelki z mlekiem itp.<\/li>\n<li>Wystarczaj\u0105ca ilo\u015b\u0107 miejsca na laktator, dwie butelki dla niemowl\u0105t, kilka wk\u0142adek do karmienia i inne drobne rzeczy<\/li>\n<li>Kieszenie po wewn\u0119trznej stronie, aby utrzyma\u0107 wszystko na miejscu<\/li>\n<li>Wymiary: H: 29 cm x D: 18 cm x W: 24 cm<\/li>\n<\/ul>\n","protected":false},"excerpt":{"rendered":"<p>Nasz organizer na laktator Thermo w kolorze ciemnoszarym jest niezb\u0119dnym rozwi\u0105zaniem dla mam karmi\u0105cych piersi\u0105, kt\u00f3re s\u0105 zawsze w ruchu. Stworzony z my\u015bl\u0105 o wygodzie i dyskrecji, ten organizer zosta\u0142 zaprojektowany tak, aby p\u0142ynnie zintegrowa\u0107 si\u0119 z Twoim intensywnym stylem \u017cycia, jednocze\u015bnie zapewniaj\u0105c schludne przechowywanie i \u0142atwy dost\u0119p do niezb\u0119dnych akcesori\u00f3w do karmienia piersi\u0105. Dzi\u0119ki dyskretnemu wzornictwu, kt\u00f3re bez trudu \u0142\u0105czy si\u0119 z najnowszymi trendami i nasz\u0105 gam\u0105 produkt\u00f3w premium, organizer ten pozwala kontynuowa\u0107 karmienie piersi\u0105 z pewno\u015bci\u0105 siebie i stylem. Niezale\u017cnie od tego, czy wybierasz si\u0119 do biura, czy wyruszasz na weekendow\u0105 przygod\u0119, ta elegancka torba zapewni Ci ochron\u0119. Wyposa\u017cony w termoizolowan\u0105 komor\u0119, nasz organizer utrzymuje optymaln\u0105 temperatur\u0119 mleka matki lub p\u00f3\u017aniejszych s\u0142oik\u00f3w z jedzeniem dla niemowl\u0105t, zapewniaj\u0105c \u015bwie\u017co\u015b\u0107, gdziekolwiek jeste\u015b. Dzi\u0119ki dw\u00f3m oddzielnym przegrodom mo\u017cesz skutecznie zorganizowa\u0107 swoje niezb\u0119dne rzeczy. G\u00f3rna komora z \u0142atwo\u015bci\u0105 pomie\u015bci laktator, podczas gdy dolna komora zapewnia wystarczaj\u0105co du\u017co miejsca do przechowywania butelek z mlekiem i innych niezb\u0119dnych rzeczy. Dzi\u0119ki wystarczaj\u0105cej ilo\u015bci miejsca na laktator, dwie butelki dla niemowl\u0105t, wk\u0142adki do karmienia i inne drobne przedmioty, wszystko, czego potrzebujesz, jest na wyci\u0105gni\u0119cie r\u0119ki. Wewn\u0105trz, strategicznie rozmieszczone kieszenie zapewniaj\u0105 bezpiecze\u0144stwo i \u0142atwy dost\u0119p do przedmiot\u00f3w. Koniec z szukaniem zagubionych przedmiot\u00f3w; wszystko pozostaje na swoim miejscu, pozwalaj\u0105c skupi\u0107 si\u0119 na opiece nad maluchem.<\/p>\n<p>Ulepsz swoj\u0105 podr\u00f3\u017c z laktatorem Thermo w kolorze ciemnoszarym. Praktyczny, stylowy i wszechstronny, jest idealnym towarzyszem dla ka\u017cdej mamy karmi\u0105cej piersi\u0105 w podr\u00f3\u017cy.<\/p>\n","protected":false},"featured_media":66306,"comment_status":"closed","ping_status":"closed","template":"","meta":{"_lmt_disableupdate":"","_lmt_disable":""},"product_brand":[],"product_cat":[630,629],"product_tag":[],"woo-feed-brand":[],"class_list":{"0":"post-40586","1":"product","2":"type-product","3":"status-publish","4":"has-post-thumbnail","6":"product_cat-akcesoria-zewnetrzne","7":"product_cat-na-zewnatrz","9":"first","10":"instock","11":"taxable","12":"shipping-taxable","13":"purchasable","14":"product-type-simple"},"_links":{"self":[{"href":"https:\/\/www.bojungle.eu\/pl\/wp-json\/wp\/v2\/product\/40586","targetHints":{"allow":["GET"]}}],"collection":[{"href":"https:\/\/www.bojungle.eu\/pl\/wp-json\/wp\/v2\/product"}],"about":[{"href":"https:\/\/www.bojungle.eu\/pl\/wp-json\/wp\/v2\/types\/product"}],"replies":[{"embeddable":true,"href":"https:\/\/www.bojungle.eu\/pl\/wp-json\/wp\/v2\/comments?post=40586"}],"version-history":[{"count":1,"href":"https:\/\/www.bojungle.eu\/pl\/wp-json\/wp\/v2\/product\/40586\/revisions"}],"predecessor-version":[{"id":66399,"href":"https:\/\/www.bojungle.eu\/pl\/wp-json\/wp\/v2\/product\/40586\/revisions\/66399"}],"wp:featuredmedia":[{"embeddable":true,"href":"https:\/\/www.bojungle.eu\/pl\/wp-json\/wp\/v2\/media\/66306"}],"wp:attachment":[{"href":"https:\/\/www.bojungle.eu\/pl\/wp-json\/wp\/v2\/media?parent=40586"}],"wp:term":[{"taxonomy":"product_brand","embeddable":true,"href":"https:\/\/www.bojungle.eu\/pl\/wp-json\/wp\/v2\/product_brand?post=40586"},{"taxonomy":"product_cat","embeddable":true,"href":"https:\/\/www.bojungle.eu\/pl\/wp-json\/wp\/v2\/product_cat?post=40586"},{"taxonomy":"product_tag","embeddable":true,"href":"https:\/\/www.bojungle.eu\/pl\/wp-json\/wp\/v2\/product_tag?post=40586"},{"taxonomy":"woo-feed-brand","embeddable":true,"href":"https:\/\/www.bojungle.eu\/pl\/wp-json\/wp\/v2\/woo-feed-brand?post=40586"}],"curies":[{"name":"wp","href":"https:\/\/api.w.org\/{rel}","templated":true}]}}