{"id":40737,"date":"2022-05-29T11:57:05","date_gmt":"2022-05-29T09:57:05","guid":{"rendered":"https:\/\/dev.authority.biz\/boj\/product\/b-cloud-grey-pu-leather-jednostka-siedzaca-adaptery-do-foteli-samochodowych-ochrona-przed-deszczem\/"},"modified":"2023-07-05T16:26:24","modified_gmt":"2023-07-05T14:26:24","slug":"szary-wozek-uniwersalny-cloud","status":"publish","type":"product","link":"https:\/\/www.bojungle.eu\/pl\/produkt\/szary-wozek-uniwersalny-cloud\/","title":{"rendered":"Szary w\u00f3zek uniwersalny Cloud"},"content":{"rendered":"<p><strong>Odkryj uniwersalny w\u00f3zek Bo Jungle Suvvy Cloud Grey: nowa definicja komfortu i wszechstronno\u015bci<\/strong><\/p>\n<p>Do\u015bwiadcz uosobienia wygody i luksusu dzi\u0119ki ca\u0142kowicie nowemu w\u00f3zkowi Bo Jungle Suvvy All-in-One. Wykonany ze skrupulatn\u0105 dba\u0142o\u015bci\u0105 o szczeg\u00f3\u0142y, ten w\u00f3zek zosta\u0142 zaprojektowany, aby zaspokoi\u0107 potrzeby nowoczesnych rodzin poszukuj\u0105cych najwy\u017cszego komfortu i wszechstronno\u015bci dla swoich najm\u0142odszych. Zainspirowany s\u0142ynnym belgijskim stylem \u017cycia, Bo Jungle Suvvy \u0142\u0105czy funkcjonalno\u015b\u0107, styl i innowacyjne funkcje, aby stworzy\u0107 wyj\u0105tkowego towarzysza podr\u00f3\u017cy.  <\/p>\n<p><strong>Komfort w ka\u017cdych warunkach pogodowych<\/strong><\/p>\n<p>Z nieustannym naciskiem na zapewnienie dziecku komfortu, w\u00f3zek Bo Jungle Suvvy jest wyposa\u017cony w szereg funkcji, kt\u00f3re poradz\u0105 sobie w ka\u017cdych warunkach pogodowych. Jego ultralekka termiczna gondola zapewnia przytulne i bezpieczne \u015brodowisko, zapewniaj\u0105c Twojemu maluchowi przytulno\u015b\u0107 podczas ch\u0142odnych zimowych wycieczek. Odporne na warunki atmosferyczne tkaniny zapewniaj\u0105 optymaln\u0105 ochron\u0119 przed \u017cywio\u0142ami, pozwalaj\u0105c Twojemu dziecku cieszy\u0107 si\u0119 przygodami na \u015bwie\u017cym powietrzu, pozostaj\u0105c suchym i wygodnym. Wyjd\u017a pewnie, wiedz\u0105c, \u017ce Bo Jungle Suvvy ochroni Twoje dziecko, niezale\u017cnie od tego, czy pada deszcz, czy \u015bwieci s\u0142o\u0144ce.   <\/p>\n<p><strong>Luksusowy design i ergonomia<\/strong><\/p>\n<p>Wkrocz do \u015bwiata nowoczesnej elegancji z w\u00f3zkiem Bo Jungle Suvvy All-in-One. Jego wsp\u00f3\u0142czesna obudowa z \u0142atwo\u015bci\u0105 dope\u0142ni Tw\u00f3j styl, a przemy\u015blane wn\u0119trze zapewni Twojemu dziecku oaz\u0119 komfortu. Przestronne i mi\u0119kkie siedzenia zapewniaj\u0105 przytuln\u0105 jazd\u0119, dzi\u0119ki czemu ka\u017cda podr\u00f3\u017c b\u0119dzie przyjemno\u015bci\u0105. Starannie dobrane materia\u0142y nie tylko emanuj\u0105 wyrafinowaniem, ale s\u0105 r\u00f3wnie\u017c \u0142atwe w czyszczeniu, gwarantuj\u0105c bezproblemowe wra\u017cenia zapracowanym rodzicom.   <\/p>\n<p><strong>\u015awietna wydajno\u015b\u0107 dla aktywnych rodzin<\/strong><\/p>\n<p>Przygoda czeka, a Bo Jungle Suvvy jest gotowy, aby ci\u0119 tam zabra\u0107. Zaprojektowany z niezawodnym systemem amortyzacji na cztery ko\u0142a, w\u00f3zek ten bez wysi\u0142ku sunie po r\u00f3\u017cnych terenach, zapewniaj\u0105c dziecku p\u0142ynn\u0105 i stabiln\u0105 jazd\u0119. Innowacyjny system hamulcowy One-Click\u2122 zapewnia szybkie i bezpieczne zatrzymanie, zapewniaj\u0105c spok\u00f3j ducha podczas eskapad na \u015bwie\u017cym powietrzu. Wysoce zwrotna rama pozwala na \u0142atw\u0105 nawigacj\u0119, dzi\u0119ki czemu Bo Jungle Suvvy jest idealnym wyborem dla aktywnych rodzin, kt\u00f3re czerpi\u0105 rado\u015b\u0107 z eksploracji na \u015bwie\u017cym powietrzu.   <\/p>\n<p><strong>Luksusowy design i ergonomia<\/strong><\/p>\n<p>Rozumiemy, jak wa\u017cna jest wygoda w Twoim zabieganym trybie \u017cycia, dlatego w\u00f3zek Bo Jungle Suvvy All-in-One zosta\u0142 zaprojektowany, aby upro\u015bci\u0107 Twoje \u017cycie. Jego kompaktowe wymiary po z\u0142o\u017ceniu, mierz\u0105ce 61 cm x 81 cm x 42 cm, sprawiaj\u0105, \u017ce przechowywanie i transport s\u0105 dziecinnie proste. Dla jeszcze wi\u0119kszej wygody w\u00f3zek staje si\u0119 jeszcze bardziej kompaktowy po zdj\u0119ciu k\u00f3\u0142, zmniejszaj\u0105c wysoko\u015b\u0107 o 35 cm. Ciesz si\u0119 swobod\u0105 eksploracji bez k\u0142opot\u00f3w z niepor\u0119cznym sprz\u0119tem. Wybierz w\u00f3zek Bo Jungle Suvvy All-in-One i wyrusz w podr\u00f3\u017c pe\u0142n\u0105 komfortu, stylu i przygody. Wznie\u015b swoje spacery na nowy poziom i stw\u00f3rz z dzieckiem cenne wspomnienia. Do\u015bwiadcz uosobienia wszechstronno\u015bci i niezawodno\u015bci dzi\u0119ki Bo Jungle Suvvy &#8211; zaufanemu towarzyszowi ka\u017cdej przygody, od t\u0119tni\u0105cych \u017cyciem ulic miasta po trudne szlaki na \u015bwie\u017cym powietrzu.      <\/p>\n","protected":false},"excerpt":{"rendered":"<p>Odkryj uniwersalny w\u00f3zek Bo Jungle Suvvy Cloud Grey: nowa definicja komfortu i wszechstronno\u015bci<\/p>\n","protected":false},"featured_media":58011,"comment_status":"closed","ping_status":"closed","template":"","meta":{"_lmt_disableupdate":"","_lmt_disable":""},"product_brand":[],"product_cat":[629,647],"product_tag":[],"woo-feed-brand":[],"class_list":{"0":"post-40737","1":"product","2":"type-product","3":"status-publish","4":"has-post-thumbnail","6":"product_cat-na-zewnatrz","7":"product_cat-wozki-dzieciece","9":"first","10":"instock","11":"taxable","12":"shipping-taxable","13":"purchasable","14":"product-type-simple"},"_links":{"self":[{"href":"https:\/\/www.bojungle.eu\/pl\/wp-json\/wp\/v2\/product\/40737","targetHints":{"allow":["GET"]}}],"collection":[{"href":"https:\/\/www.bojungle.eu\/pl\/wp-json\/wp\/v2\/product"}],"about":[{"href":"https:\/\/www.bojungle.eu\/pl\/wp-json\/wp\/v2\/types\/product"}],"replies":[{"embeddable":true,"href":"https:\/\/www.bojungle.eu\/pl\/wp-json\/wp\/v2\/comments?post=40737"}],"version-history":[{"count":0,"href":"https:\/\/www.bojungle.eu\/pl\/wp-json\/wp\/v2\/product\/40737\/revisions"}],"wp:featuredmedia":[{"embeddable":true,"href":"https:\/\/www.bojungle.eu\/pl\/wp-json\/wp\/v2\/media\/58011"}],"wp:attachment":[{"href":"https:\/\/www.bojungle.eu\/pl\/wp-json\/wp\/v2\/media?parent=40737"}],"wp:term":[{"taxonomy":"product_brand","embeddable":true,"href":"https:\/\/www.bojungle.eu\/pl\/wp-json\/wp\/v2\/product_brand?post=40737"},{"taxonomy":"product_cat","embeddable":true,"href":"https:\/\/www.bojungle.eu\/pl\/wp-json\/wp\/v2\/product_cat?post=40737"},{"taxonomy":"product_tag","embeddable":true,"href":"https:\/\/www.bojungle.eu\/pl\/wp-json\/wp\/v2\/product_tag?post=40737"},{"taxonomy":"woo-feed-brand","embeddable":true,"href":"https:\/\/www.bojungle.eu\/pl\/wp-json\/wp\/v2\/woo-feed-brand?post=40737"}],"curies":[{"name":"wp","href":"https:\/\/api.w.org\/{rel}","templated":true}]}}