{"id":40801,"date":"2022-05-29T11:53:16","date_gmt":"2022-05-29T09:53:16","guid":{"rendered":"https:\/\/dev.authority.biz\/boj\/product\/b-suction-bowl-silicone-spoon-grey\/"},"modified":"2025-03-26T14:57:14","modified_gmt":"2025-03-26T13:57:14","slug":"b-suction-bowl-silicone-spoon-grey-2","status":"publish","type":"product","link":"https:\/\/www.bojungle.eu\/pl\/produkt\/b-suction-bowl-silicone-spoon-grey-2\/","title":{"rendered":"B-Suction Bowl Silicone &amp; Spoon Grey"},"content":{"rendered":"<p>Posi\u0142ki sta\u0142y si\u0119 \u0142atwiejsze i przyjemniejsze dzi\u0119ki silikonowej misce z przyssawk\u0105 i zestawowi \u0142y\u017cek! Zaprojektowany, aby pom\u00f3c dziecku w nauce samodzielnego jedzenia, ten inteligentny zestaw pozwala skupi\u0107 si\u0119 na jedzeniu, a nie na ba\u0142aganie. Mocna podstawa z przyssawk\u0105 zapewnia, \u017ce miska pozostaje bezpiecznie na miejscu, zapobiegaj\u0105c rozlaniu i okazjonalnemu incydentowi \u201elataj\u0105cej miski\u201d. Wykonany z wysokiej jako\u015bci, wytrzyma\u0142ego silikonu, ten zestaw jest zbudowany tak, aby przetrwa\u0107 niezliczone przygody podczas posi\u0142k\u00f3w. Jest odporny na p\u0119kanie, poch\u0142anianie zapach\u00f3w i przenoszenie smak\u00f3w, dzi\u0119ki czemu jest bezpiecznym i higienicznym wyborem dla Twojego malucha. Dopasowana ergonomiczna \u0142y\u017ceczka jest idealnie dopasowana do ma\u0142ych r\u0105czek, zach\u0119caj\u0105c do samodzielnego karmienia. Dzi\u0119ki zabawnemu, ale eleganckiemu wzornictwu, zestaw B-Suction Bowl &amp; Spoon Set jest tak samo zachwycaj\u0105cy, jak praktyczny w u\u017cyciu, dzi\u0119ki czemu jest niezb\u0119dny dla ka\u017cdej rodziny. Odpowiedni dla niemowl\u0105t i ma\u0142ych dzieci, to idealny spos\u00f3b na przekszta\u0142cenie posi\u0142k\u00f3w w bezstresow\u0105 nauk\u0119.  <\/p>\n<p><strong>Kluczowe cechy:<\/strong><\/p>\n<ul>\n<li><strong>Mocna podstawa ss\u0105ca: <\/strong>Utrzymuje misk\u0119 na miejscu, zapewniaj\u0105c posi\u0142ki bez ba\u0142aganu.<\/li>\n<li><strong>Trwa\u0142y silikon: <\/strong>Odporny na uszkodzenia i \u0142atwy w czyszczeniu, nie poch\u0142ania zapach\u00f3w ani smak\u00f3w.<\/li>\n<li><strong>Konstrukcja przyjazna dzieciom:<\/strong> Zawiera \u0142y\u017ceczk\u0119 dostosowan\u0105 do ma\u0142ych r\u0105czek i samodzielnego jedzenia.<\/li>\n<li><strong>Atrakcyjny wygl\u0105d:<\/strong> Jasny i nowoczesny design, kt\u00f3ry spodoba si\u0119 zar\u00f3wno dzieciom, jak i rodzicom.<\/li>\n<\/ul>\n<p>Spraw, by posi\u0142ki by\u0142y p\u0142ynne, stylowe i przyjemne dzi\u0119ki zestawowi silikonowej miski i \u0142y\u017cki z przyssawk\u0105!<\/p>\n","protected":false},"excerpt":{"rendered":"<p>Miseczka i \u0142y\u017ceczka z przyssawk\u0105 sprawi\u0105, \u017ce posi\u0142ki b\u0119d\u0105 bezstresowe! Mocna podstawa ss\u0105ca utrzymuje misk\u0119 na miejscu, a ergonomiczna \u0142y\u017cka pomaga maluchowi nauczy\u0107 si\u0119 samodzielnego jedzenia. Wykonany z trwa\u0142ego, bezzapachowego silikonu zestaw jest odporny na uszkodzenia, \u0142atwy do czyszczenia i stylowo zaprojektowany zar\u00f3wno dla dzieci, jak i rodzic\u00f3w. Idealny do radosnych posi\u0142k\u00f3w bez ba\u0142aganu!   <\/p>\n","protected":false},"featured_media":69925,"comment_status":"closed","ping_status":"closed","template":"","meta":{"_lmt_disableupdate":"","_lmt_disable":""},"product_brand":[],"product_cat":[567,443,441],"product_tag":[],"woo-feed-brand":[],"class_list":{"0":"post-40801","1":"product","2":"type-product","3":"status-publish","4":"has-post-thumbnail","6":"product_cat-czas-na-kolacje","7":"product_cat-gama-silikonow","8":"product_cat-zywnosc-i-napoje","10":"first","11":"instock","12":"taxable","13":"shipping-taxable","14":"purchasable","15":"product-type-simple"},"_links":{"self":[{"href":"https:\/\/www.bojungle.eu\/pl\/wp-json\/wp\/v2\/product\/40801","targetHints":{"allow":["GET"]}}],"collection":[{"href":"https:\/\/www.bojungle.eu\/pl\/wp-json\/wp\/v2\/product"}],"about":[{"href":"https:\/\/www.bojungle.eu\/pl\/wp-json\/wp\/v2\/types\/product"}],"replies":[{"embeddable":true,"href":"https:\/\/www.bojungle.eu\/pl\/wp-json\/wp\/v2\/comments?post=40801"}],"version-history":[{"count":1,"href":"https:\/\/www.bojungle.eu\/pl\/wp-json\/wp\/v2\/product\/40801\/revisions"}],"predecessor-version":[{"id":78465,"href":"https:\/\/www.bojungle.eu\/pl\/wp-json\/wp\/v2\/product\/40801\/revisions\/78465"}],"wp:featuredmedia":[{"embeddable":true,"href":"https:\/\/www.bojungle.eu\/pl\/wp-json\/wp\/v2\/media\/69925"}],"wp:attachment":[{"href":"https:\/\/www.bojungle.eu\/pl\/wp-json\/wp\/v2\/media?parent=40801"}],"wp:term":[{"taxonomy":"product_brand","embeddable":true,"href":"https:\/\/www.bojungle.eu\/pl\/wp-json\/wp\/v2\/product_brand?post=40801"},{"taxonomy":"product_cat","embeddable":true,"href":"https:\/\/www.bojungle.eu\/pl\/wp-json\/wp\/v2\/product_cat?post=40801"},{"taxonomy":"product_tag","embeddable":true,"href":"https:\/\/www.bojungle.eu\/pl\/wp-json\/wp\/v2\/product_tag?post=40801"},{"taxonomy":"woo-feed-brand","embeddable":true,"href":"https:\/\/www.bojungle.eu\/pl\/wp-json\/wp\/v2\/woo-feed-brand?post=40801"}],"curies":[{"name":"wp","href":"https:\/\/api.w.org\/{rel}","templated":true}]}}