{"id":40833,"date":"2022-05-29T11:53:16","date_gmt":"2022-05-29T09:53:16","guid":{"rendered":"https:\/\/dev.authority.biz\/boj\/product\/b-suction-plate-bear-pink\/"},"modified":"2025-08-11T16:48:25","modified_gmt":"2025-08-11T14:48:25","slug":"b-suction-plate-bear-pink-2","status":"publish","type":"product","link":"https:\/\/www.bojungle.eu\/pl\/produkt\/b-suction-plate-bear-pink-2\/","title":{"rendered":"B-Suction plate Bear Pink"},"content":{"rendered":"<p data-start=\"84\" data-end=\"132\">Koniec z ba\u0142aganem podczas posi\u0142k\u00f3w dzi\u0119ki talerzowi z przyssawk\u0105 Bear. Przyczepia si\u0119 do sto\u0142u, wi\u0119c dziecko nie mo\u017ce go rzuci\u0107 na pod\u0142og\u0119. Posiada mocn\u0105 przyssawk\u0119, kt\u00f3ra utrzymuje talerz na miejscu podczas jedzenia.  <\/p>\n<p data-start=\"311\" data-end=\"446\">Wykonany z mi\u0119kkiego, bezpiecznego silikonu, jest delikatny dla niemowl\u0105t i \u0142atwy do czyszczenia dla rodzic\u00f3w. Urocze uszka misia sprawiaj\u0105, \u017ce posi\u0142ki staj\u0105 si\u0119 jeszcze przyjemniejsze! <\/p>\n<ul>\n<li data-start=\"448\" data-end=\"643\">Trzyma si\u0119 mocno dzi\u0119ki silnej przyczepno\u015bci<\/li>\n<li data-start=\"448\" data-end=\"643\">Mo\u017cna u\u017cywa\u0107 w kuchence mikrofalowej i piekarniku (do 220\u00b0C)<\/li>\n<li data-start=\"448\" data-end=\"643\">\u0141atwe czyszczenie \u2013 wystarczy w\u0142o\u017cy\u0107 do zmywarki<\/li>\n<li data-start=\"448\" data-end=\"643\">Wykonane z silikonu<\/li>\n<\/ul>\n<p data-start=\"645\" data-end=\"716\">Idealne do codziennych posi\u0142k\u00f3w i dla ma\u0142ych r\u0105czek ucz\u0105cych si\u0119 samodzielnego jedzenia.<\/p>\n","protected":false},"excerpt":{"rendered":"<p>P\u0142ytka z przyssawk\u0105 Bear to urocza i praktyczna silikonowa p\u0142ytka z siln\u0105 przyssawk\u0105, kt\u00f3ra zapobiega rozlewaniu. Mo\u017cna j\u0105 u\u017cywa\u0107 w kuchence mikrofalowej, piekarniku (do 220\u00b0C) i my\u0107 w zmywarce. <\/p>\n","protected":false},"featured_media":72473,"comment_status":"closed","ping_status":"closed","template":"","meta":{"_lmt_disableupdate":"","_lmt_disable":""},"product_brand":[],"product_cat":[567,443,441],"product_tag":[],"woo-feed-brand":[],"class_list":{"0":"post-40833","1":"product","2":"type-product","3":"status-publish","4":"has-post-thumbnail","6":"product_cat-czas-na-kolacje","7":"product_cat-gama-silikonow","8":"product_cat-zywnosc-i-napoje","10":"first","11":"instock","12":"taxable","13":"shipping-taxable","14":"purchasable","15":"product-type-simple"},"_links":{"self":[{"href":"https:\/\/www.bojungle.eu\/pl\/wp-json\/wp\/v2\/product\/40833","targetHints":{"allow":["GET"]}}],"collection":[{"href":"https:\/\/www.bojungle.eu\/pl\/wp-json\/wp\/v2\/product"}],"about":[{"href":"https:\/\/www.bojungle.eu\/pl\/wp-json\/wp\/v2\/types\/product"}],"replies":[{"embeddable":true,"href":"https:\/\/www.bojungle.eu\/pl\/wp-json\/wp\/v2\/comments?post=40833"}],"version-history":[{"count":1,"href":"https:\/\/www.bojungle.eu\/pl\/wp-json\/wp\/v2\/product\/40833\/revisions"}],"predecessor-version":[{"id":80943,"href":"https:\/\/www.bojungle.eu\/pl\/wp-json\/wp\/v2\/product\/40833\/revisions\/80943"}],"wp:featuredmedia":[{"embeddable":true,"href":"https:\/\/www.bojungle.eu\/pl\/wp-json\/wp\/v2\/media\/72473"}],"wp:attachment":[{"href":"https:\/\/www.bojungle.eu\/pl\/wp-json\/wp\/v2\/media?parent=40833"}],"wp:term":[{"taxonomy":"product_brand","embeddable":true,"href":"https:\/\/www.bojungle.eu\/pl\/wp-json\/wp\/v2\/product_brand?post=40833"},{"taxonomy":"product_cat","embeddable":true,"href":"https:\/\/www.bojungle.eu\/pl\/wp-json\/wp\/v2\/product_cat?post=40833"},{"taxonomy":"product_tag","embeddable":true,"href":"https:\/\/www.bojungle.eu\/pl\/wp-json\/wp\/v2\/product_tag?post=40833"},{"taxonomy":"woo-feed-brand","embeddable":true,"href":"https:\/\/www.bojungle.eu\/pl\/wp-json\/wp\/v2\/woo-feed-brand?post=40833"}],"curies":[{"name":"wp","href":"https:\/\/api.w.org\/{rel}","templated":true}]}}