{"id":40844,"date":"2022-05-29T11:52:36","date_gmt":"2022-05-29T09:52:36","guid":{"rendered":"https:\/\/dev.authority.biz\/boj\/product\/b-strolly-grey-silver-moon-stelaz-modul-siedziska-adaptery-do-fotelikow-samochodowych-ochrona-przed-deszczem-kolyska\/"},"modified":"2022-05-29T11:52:36","modified_gmt":"2022-05-29T11:52:36","slug":"b-strolly-grey-silver-moon-frame-seat-unit-car-seat-adapters-rain-protection-cradle-2","status":"publish","type":"product","link":"https:\/\/www.bojungle.eu\/pl\/produkt\/b-strolly-grey-silver-moon-frame-seat-unit-car-seat-adapters-rain-protection-cradle-2\/","title":{"rendered":"B-Strolly Grey Silver Moon (stela\u017c + modu\u0142 siedziska + adaptery do fotelik\u00f3w samochodowych + ochrona przed deszczem + ko\u0142yska)"},"content":{"rendered":"<ul>\n<li>Poznaj Bo Jungle Strolly, kt\u00f3ry oferuje zabezpieczenia i funkcje zdrowotne dla Twojego dziecka, kt\u00f3re s\u0105 dost\u0119pne we wszystkich w\u00f3zkach dzieci\u0119cych Bo Jungle. B-Strolly jest odpowiedni dla ka\u017cdego. Ciesz si\u0119 jego prostot\u0105 i jako\u015bci\u0105.<\/li>\n<li>W prostocie tkwi genialno\u015b\u0107 &#8211; B-Strolly posiada wi\u0119kszo\u015b\u0107 cech w\u00f3zk\u00f3w dzieci\u0119cych najwy\u017cszej klasy, dzi\u0119ki czemu jest wygodny i komfortowy w codziennych podr\u00f3\u017cach w mie\u015bcie i na \u0142onie natury. Podwozie z ko\u0142ami z pianki EVA pozwoli cieszy\u0107 si\u0119 jazd\u0105 po atrakcyjnych \u015bcie\u017ckach w lesie lub parku. Ponadto specjalne hafty i elementy konstrukcyjne odbijaj\u0105ce \u015bwiat\u0142o sprawiaj\u0105, \u017ce w\u00f3zek jest wyj\u0105tkowy i widoczny o ka\u017cdej porze dnia. Mi\u0119kki materac z p\u0142atk\u00f3w kokosowych i dodatkowa ochrona ko\u0142yski przed wiatrem stworzy bezpieczne i komfortowe \u015brodowisko dla Twojego dziecka.<\/li>\n<li>Wymiary (po z\u0142o\u017ceniu): 61 cm x 81 cm<\/li>\n<\/ul>\n","protected":false},"excerpt":{"rendered":"<p>W prostocie jest genialno\u015b\u0107<\/p>\n","protected":false},"featured_media":57448,"comment_status":"closed","ping_status":"closed","template":"","meta":{"_lmt_disableupdate":"","_lmt_disable":""},"product_brand":[],"product_cat":[629,1344,647],"product_tag":[],"woo-feed-brand":[],"class_list":{"0":"post-40844","1":"product","2":"type-product","3":"status-publish","4":"has-post-thumbnail","6":"product_cat-na-zewnatrz","7":"product_cat-sprzedaz-pl","8":"product_cat-wozki-dzieciece","10":"first","11":"instock","12":"sale","13":"taxable","14":"shipping-taxable","15":"purchasable","16":"product-type-simple"},"_links":{"self":[{"href":"https:\/\/www.bojungle.eu\/pl\/wp-json\/wp\/v2\/product\/40844","targetHints":{"allow":["GET"]}}],"collection":[{"href":"https:\/\/www.bojungle.eu\/pl\/wp-json\/wp\/v2\/product"}],"about":[{"href":"https:\/\/www.bojungle.eu\/pl\/wp-json\/wp\/v2\/types\/product"}],"replies":[{"embeddable":true,"href":"https:\/\/www.bojungle.eu\/pl\/wp-json\/wp\/v2\/comments?post=40844"}],"version-history":[{"count":0,"href":"https:\/\/www.bojungle.eu\/pl\/wp-json\/wp\/v2\/product\/40844\/revisions"}],"wp:featuredmedia":[{"embeddable":true,"href":"https:\/\/www.bojungle.eu\/pl\/wp-json\/wp\/v2\/media\/57448"}],"wp:attachment":[{"href":"https:\/\/www.bojungle.eu\/pl\/wp-json\/wp\/v2\/media?parent=40844"}],"wp:term":[{"taxonomy":"product_brand","embeddable":true,"href":"https:\/\/www.bojungle.eu\/pl\/wp-json\/wp\/v2\/product_brand?post=40844"},{"taxonomy":"product_cat","embeddable":true,"href":"https:\/\/www.bojungle.eu\/pl\/wp-json\/wp\/v2\/product_cat?post=40844"},{"taxonomy":"product_tag","embeddable":true,"href":"https:\/\/www.bojungle.eu\/pl\/wp-json\/wp\/v2\/product_tag?post=40844"},{"taxonomy":"woo-feed-brand","embeddable":true,"href":"https:\/\/www.bojungle.eu\/pl\/wp-json\/wp\/v2\/woo-feed-brand?post=40844"}],"curies":[{"name":"wp","href":"https:\/\/api.w.org\/{rel}","templated":true}]}}